{"id":5817,"date":"2022-11-08T19:39:11","date_gmt":"2022-11-08T17:39:11","guid":{"rendered":"https:\/\/refcheckpoint.gr\/main\/"},"modified":"2023-01-24T13:36:56","modified_gmt":"2023-01-24T11:36:56","slug":"main","status":"publish","type":"page","link":"https:\/\/refcheckpoint.gr\/es\/","title":{"rendered":"Main"},"content":{"rendered":"\n<h2 class=\"wp-block-heading\">Centro de Prevenci\u00f3n y de Examen para Refugiados y Migrantes<\/h2>\n\n\n\n<h3 class=\"wp-block-heading\">Pruebas r\u00e1pidas, an\u00f3nimas y gratuitas para el VIH y la hepatitis B y C en su idioma.<\/h3>\n\n\n\n<p>Aqu\u00ed usted puede ser examinado\/a mediante una gota de sangre del dedo, de forma r\u00e1pida, confidencial y gratuita af\u00edn de detectar el VIH y la hepatitis B y C y discutir con nosotros sobre la educaci\u00f3n sexual y los temas de salud. Estamos aqu\u00ed para ayudarlo\/la a sentirse seguro\/a y para que usted adquiera conocimientos sobre su salud sexual, sin hacerle comentarios. <\/p>\n\n\n\n<p><strong>Direcci\u00f3n:<\/strong> <a href=\"https:\/\/www.google.gr\/maps\/place\/Michail+Voda+200,+Athina+104+46\/@38.0034514,23.7246628,17z\/data=!3m1!4b1!4m6!3m5!1s0x14a1a2daa93734fd:0x3121197569bcda97!8m2!3d38.0034514!4d23.7268515!16s%2Fg%2F11c2dn5gk9?hl=en\">Michail Voda 200, 104 46, Athens<\/a><\/p>\n","protected":false},"excerpt":{"rendered":"<p>Centro de Prevenci\u00f3n y de Examen para Refugiados y Migrantes Pruebas r\u00e1pidas, an\u00f3nimas y gratuitas para el VIH y la hepatitis B y C en su idioma. Aqu\u00ed usted puede ser examinado\/a mediante una gota de sangre del dedo, de forma r\u00e1pida, confidencial y gratuita af\u00edn de detectar el VIH y la hepatitis B y C y discutir con nosotros &#8230;<\/p>\n","protected":false},"author":1,"featured_media":0,"parent":0,"menu_order":0,"comment_status":"closed","ping_status":"closed","template":"","meta":{"footnotes":""},"class_list":["post-5817","page","type-page","status-publish","hentry","no-post-thumbnail"],"_links":{"self":[{"href":"https:\/\/refcheckpoint.gr\/es\/wp-json\/wp\/v2\/pages\/5817","targetHints":{"allow":["GET"]}}],"collection":[{"href":"https:\/\/refcheckpoint.gr\/es\/wp-json\/wp\/v2\/pages"}],"about":[{"href":"https:\/\/refcheckpoint.gr\/es\/wp-json\/wp\/v2\/types\/page"}],"author":[{"embeddable":true,"href":"https:\/\/refcheckpoint.gr\/es\/wp-json\/wp\/v2\/users\/1"}],"replies":[{"embeddable":true,"href":"https:\/\/refcheckpoint.gr\/es\/wp-json\/wp\/v2\/comments?post=5817"}],"version-history":[{"count":0,"href":"https:\/\/refcheckpoint.gr\/es\/wp-json\/wp\/v2\/pages\/5817\/revisions"}],"wp:attachment":[{"href":"https:\/\/refcheckpoint.gr\/es\/wp-json\/wp\/v2\/media?parent=5817"}],"curies":[{"name":"wp","href":"https:\/\/api.w.org\/{rel}","templated":true}]}}