{"id":5799,"date":"2022-11-08T19:39:11","date_gmt":"2022-11-08T17:39:11","guid":{"rendered":"https:\/\/refcheckpoint.gr\/main\/"},"modified":"2023-01-24T13:35:07","modified_gmt":"2023-01-24T11:35:07","slug":"main","status":"publish","type":"page","link":"https:\/\/refcheckpoint.gr\/fr\/","title":{"rendered":"Main"},"content":{"rendered":"\n<h2 class=\"wp-block-heading\">Centre de Pr\u00e9vention et d\u2019Examens pour Refugi\u00e9(e)s et Immigrant(e)s<\/h2>\n\n\n\n<h3 class=\"wp-block-heading\">Test rapide, anonyme et gratuit pour le VIH et l&rsquo;h\u00e9patite B et C dans votre langue.<\/h3>\n\n\n\n<p>Ici, vous pouvez vous faire tester avec une goutte de sang de votre doigt, rapidement, confidentiellement et gratuitement, pour le VIH et l\u2019h\u00e9patite B et C et discuter avec nous tout sujet relatif \u00e0 l\u2019\u00e9ducation sexuelle et \u00e0 la sant\u00e9. Nous sommes l\u00e0 pour vous aider \u00e0 vous sentir en confiance et \u00e0 acqu\u00e9rir des connaissances sur votre sant\u00e9 sexuelle, sans aucun jugement. <\/p>\n\n\n\n<p><strong>Adresse:<\/strong> <a href=\"https:\/\/www.google.gr\/maps\/place\/Michail+Voda+200,+Athina+104+46\/@38.0034514,23.7246628,17z\/data=!3m1!4b1!4m6!3m5!1s0x14a1a2daa93734fd:0x3121197569bcda97!8m2!3d38.0034514!4d23.7268515!16s%2Fg%2F11c2dn5gk9?hl=en\">Michail Voda 200, 104 46, Athens<\/a><\/p>\n","protected":false},"excerpt":{"rendered":"<p>Centre de Pr\u00e9vention et d\u2019Examens pour Refugi\u00e9(e)s et Immigrant(e)s Test rapide, anonyme et gratuit pour le VIH et l&rsquo;h\u00e9patite B et C dans votre langue. Ici, vous pouvez vous faire tester avec une goutte de sang de votre doigt, rapidement, confidentiellement et gratuitement, pour le VIH et l\u2019h\u00e9patite B et C et discuter avec nous tout sujet relatif \u00e0 l\u2019\u00e9ducation &#8230;<\/p>\n","protected":false},"author":1,"featured_media":0,"parent":0,"menu_order":0,"comment_status":"closed","ping_status":"closed","template":"","meta":{"footnotes":""},"class_list":["post-5799","page","type-page","status-publish","hentry","no-post-thumbnail"],"_links":{"self":[{"href":"https:\/\/refcheckpoint.gr\/fr\/wp-json\/wp\/v2\/pages\/5799","targetHints":{"allow":["GET"]}}],"collection":[{"href":"https:\/\/refcheckpoint.gr\/fr\/wp-json\/wp\/v2\/pages"}],"about":[{"href":"https:\/\/refcheckpoint.gr\/fr\/wp-json\/wp\/v2\/types\/page"}],"author":[{"embeddable":true,"href":"https:\/\/refcheckpoint.gr\/fr\/wp-json\/wp\/v2\/users\/1"}],"replies":[{"embeddable":true,"href":"https:\/\/refcheckpoint.gr\/fr\/wp-json\/wp\/v2\/comments?post=5799"}],"version-history":[{"count":0,"href":"https:\/\/refcheckpoint.gr\/fr\/wp-json\/wp\/v2\/pages\/5799\/revisions"}],"wp:attachment":[{"href":"https:\/\/refcheckpoint.gr\/fr\/wp-json\/wp\/v2\/media?parent=5799"}],"curies":[{"name":"wp","href":"https:\/\/api.w.org\/{rel}","templated":true}]}}