{"id":6101,"date":"2023-04-05T14:35:53","date_gmt":"2023-04-05T11:35:53","guid":{"rendered":"https:\/\/refcheckpoint.gr\/about-hiv\/"},"modified":"2023-04-07T10:03:34","modified_gmt":"2023-04-07T07:03:34","slug":"about-hiv","status":"publish","type":"page","link":"https:\/\/refcheckpoint.gr\/fr\/about-hiv\/","title":{"rendered":"\u00c0 propos du VIH"},"content":{"rendered":"\n<p><strong>Qu&rsquo;est-ce que le VIH?<br><\/strong>VIH signifie <strong>virus d&rsquo;immunod\u00e9ficience humaine.<\/strong> \u00ab Immunod\u00e9ficience \u00bb fait r\u00e9f\u00e9rence \u00e0 l&rsquo;affaiblissement du syst\u00e8me immunitaire par le virus.<br>Le VIH se transmet entre humains depuis de nombreuses d\u00e9cennies, mais n&rsquo;a \u00e9t\u00e9 identifi\u00e9 qu&rsquo;au d\u00e9but des ann\u00e9es 1980.<\/p>\n\n\n\n<p><strong>Qu&rsquo;est-ce que le SIDA?<br><\/strong>SIDA signifie <strong>Syndrome d&rsquo;immunod\u00e9ficience acquise<\/strong>. Il s&rsquo;agit d&rsquo;un ensemble de maladies (\u00ab syndrome \u00bb) caus\u00e9es par un virus que les gens contractent (\u00ab acqui\u00e8rent \u00bb) et qui affaiblit leur syst\u00e8me immunitaire (\u00ab d\u00e9ficience immunitaire \u00bb).<br>Vous ne pouvez pas obtenir un diagnostic du SIDA \u00e0 moins que vous ne soyez d\u00e9j\u00e0 s\u00e9ropositif.<\/p>\n\n\n\n<p><strong>Sida ou VIH \u00e0 un stade avanc\u00e9?<br><\/strong>Dans les ann\u00e9es 1980 et au d\u00e9but des ann\u00e9es 1990, la plupart des gens atteints du VIH se sont vus finalement diagnostiquer le SIDA.<\/p>\n\n\n\n<p>Aujourd&rsquo;hui, gr\u00e2ce au traitement antir\u00e9troviral moderne, tr\u00e8s peu de gens en Gr\u00e8ce et presque dans le monde entier d\u00e9veloppent des maladies graves li\u00e9es au VIH. Le terme SIDA n&rsquo;est plus beaucoup utilis\u00e9 par les m\u00e9decins. Au lieu de cela, ils parlent du VIH \u00e0 un stade avanc\u00e9 ou au dernier stade.<\/p>\n\n\n\n<p><strong>VIH non trait\u00e9 et transmission<br><\/strong>Si elle n&rsquo;est pas trait\u00e9e, l&rsquo;infection par le VIH passe par une s\u00e9rie d&rsquo;\u00e9tapes : de la s\u00e9roconversion pseudo-grippale aux infections associ\u00e9es au stade symptomatique, menant au stade avanc\u00e9 du VIH ou du SIDA.<\/p>\n\n\n\n<p>Si une personne s\u00e9ropositive a une charge virale d\u00e9tectable, elle peut transmettre le VIH par le sang, le sperme, les s\u00e9cr\u00e9tions vaginales, le mucus anal et le lait maternel.<br>Le VIH ne se transmet pas par les crachats, les \u00e9ternuements ou la toux, ni par les baisers ou les contacts sociaux en g\u00e9n\u00e9ral.<br>Le virus du VIH ne peut pas survivre tr\u00e8s longtemps une fois qu&rsquo;il est hors du corps humain.<\/p>\n","protected":false},"excerpt":{"rendered":"<p>Qu&rsquo;est-ce que le VIH?VIH signifie virus d&rsquo;immunod\u00e9ficience humaine. \u00ab Immunod\u00e9ficience \u00bb fait r\u00e9f\u00e9rence \u00e0 l&rsquo;affaiblissement du syst\u00e8me immunitaire par le virus.Le VIH se transmet entre humains depuis de nombreuses d\u00e9cennies, mais n&rsquo;a \u00e9t\u00e9 identifi\u00e9 qu&rsquo;au d\u00e9but des ann\u00e9es 1980. Qu&rsquo;est-ce que le SIDA?SIDA signifie Syndrome d&rsquo;immunod\u00e9ficience acquise. Il s&rsquo;agit d&rsquo;un ensemble de maladies (\u00ab syndrome \u00bb) caus\u00e9es par un virus &#8230;<\/p>\n","protected":false},"author":6,"featured_media":0,"parent":0,"menu_order":0,"comment_status":"closed","ping_status":"closed","template":"","meta":{"footnotes":""},"class_list":["post-6101","page","type-page","status-publish","hentry","no-post-thumbnail"],"_links":{"self":[{"href":"https:\/\/refcheckpoint.gr\/fr\/wp-json\/wp\/v2\/pages\/6101","targetHints":{"allow":["GET"]}}],"collection":[{"href":"https:\/\/refcheckpoint.gr\/fr\/wp-json\/wp\/v2\/pages"}],"about":[{"href":"https:\/\/refcheckpoint.gr\/fr\/wp-json\/wp\/v2\/types\/page"}],"author":[{"embeddable":true,"href":"https:\/\/refcheckpoint.gr\/fr\/wp-json\/wp\/v2\/users\/6"}],"replies":[{"embeddable":true,"href":"https:\/\/refcheckpoint.gr\/fr\/wp-json\/wp\/v2\/comments?post=6101"}],"version-history":[{"count":0,"href":"https:\/\/refcheckpoint.gr\/fr\/wp-json\/wp\/v2\/pages\/6101\/revisions"}],"wp:attachment":[{"href":"https:\/\/refcheckpoint.gr\/fr\/wp-json\/wp\/v2\/media?parent=6101"}],"curies":[{"name":"wp","href":"https:\/\/api.w.org\/{rel}","templated":true}]}}