{"id":6109,"date":"2023-04-05T14:45:20","date_gmt":"2023-04-05T11:45:20","guid":{"rendered":"https:\/\/refcheckpoint.gr\/how-hiv-is-transmitted\/"},"modified":"2023-04-07T10:08:46","modified_gmt":"2023-04-07T07:08:46","slug":"how-hiv-is-transmitted","status":"publish","type":"page","link":"https:\/\/refcheckpoint.gr\/fr\/how-hiv-is-transmitted\/","title":{"rendered":"Comment le VIH se transmet?"},"content":{"rendered":"\n<p>Le VIH se transmet par le sang, sperme, s\u00e9cr\u00e9tions vaginales, mucus anal et lait maternel, si la personne s\u00e9ropositive a une charge virale d\u00e9tectable. Il ne se transmet pas par les crachats, \u00e9ternuements, toux, transpiration ou par l&rsquo;urine.<\/p>\n\n\n\n<p><strong>Comment le VIH se transmet-il?<br><\/strong>Si une personne s\u00e9ropositive a une charge virale d\u00e9tectable, elle peut transmettre le VIH par les fluides corporels suivants :<br>&#8211; sang<br>&#8211; sperme (y compris le liquide pr\u00e9-\u00e9jaculatoire)<br>&#8211; liquide vaginal<br>&#8211; mucus anal<br>&#8211; lait maternel.<\/p>\n\n\n\n<p><strong>Les gens peuvent contracter le VIH par:<br><\/strong>&#8211; les rapports sexuels vaginaux\/frontaux et anaux sans pr\u00e9servatif<br>&#8211; le partage de mat\u00e9riel d&rsquo;injection de drogue<br>&#8211; le partage de jouets sexuels<br>&#8211; la transmission m\u00e8re-enfant pendant la grossesse<br>&#8211; le contact avec du sang contamin\u00e9.<br>La plupart des activit\u00e9s ne pr\u00e9sentent aucun risque de contracter ni de transmettre le VIH.<\/p>\n\n\n\n<p><strong>Le VIH ne peut pas \u00eatre transmis par:<br><\/strong>&#8211; les baisers<br>&#8211; les \u00e9treintes<br>&#8211; le serrage des mains<br>&#8211; le partage de l&rsquo;espace avec quelqu&rsquo;un<br>&#8211; le partage des toilettes<br>&#8211; le partage d\u2019articles m\u00e9nagers tels que des tasses, assiettes, couverts ou linge de lit<br>&#8211; tout autre contact social g\u00e9n\u00e9ral.<\/p>\n\n\n\n<p><strong>Combien de temps le virus du VIH peut-il survivre en dehors du corps?<br><\/strong>Une fois hors du corps, le virus du VIH ne peut g\u00e9n\u00e9ralement pas survivre tr\u00e8s longtemps. Toucher du sang ou du sperme qui a \u00e9t\u00e9 \u00e0 l&rsquo;ext\u00e9rieur du corps ne pr\u00e9sente g\u00e9n\u00e9ralement pas de risque de transmission du VIH.<br>De m\u00eame, le risque de transmettre le VIH \u00e0 quelqu&rsquo;un d&rsquo;autre si vous avez une charge virale d\u00e9tectable et que vous vous blessez est \u00e9galement tr\u00e8s faible. Laver tout sang avec du savon et de l&rsquo;eau chaude et couvrir la plaie avec un pansement.<\/p>\n\n\n\n<p><strong>Comment contracte-t-on le VIH \u00e0 partir du sperme ou des s\u00e9cr\u00e9tions vaginales?<br><\/strong>Les fluides corporels, notamment le sperme et les s\u00e9cr\u00e9tions vaginales, peuvent contenir du VIH. Si une personne a le VIH et une charge virale d\u00e9tectable, le VIH peut \u00eatre transmis \u00e0 quelqu&rsquo;un si son sperme ou ses s\u00e9cr\u00e9tions vaginales p\u00e9n\u00e8trent dans le corps d&rsquo;un partenaire sexuel lors de rapports sexuels vaginaux ou anaux.<br><strong>Si un homme a le VIH et une charge virale d\u00e9tectable<\/strong>, l&rsquo;un de ses fluides corporels o\u00f9 se trouve le virus est son sperme.<br>S&rsquo;il a une charge virale d\u00e9tectable et que son sperme p\u00e9n\u00e8tre dans le corps de son partenaire sexuel pendant les rapports sexuels, alors le VIH peut s&rsquo;infiltrer dans la circulation sanguine de ce dernier.<br>Le liquide pr\u00e9-\u00e9jaculatoire contient \u00e9galement du VIH (c&rsquo;est pourquoi il existe un risque d&rsquo;infection m\u00eame si un homme se retire de sa\/son partenaire avant d&rsquo;\u00e9jaculer).<br><strong>Si une femme a le VIH et qu&rsquo;elle a une charge virale d\u00e9tectable<\/strong>, l&rsquo;un de ses fluides corporels o\u00f9 se trouve le virus est constitu\u00e9 par ses s\u00e9cr\u00e9tions vaginales.<br>Si celles-ci entrent en contact avec un p\u00e9nis pendant les rapports sexuels, le VIH pourrait \u00eatre transmis. Le virus contenu dans ses s\u00e9cr\u00e9tions peut p\u00e9n\u00e9trer par la peau d\u00e9licate du p\u00e9nis ou du pr\u00e9puce.<\/p>\n\n\n\n<p><strong>Les pr\u00e9servatifs emp\u00eachent-ils la transmission du VIH?<br><\/strong>Oui. L&rsquo;utilisation correcte d&rsquo;un pr\u00e9servatif emp\u00eache le contact avec le sperme ou les s\u00e9cr\u00e9tions vaginales (et le sang), faisant ainsi obstacle \u00e0 la transmission du VIH. Le virus ne peut pas traverser le latex du pr\u00e9servatif.<br>Les pr\u00e9servatifs ne doivent \u00eatre utilis\u00e9s qu&rsquo;avec un lubrifiant \u00e0 base d&rsquo;eau car le lubrifiant \u00e0 base d&rsquo;huile les affaiblit.<br>Les personnes atteintes de VIH qui suivent un traitement efficace et ont une charge virale ind\u00e9tectable ne peuvent pas transmettre le VIH par le biais de leurs fluides corporels.<br>Il est \u00e9galement important de garder \u00e0 l\u2019esprit que si vous avez des rapports sexuels sans pr\u00e9servatif, d&rsquo;autres infections sexuellement transmissibles (IST) peuvent \u00e9galement \u00eatre transmises.<br>Les rapports sexuels sans pr\u00e9servatif peuvent aussi entra\u00eener une grossesse si aucune autre m\u00e9thode de contraception n&rsquo;est utilis\u00e9e.<\/p>\n\n\n\n<p><strong>Transmission m\u00e8re-enfant<br><\/strong>Ceci est maintenant extr\u00eamement rare en Gr\u00e8ce, car les interventions m\u00e9dicales suivantes r\u00e9duisent le risque de transmission m\u00e8re-enfant \u00e0 moins de 1 % :<br>M\u00e8re sous traitement (si elle ne l\u2019est pas d\u2019ores et d\u00e9j\u00e0).<br>On peut lui proposer une c\u00e9sarienne si sa charge virale est d\u00e9tectable.<br>Le b\u00e9b\u00e9 re\u00e7oit un traitement anti-VIH pendant les premi\u00e8res semaines.<br>La m\u00e8re n&rsquo;allaite pas.<\/p>\n\n\n\n<p><strong>Comment pourriez-vous contracter le VIH par contact avec du sang?<br><\/strong>Le risque de transmission du VIH par le sang survient lorsque la personne a une charge virale d\u00e9tectable et que son sang p\u00e9n\u00e8tre dans le corps d&rsquo;une autre personne ou entre en contact avec une membrane muqueuse. Il s\u2019agit des parties du corps avec une peau humide et absorbante telles que:<br>&#8211; les yeux<br>&#8211; le vagin<br>&#8211; le pr\u00e9puce<br>&#8211; l\u2019int\u00e9rieur de l&rsquo;anus<br>&#8211; la bouche<br>&#8211; le nez.<br>Il existe \u00e9galement un risque si le sang d&rsquo;une personne ayant une charge virale d\u00e9tectable entre en contact avec une peau bless\u00e9e ou \u00e9rafl\u00e9e, laissant le VIH traverser la peau et p\u00e9n\u00e9trer dans la circulation sanguine d&rsquo;un individu. Si du sang entre en contact dans une peau qui n&rsquo;est pas bless\u00e9e, il n&rsquo;y a aucun risque.<br>Dans un cadre m\u00e9dical, il est possible que le VIH soit transmis par une personne se blessant accidentellement avec une lame ou une aiguille qu&rsquo;elle a utilis\u00e9e pour traiter une personne atteinte du VIH.<br>C&rsquo;est ce que l&rsquo;on appelle une blessure par piq\u00fbre d&rsquo;aiguille. Le risque d&rsquo;\u00eatre infect\u00e9 de cette mani\u00e8re est tr\u00e8s faible. Toutefois, si quelqu&rsquo;un pense avoir \u00e9t\u00e9 expos\u00e9 au VIH \u00e0 la suite d&rsquo;une blessure par piq\u00fbre d&rsquo;aiguille, la prophylaxie post-exposition (PPE) peut \u00eatre une option.<\/p>\n\n\n\n<p><strong>Comment \u00eatre en s\u00e9curit\u00e9 en cas de contact avec du sang infect\u00e9?<br><\/strong>Un pr\u00e9servatif agira comme une barri\u00e8re contre tout contact avec du sang pendant les rapports sexuels.<br>En plus du sexe, le partage de mat\u00e9riel d&rsquo;injection de drogues (y compris les st\u00e9ro\u00efdes) est un moyen pour le sang de p\u00e9n\u00e9trer dans le corps d&rsquo;une personne. Cela peut \u00eatre \u00e9vit\u00e9 en utilisant des aiguilles neuves et en ne partageant pas les aiguilles, seringues et autres \u00e9quipements.<br>Si une femme a le VIH, son sang menstruel comporte \u00e9galement un risque de transmission si elle a une charge virale d\u00e9tectable.<br>Si vous \u00eates s\u00e9ron\u00e9gatif et vous suivez une prophylaxie pr\u00e9-exposition (PrEP), vous serez prot\u00e9g\u00e9 contre le VIH si vous entrez en contact avec du sang infect\u00e9.<\/p>\n\n\n\n<p><strong>Que dois-je faire si j&rsquo;ai besoin de nettoyer du sang?<br><\/strong>Le VIH ne survit g\u00e9n\u00e9ralement pas longtemps \u00e0 l&rsquo;ext\u00e9rieur du corps, mais le contact avec du sang (en particulier sur une peau \u00e9rafl\u00e9e) doit \u00eatre \u00e9vit\u00e9.<\/p>\n\n\n\n<p>L&rsquo;h\u00e9patite C peut survivre dans le sang s\u00e9ch\u00e9 \u00e0 temp\u00e9rature ambiante pendant plusieurs semaines, et l&rsquo;h\u00e9patite B peut survivre dans le sang s\u00e9ch\u00e9 pendant environ une semaine \u00e0 l&rsquo;ext\u00e9rieur du corps.<br>Pour nettoyer le sang vers\u00e9, portez des gants en caoutchouc et \u00e9pongez le liquide avec de l&rsquo;eau de Javel et de l&rsquo;eau ti\u00e8de (une partie d&rsquo;eau de Javel pour 10 parties d&rsquo;eau). Utilisez de l&rsquo;eau chaude savonneuse pour nettoyer le sang r\u00e9pandu sur le corps d&rsquo;une personne.<br>Mettez les d\u00e9chets, gants usag\u00e9s et v\u00eatements ensanglant\u00e9s dans un sac en plastique, fermez et jetez.<\/p>\n\n\n\n<p><strong>Peut-on contracter le VIH \u00e0 la suite d&rsquo;une transfusion sanguine?<br><\/strong>Recevoir une transfusion sanguine ou d&rsquo;autres produits \u00e0 base de sang est s\u00fbr en Gr\u00e8ce, car tous les produits sanguins ont \u00e9t\u00e9 test\u00e9s pour des infections telles que le VIH.<br>Dans les pays qui n&rsquo;ont pas de contr\u00f4les stricts sur la s\u00e9curit\u00e9 de leur approvisionnement en sang, recevoir du sang contamin\u00e9 peut transmettre le virus. Cela peut \u00e9galement se produire dans les pays qui ne testent pas d&rsquo;autres produits sanguins, organes ou spermatozo\u00efdes.<br>Donner du sang n&rsquo;a jamais \u00e9t\u00e9 un risque.<\/p>\n","protected":false},"excerpt":{"rendered":"<p>Le VIH se transmet par le sang, sperme, s\u00e9cr\u00e9tions vaginales, mucus anal et lait maternel, si la personne s\u00e9ropositive a une charge virale d\u00e9tectable. Il ne se transmet pas par les crachats, \u00e9ternuements, toux, transpiration ou par l&rsquo;urine. Comment le VIH se transmet-il?Si une personne s\u00e9ropositive a une charge virale d\u00e9tectable, elle peut transmettre le VIH par les fluides corporels &#8230;<\/p>\n","protected":false},"author":6,"featured_media":0,"parent":0,"menu_order":0,"comment_status":"closed","ping_status":"closed","template":"","meta":{"footnotes":""},"class_list":["post-6109","page","type-page","status-publish","hentry","no-post-thumbnail"],"_links":{"self":[{"href":"https:\/\/refcheckpoint.gr\/fr\/wp-json\/wp\/v2\/pages\/6109","targetHints":{"allow":["GET"]}}],"collection":[{"href":"https:\/\/refcheckpoint.gr\/fr\/wp-json\/wp\/v2\/pages"}],"about":[{"href":"https:\/\/refcheckpoint.gr\/fr\/wp-json\/wp\/v2\/types\/page"}],"author":[{"embeddable":true,"href":"https:\/\/refcheckpoint.gr\/fr\/wp-json\/wp\/v2\/users\/6"}],"replies":[{"embeddable":true,"href":"https:\/\/refcheckpoint.gr\/fr\/wp-json\/wp\/v2\/comments?post=6109"}],"version-history":[{"count":0,"href":"https:\/\/refcheckpoint.gr\/fr\/wp-json\/wp\/v2\/pages\/6109\/revisions"}],"wp:attachment":[{"href":"https:\/\/refcheckpoint.gr\/fr\/wp-json\/wp\/v2\/media?parent=6109"}],"curies":[{"name":"wp","href":"https:\/\/api.w.org\/{rel}","templated":true}]}}