{"id":6117,"date":"2023-04-05T14:52:45","date_gmt":"2023-04-05T11:52:45","guid":{"rendered":"https:\/\/refcheckpoint.gr\/hiv-statistics\/"},"modified":"2023-04-07T10:05:02","modified_gmt":"2023-04-07T07:05:02","slug":"hiv-statistics","status":"publish","type":"page","link":"https:\/\/refcheckpoint.gr\/fr\/hiv-statistics\/","title":{"rendered":"Statistiques sur le VIH"},"content":{"rendered":"\n<p>Statistiques sur le VIH en Gr\u00e8ce, y compris le nombre de personnes actuellement atteintes du VIH.<\/p>\n\n\n\n<p><strong>Quelle est la fr\u00e9quence du VIH en Gr\u00e8ce?<br><\/strong>Jusqu&rsquo;\u00e0 pr\u00e9sent (selon les dossiers de l\u2019Organisation nationale pour la sant\u00e9 publique au 09\/03\/2021) 18 710 personnes sont actuellement atteintes du Gr\u00e8ce. Parmi celles-ci, 15 441 (82,5 %) sont des hommes, 3 228 (17,3 %) des femmes, tandis que pour 41 personnes (0,2 %) il n&rsquo;y a eu aucune r\u00e9f\u00e9rence au sexe assign\u00e9 \u00e0 la naissance.<br>N&rsquo;importe qui peut contracter le VIH, mais selon les recherches et les statistiques mondiales, les personnes de certains groupes ou r\u00e9gions du monde sont plus susceptibles d&rsquo;en \u00eatre affect\u00e9es. En particulier, les hommes ayant des rapports sexuels avec des hommes, les Noirs africains et les personnes qui s&rsquo;injectent\/utilisent des drogues (PWID\/PWUD) sont touch\u00e9s de mani\u00e8re disproportionn\u00e9e.<br>Sur le total des personnes diagnostiqu\u00e9es avec le VIH en Gr\u00e8ce tout au long de 2020, 42,6 % des nouveaux diagnostics ont \u00e9t\u00e9 attribu\u00e9s \u00e0 des hommes ayant des rapports sexuels non prot\u00e9g\u00e9s avec des hommes (hsh), 20 % \u00e0 des rapports sexuels non prot\u00e9g\u00e9s entre h\u00e9t\u00e9rosexuels et 13,5 % \u00e0 des PWID, alors que pour les 23,3 % des cas, les raisons restent ind\u00e9finies.<\/p>\n\n\n\n<p><strong>Diagnostics en 2020<br><\/strong>Les nouveaux diagnostics diminuent progressivement depuis leur pic des ann\u00e9es 2012\/13.<br>L&rsquo;estimation la plus r\u00e9cente, au 09\/03\/2021, selon les dossiers de l\u2019Organisation nationale pour la sant\u00e9 publique, sugg\u00e8rent qu&rsquo;il y a eu 601 nouveaux diagnostics en 2020 (482 hommes (80,2 %) et 119 femmes (19,8 %)).<br>Parmi les individus diagnostiqu\u00e9s s\u00e9ropositifs en 2020, 86 personnes (14,3 %) ont \u00e9t\u00e9 diagnostiqu\u00e9es tardivement, pr\u00e9sentant d\u00e9j\u00e0 des sympt\u00f4mes du SIDA.<\/p>\n","protected":false},"excerpt":{"rendered":"<p>Statistiques sur le VIH en Gr\u00e8ce, y compris le nombre de personnes actuellement atteintes du VIH. Quelle est la fr\u00e9quence du VIH en Gr\u00e8ce?Jusqu&rsquo;\u00e0 pr\u00e9sent (selon les dossiers de l\u2019Organisation nationale pour la sant\u00e9 publique au 09\/03\/2021) 18 710 personnes sont actuellement atteintes du Gr\u00e8ce. Parmi celles-ci, 15 441 (82,5 %) sont des hommes, 3 228 (17,3 %) des femmes, &#8230;<\/p>\n","protected":false},"author":6,"featured_media":0,"parent":0,"menu_order":0,"comment_status":"closed","ping_status":"closed","template":"","meta":{"footnotes":""},"class_list":["post-6117","page","type-page","status-publish","hentry","no-post-thumbnail"],"_links":{"self":[{"href":"https:\/\/refcheckpoint.gr\/fr\/wp-json\/wp\/v2\/pages\/6117","targetHints":{"allow":["GET"]}}],"collection":[{"href":"https:\/\/refcheckpoint.gr\/fr\/wp-json\/wp\/v2\/pages"}],"about":[{"href":"https:\/\/refcheckpoint.gr\/fr\/wp-json\/wp\/v2\/types\/page"}],"author":[{"embeddable":true,"href":"https:\/\/refcheckpoint.gr\/fr\/wp-json\/wp\/v2\/users\/6"}],"replies":[{"embeddable":true,"href":"https:\/\/refcheckpoint.gr\/fr\/wp-json\/wp\/v2\/comments?post=6117"}],"version-history":[{"count":0,"href":"https:\/\/refcheckpoint.gr\/fr\/wp-json\/wp\/v2\/pages\/6117\/revisions"}],"wp:attachment":[{"href":"https:\/\/refcheckpoint.gr\/fr\/wp-json\/wp\/v2\/media?parent=6117"}],"curies":[{"name":"wp","href":"https:\/\/api.w.org\/{rel}","templated":true}]}}