{"id":6120,"date":"2023-04-05T14:54:59","date_gmt":"2023-04-05T11:54:59","guid":{"rendered":"https:\/\/refcheckpoint.gr\/prep-pre-exposure-prophylaxis\/"},"modified":"2023-04-07T10:15:50","modified_gmt":"2023-04-07T07:15:50","slug":"prep-pre-exposure-prophylaxis","status":"publish","type":"page","link":"https:\/\/refcheckpoint.gr\/fr\/prep-pre-exposure-prophylaxis\/","title":{"rendered":"PrEP (prophylaxie pr\u00e9-exposition)"},"content":{"rendered":"\n<p>La PrEP est un m\u00e9dicament pris par les personnes s\u00e9ron\u00e9gatives avant et apr\u00e8s les rapports sexuels qui r\u00e9duit le risque de contracter le VIH.<\/p>\n\n\n\n<p><br><strong>Comment fonctionne la PrEP<br><\/strong>Prendre la PrEP avant d&rsquo;\u00eatre expos\u00e9 au VIH signifie qu&rsquo;il y a suffisamment de m\u00e9dicament \u00e0 l&rsquo;int\u00e9rieur de vous pour bloquer le VIH s&rsquo;il p\u00e9n\u00e8tre dans votre corps.<br>Le m\u00e9dicament utilis\u00e9 pour la PrEP est un comprim\u00e9 qui contient du t\u00e9nofovir et de l&#8217;emtricitabine (m\u00e9dicaments couramment utilis\u00e9s pour traiter le VIH). Il est parfois appel\u00e9e Truvada, mais la plupart des PrEP que nous utilisons sont des PrEP g\u00e9n\u00e9riques.<br>Aux \u00c9tats-Unis d\u2019Am\u00e9rique, une seconde pilule a \u00e9t\u00e9 approuv\u00e9e pour une utilisation en PrEP (le m\u00e9dicament de marque Descovy ou son \u00e9quivalent g\u00e9n\u00e9rique).<br>Diff\u00e9rentes m\u00e9thodes d&rsquo;administration de PrEP, telles que les injectables et les implants, sont \u00e0 l&rsquo;\u00e9tude. Outre les comprim\u00e9s PrEP, les anneaux vaginaux PrEP seront bient\u00f4t disponibles.<\/p>\n\n\n\n<p><strong>O\u00f9 obtenir la PrEP?<br><\/strong>La PrEP n&rsquo;est pas disponible dans le cadre du Syst\u00e8me de sant\u00e9 national grec. Il s&rsquo;agit d&rsquo;une question de plaidoyer permanente au sein de la communaut\u00e9<\/p>\n\n\n\n<p><strong>Prendre la PrEP<br><\/strong>Dans les essais cliniques, la PrEP a \u00e9t\u00e9 utilis\u00e9e de deux mani\u00e8res diff\u00e9rentes :<br>&#8211; prise r\u00e9guli\u00e8rement (un comprim\u00e9 par jour).<br>&#8211; prise uniquement en cas de besoin (deux comprim\u00e9s 24 heures avant le rapport sexuel, un comprim\u00e9 24 heures apr\u00e8s le rapport sexuel et un autre comprim\u00e9 48 heures apr\u00e8s le rapport sexuel).<br>Cette deuxi\u00e8me m\u00e9thode est souvent appel\u00e9e dosage \u00ab \u00e0 la demande \u00bb ou \u00ab sur la base d&rsquo;un \u00e9v\u00e9nement \u00bb.<br>Les deux m\u00e9thodes se sont av\u00e9r\u00e9es tr\u00e8s efficaces, bien que le dosage \u00e0 la demande n&rsquo;ait \u00e9t\u00e9 \u00e9tudi\u00e9 que chez les hommes homosexuels et bisexuels.<br>Une prise quotidienne est recommand\u00e9e pour les femmes, qui doivent prendre la PrEP tous les jours pendant sept jours pour \u00eatre prot\u00e9g\u00e9es contre le VIH.<br>La PrEP quotidienne est recommand\u00e9e pour toutes les personnes transexuelles utilisant un traitement hormonal, car il n&rsquo;y a pas suffisamment de donn\u00e9es pour soutenir d&rsquo;autres options de dosage.<\/p>\n\n\n\n<p><strong>Prendre la PrEP en toute s\u00e9curit\u00e9<br><\/strong>Si vous envisagez de prendre une PrEP, il est important que en vous parliez \u00e0 un conseiller des centres de contr\u00f4le, de pr\u00e9vention et de d\u00e9pistage du VIH et de l&rsquo;h\u00e9patite. Ils vous aideront \u00e0 utiliser le traitement en toute s\u00e9curit\u00e9 et vous fourniront les tests n\u00e9cessaires.<br>Dans la plupart des grandes \u00e9tudes sur la PrEP, personne n&rsquo;a \u00e9t\u00e9 infect\u00e9 pendant la prise de la PrEP comme recommand\u00e9. Si vous ne la prenez pas correctement, elle pourrait ne pas fonctionner. C&rsquo;est pourquoi il faudrait toujours consulter un m\u00e9decin g\u00e9n\u00e9raliste pour des conseils plus s\u00fbrs.<br>Les m\u00e9dicaments utilis\u00e9s dans la PrEP sont les m\u00eames que ceux qui sont prescrits \u00e0 des milliers de personnes atteintes du VIH chaque ann\u00e9e. Ils sont tr\u00e8s s\u00fbrs et les effets secondaires graves sont tr\u00e8s rares.<br>Certaines personnes souffrent de naus\u00e9es, de maux de t\u00eate ou de fatigue\/de l\u2019\u00e9puisement et, tr\u00e8s rarement, le m\u00e9dicament peut affecter la fonction r\u00e9nale. Par mesure de pr\u00e9caution, les personnes prenant la PrEP subissent r\u00e9guli\u00e8rement des tests de la fonction r\u00e9nale.<br>Bien que la PrEP soit tr\u00e8s efficace pour pr\u00e9venir le VIH, elle ne vous prot\u00e9gera pas des autres IST ou d&rsquo;une grossesse non programm\u00e9e, contrairement aux pr\u00e9servatifs.<br>Il est important, si vous utilisez la PrEP, que vous vous soumettiez \u00e0 des d\u00e9pistages r\u00e9guliers des IST tous les trois mois.<\/p>\n\n\n\n<p><br><\/p>\n","protected":false},"excerpt":{"rendered":"<p>La PrEP est un m\u00e9dicament pris par les personnes s\u00e9ron\u00e9gatives avant et apr\u00e8s les rapports sexuels qui r\u00e9duit le risque de contracter le VIH. Comment fonctionne la PrEPPrendre la PrEP avant d&rsquo;\u00eatre expos\u00e9 au VIH signifie qu&rsquo;il y a suffisamment de m\u00e9dicament \u00e0 l&rsquo;int\u00e9rieur de vous pour bloquer le VIH s&rsquo;il p\u00e9n\u00e8tre dans votre corps.Le m\u00e9dicament utilis\u00e9 pour la PrEP &#8230;<\/p>\n","protected":false},"author":6,"featured_media":0,"parent":0,"menu_order":0,"comment_status":"closed","ping_status":"closed","template":"","meta":{"footnotes":""},"class_list":["post-6120","page","type-page","status-publish","hentry","no-post-thumbnail"],"_links":{"self":[{"href":"https:\/\/refcheckpoint.gr\/fr\/wp-json\/wp\/v2\/pages\/6120","targetHints":{"allow":["GET"]}}],"collection":[{"href":"https:\/\/refcheckpoint.gr\/fr\/wp-json\/wp\/v2\/pages"}],"about":[{"href":"https:\/\/refcheckpoint.gr\/fr\/wp-json\/wp\/v2\/types\/page"}],"author":[{"embeddable":true,"href":"https:\/\/refcheckpoint.gr\/fr\/wp-json\/wp\/v2\/users\/6"}],"replies":[{"embeddable":true,"href":"https:\/\/refcheckpoint.gr\/fr\/wp-json\/wp\/v2\/comments?post=6120"}],"version-history":[{"count":0,"href":"https:\/\/refcheckpoint.gr\/fr\/wp-json\/wp\/v2\/pages\/6120\/revisions"}],"wp:attachment":[{"href":"https:\/\/refcheckpoint.gr\/fr\/wp-json\/wp\/v2\/media?parent=6120"}],"curies":[{"name":"wp","href":"https:\/\/api.w.org\/{rel}","templated":true}]}}