{"id":6124,"date":"2023-04-05T14:59:49","date_gmt":"2023-04-05T11:59:49","guid":{"rendered":"https:\/\/refcheckpoint.gr\/pep-post-exposure-prophylaxis\/"},"modified":"2023-04-07T10:12:52","modified_gmt":"2023-04-07T07:12:52","slug":"pep-post-exposure-prophylaxis","status":"publish","type":"page","link":"https:\/\/refcheckpoint.gr\/fr\/pep-post-exposure-prophylaxis\/","title":{"rendered":"PPE (prophylaxie post-exposition)"},"content":{"rendered":"\n<p>La PPE est un traitement qui peut arr\u00eater une infection par le VIH une fois que le virus est entr\u00e9 dans le corps d&rsquo;une personne. Elle doit \u00eatre pris dans les 72 heures suivant l&rsquo;exposition.<\/p>\n\n\n\n<p><br><strong>Qu&rsquo;est-ce que la PPE?<br><\/strong>La PPE (parfois appel\u00e9e PEPSE) est une combinaison de m\u00e9dicaments anti-VIHqui peuvent emp\u00eacher le virus de s&rsquo;installer. Elle peut \u00eatre utilis\u00e9e apr\u00e8s l&rsquo;\u00e9v\u00e9nement si vous avez \u00e9t\u00e9 \u00e0 risque de transmission du VIH.<br>Pour fonctionner, la PPE doit \u00eatre prise dans les 72 heures (trois jours), et id\u00e9alement devrait \u00eatre prise dans les 24 heures.<br>La PPE n&rsquo;est pas une \u00ab pilule du lendemain \u00bb pour le VIH et son efficacit\u00e9 n&rsquo;est pas garantie. Il s&rsquo;agit d&rsquo;une mesure d&rsquo;urgence \u00e0 utiliser en dernier recours, par exemple si un pr\u00e9servatif se perce pendant les rapports sexuels. La prise de la PPE ne vous prot\u00e9gera pas d&rsquo;autres infections sexuellement transmissibles ou d&rsquo;une grossesse non programm\u00e9e.<\/p>\n\n\n\n<p><br><strong>O\u00f9 obtenir la PPE?<br><\/strong>La PPE est disponible dans le cadre du Syst\u00e8me de sant\u00e9 national grec gratuitement et en utilisant le num\u00e9ro de s\u00e9curit\u00e9 sociale (AMKA), mais n&rsquo;est administr\u00e9e qu&rsquo;aux personnes qui r\u00e9pondent aux directives concernant son utilisation. Elle est certainement fournie par les cliniques VIH dans les h\u00f4pitaux situ\u00e9s \u00e0 Ath\u00e8nes, Thessalonique, Patras, H\u00e9raklion (Cr\u00e8te), Alexandroupolis et Rhodes mais, pour les r\u00e9sidents ou les touristes ailleurs en Gr\u00e8ce, il est pr\u00e9f\u00e9rable d&rsquo;appeler le 2107222222 (ligne d&rsquo;assistance de l\u2019Organisation nationale pour la sant\u00e9 publique sur le VIH\/SIDA).<br>Par cons\u00e9quent, le meilleur endroit pour obtenir la PPE est une clinique VIH. Si vous avez besoin d&rsquo;une PPE pendant le weekend ou en dehors des heures de bureau, lorsque les cliniques sont souvent ferm\u00e9es, le meilleur endroit o\u00f9 aller est le service des accidents et des urgences de votre h\u00f4pital le plus proche.<br>La PPE n&rsquo;est normalement pas disponible aupr\u00e8s des m\u00e9decins g\u00e9n\u00e9ralistes.<br>Trouvez votre clinique la plus proche.<br>\u00c9tant donn\u00e9 que la PPE est un traitement m\u00e9dicamenteux puissant et qu&rsquo;elle est co\u00fbteuse \u00e0 prescrire, vous pourriez \u00eatre interrog\u00e9 sur :<br>&#8211; la personne avec qui vous avez eu des rapports sexuels (et les chances qu&rsquo;elle ait le VIH)<br>&#8211; quel genre de sexe vous avez pratiqu\u00e9 (vaginal, oral ou anal)<br>&#8211; si l&rsquo;autre personne avait le VIH et quelle est sa charge virale.<br>Si la personne avec qui vous avez eu des rapports sexuels est atteinte du VIH et a une charge virale ind\u00e9tectable, vous n&rsquo;aurez pas besoin de PPE car il ne sera pas possible que le virus se soit transmis.<br>Une fois qu&rsquo;un m\u00e9decin aura d\u00e9cid\u00e9 s&rsquo;il est appropri\u00e9 de vous administrer la PPE, il vous sera demand\u00e9 de passer un test de d\u00e9pistage du VIH. C&rsquo;est pour s&rsquo;assurer que vous n&rsquo;avez pas d\u00e9j\u00e0 le VIH. Si le VIH est d\u00e9tect\u00e9 par un test, d&rsquo;autres formes de traitement vous seront recommand\u00e9es.<br><\/p>\n\n\n\n<p><strong>Comment prendre la PPE?<br><\/strong>La PPE doit \u00eatre prise exactement comme indiqu\u00e9 et pendant 28 jours.<br>&#8211; Ne sautez pas une dose et terminez le mois complet car \u00e0 d\u00e9faut elle sera moins susceptible de fonctionner.<br>&#8211; Ne doublez pas une dose si vous avez saut\u00e9 une.<br>&#8211; Si vous oubliez une dose et vous vous en souvenez en moins de 24 heures, prenez la suivante de suite.<br>&#8211; Si vous manquez plus de 48 heures de PPE, elle sera interrompue.<br>Le m\u00e9dicament actuellement utilis\u00e9 pour la PPE est un seul comprim\u00e9 appel\u00e9 Truvada et deux comprim\u00e9s de Ralt\u00e9gravir.<br>Les effets secondaires de la PPE sont susceptibles d&rsquo;\u00eatre l\u00e9gers au cours des premiers jours, tels que des naus\u00e9es, des maux de t\u00eate ou de la fatigue\/de l\u2019\u00e9puisement.<br>Ne prenez pas de drogues r\u00e9cr\u00e9atives pendant le traitement PPE car il peut y avoir des interactions dangereuses.<\/p>\n\n\n\n<p><strong>D\u00e9couvrez si vous avez besoin de PPE<br><\/strong>Effectuez notre \u00e9valuation des risques en lignepour savoir si vous avez \u00e9t\u00e9 expos\u00e9 et s&rsquo;il est appropri\u00e9 pour vous de prendre la PPE. Si, pour une raison quelconque, vous n&rsquo;\u00eates pas s\u00fbr et confiant \u00e0 100 % quant \u00e0 l&rsquo;\u00e9valuation des risques fournie, vous devriez alors demander conseil dans un h\u00f4pital disposant d&rsquo;une clinique VIH (voir la section soulign\u00e9e ci-dessus : \u00ab O\u00f9 obtenir la PPE ? \u00bb)<\/p>\n\n\n\n<p>Si vous craignez d&rsquo;avoir \u00e9t\u00e9 expos\u00e9 au VIH, il pourrait \u00eatre utile d&rsquo;en savoir plus sur la pilule de pr\u00e9vention du VIH PrEP (prophylaxie pr\u00e9-exposition). Elle est disponible sous une forme ou une autre dans tous les pays du Royaume-Uni et lorsqu&rsquo;elle est prise telle que prescrite, elle est presque 100 % efficace pour pr\u00e9venir la transmission du VIH.<\/p>\n","protected":false},"excerpt":{"rendered":"<p>La PPE est un traitement qui peut arr\u00eater une infection par le VIH une fois que le virus est entr\u00e9 dans le corps d&rsquo;une personne. Elle doit \u00eatre pris dans les 72 heures suivant l&rsquo;exposition. Qu&rsquo;est-ce que la PPE?La PPE (parfois appel\u00e9e PEPSE) est une combinaison de m\u00e9dicaments anti-VIHqui peuvent emp\u00eacher le virus de s&rsquo;installer. Elle peut \u00eatre utilis\u00e9e apr\u00e8s &#8230;<\/p>\n","protected":false},"author":6,"featured_media":0,"parent":0,"menu_order":0,"comment_status":"closed","ping_status":"closed","template":"","meta":{"footnotes":""},"class_list":["post-6124","page","type-page","status-publish","hentry","no-post-thumbnail"],"_links":{"self":[{"href":"https:\/\/refcheckpoint.gr\/fr\/wp-json\/wp\/v2\/pages\/6124","targetHints":{"allow":["GET"]}}],"collection":[{"href":"https:\/\/refcheckpoint.gr\/fr\/wp-json\/wp\/v2\/pages"}],"about":[{"href":"https:\/\/refcheckpoint.gr\/fr\/wp-json\/wp\/v2\/types\/page"}],"author":[{"embeddable":true,"href":"https:\/\/refcheckpoint.gr\/fr\/wp-json\/wp\/v2\/users\/6"}],"replies":[{"embeddable":true,"href":"https:\/\/refcheckpoint.gr\/fr\/wp-json\/wp\/v2\/comments?post=6124"}],"version-history":[{"count":0,"href":"https:\/\/refcheckpoint.gr\/fr\/wp-json\/wp\/v2\/pages\/6124\/revisions"}],"wp:attachment":[{"href":"https:\/\/refcheckpoint.gr\/fr\/wp-json\/wp\/v2\/media?parent=6124"}],"curies":[{"name":"wp","href":"https:\/\/api.w.org\/{rel}","templated":true}]}}