{"id":6128,"date":"2023-04-05T15:02:48","date_gmt":"2023-04-05T12:02:48","guid":{"rendered":"https:\/\/refcheckpoint.gr\/testing-for-hiv\/"},"modified":"2023-04-07T10:18:59","modified_gmt":"2023-04-07T07:18:59","slug":"testing-for-hiv","status":"publish","type":"page","link":"https:\/\/refcheckpoint.gr\/fr\/testing-for-hiv\/","title":{"rendered":"D\u00e9pistage du VIH"},"content":{"rendered":"\n<p>Il est rapide et facile de faire un test de d\u00e9pistage du VIH, que ce soit en personne, dans une clinique ou en commandant un test en ligne.<\/p>\n\n\n\n<p><strong>O\u00f9 faire un test VIH?<br><\/strong>Il n&rsquo;a jamais \u00e9t\u00e9 aussi facile de faire un test VIH et d&rsquo;obtenir un r\u00e9sultat rapidement. Vous pouvez passer un test en personne ou commander des tests en ligne, avec des options gratuites et payantes. De nombreux tests vous donneront un r\u00e9sultat seulement en quelques minutes.<br>Vous pouvez vous faire tester en personne \u00e0:<br>&#8211; Simeio Plus, unit\u00e9s mobiles \u00e0 Ath\u00e8nes<br>&#8211; Un centre de d\u00e9pistage du VIH, y compris ceux soutenus par l&rsquo;AHF, tels que Checkpoint \u00e0 Ath\u00e8nes et \u00e0 Thessalonique et les centres de d\u00e9pistage de la municipalit\u00e9 d&rsquo;Ath\u00e8nes.<br>&#8211; Un g\u00e9n\u00e9raliste\/m\u00e9decin de famille peut vous orienter vers un laboratoire priv\u00e9<br>Si vous effectuez un test dans un h\u00f4pital, un centre de test ou chez un m\u00e9decin g\u00e9n\u00e9raliste, pour les maladies de la peau et des maladies v\u00e9n\u00e9riennes, votre test sera gratuit. Si vous effectuez le test dans une clinique priv\u00e9e, vous devrez payer.<br>Les services en face \u00e0 face peuvent avoir plusieurs dispositions en place en raison de la pand\u00e9mie de coronavirus. Veuillez les appeler avant d&rsquo;y vous rendre.<br>Personne ne sera inform\u00e9 du r\u00e9sultat de votre test de d\u00e9pistage du VIH \u00e0 moins que vous y consentiez, y compris votre employeur, votre famille, vos partenaires et les autorit\u00e9s de l&rsquo;immigration. Si vous faites un test chez votre m\u00e9decin, votre r\u00e9sultat figurera sur les notes de votre m\u00e9decin g\u00e9n\u00e9raliste.<br>Dans de nombreux pays europ\u00e9ens et aux \u00c9tats-Unis d\u2019Am\u00e9rique, il est possible de faire un autotest ou un test par correspondance.<br><strong>Malheureusement, en Gr\u00e8ce, de tels services ne sont pas encore disponibles. S\u2019agissant d\u2019un sujet de plaidoyer important au sein de la communaut\u00e9, les choses pourraient, esp\u00e9rons-le, s&rsquo;am\u00e9liorer \u00e0 l&rsquo;avenir.<\/strong><\/p>\n\n\n\n<p><strong>Obtenir un r\u00e9sultat rapidement<br><\/strong>De nombreux services proposent des tests rapides, c&rsquo;est \u00e0 dire un test par piq\u00fbre au doigt qui vous fournira un r\u00e9sultat en quelques minutes.<br>Un kit d&rsquo;autotest command\u00e9 en ligne et effectu\u00e9 \u00e0 la maison vous donnera normalement un r\u00e9sultat jusqu&rsquo;\u00e0 au bout de 15 minutes, selon le kit.<br>(Pour le moment, une telle possibilit\u00e9 n&rsquo;est pas encore disponible en Gr\u00e8ce. Voir la section soulign\u00e9e ci-dessus)<br>Un \u00e9chantillon de sang pr\u00e9lev\u00e9 dans un centre de test sera envoy\u00e9 \u00e0 un laboratoire, les r\u00e9sultats \u00e9tant pr\u00eats dans la journ\u00e9e ou jusqu&rsquo;\u00e0 une semaine plus tard.<\/p>\n\n\n\n<p><strong>Comment fonctionne un test VIH?<br><\/strong>Un test VIH est un test sanguin. Il ne d\u00e9tecte pas le VIH lui-m\u00eame, mais recherche une prot\u00e9ine pr\u00e9sente dans une cellule VIH ou un anticorps fabriqu\u00e9 par le corps pour combattre le VIH.<br>Les tests de d\u00e9pistage du VIH en Gr\u00e8ce sont tr\u00e8s fiables. Toutefois, ils peuvent parfois produire un r\u00e9sultat positif qui s&rsquo;av\u00e8re ensuite n\u00e9gatif lors d&rsquo;un nouveau test. C&rsquo;est ce qu&rsquo;on appelle un faux positif et c&rsquo;est rare, se produisant dans moins de 1 cas sur 1 000.<br>Fen\u00eatres de test<br>Les directives nationales de d\u00e9pistage pr\u00e9voient une fen\u00eatre de 90 jours pour les tests rapides du VIH.<br>Les tests sanguins que vous envoyez \u00e0 un laboratoire et ceux disponibles dans les cliniques de sant\u00e9 sexuelle ont une fen\u00eatre de test de 21 \u00e0 45 jours, selon le test administr\u00e9. Elisa 4 va de 21 \u00e0 25 jours comme p\u00e9riode fen\u00eatre, tandis qu&rsquo;Elisa 3 pr\u00e9sente une fen\u00eatre de 45 jours.<br>Concr\u00e8tement, cela signifie qu&rsquo;un test rapide vous indique quel \u00e9tait votre statut VIH il y a 90 jours, tandis qu&rsquo;un test sanguin vous indique quel \u00e9tait votre statut il y a 45 jours.<\/p>\n\n\n\n<p><strong>Quand faire un test VIH?<br><\/strong>Le service de test \u00e0 utiliser et le type de test d\u00e9pendent du moment o\u00f9 vous avez pu \u00eatre expos\u00e9 au VIH. Les signes d&rsquo;infection par le VIH n&rsquo;apparaissent pas imm\u00e9diatement dans le sang. Cela se produit normalement dans les quatre semaines suivant l&rsquo;infection, mais peut prendre plus de temps.<\/p>\n\n\n\n<p>Si vous pensez avoir \u00e9t\u00e9 expos\u00e9 au VIH au cours des 72 derni\u00e8res heures (trois jours), il est possible de prendre une prophylaxie post-exposition (PPE) pour \u00e9viter une infection.<br>Si votre risque \u00e9tait r\u00e9cent, votre fournisseur de test vous conseillera probablement de passer un test imm\u00e9diatement, suivi d&rsquo;un second quelques semaines plus tard. Le deuxi\u00e8me test d\u00e9tectera toute infection que le premier aurait pu manquer.<br>Si votre risque a eu lieu au cours des trois derniers mois, assurez-vous de le dire \u00e0 la personne qui vous teste, car cela peut affecter le type de test qui vous sera administr\u00e9.<br>Tr\u00e8s rarement, l&rsquo;apparition d&rsquo;anticorps dans le sang peut prendre jusqu&rsquo;\u00e0 trois mois, de sorte qu&rsquo;un r\u00e9sultat n\u00e9gatif pour le VIH n&rsquo;est totalement exact que si trois mois se sont \u00e9coul\u00e9s entre le test et la derni\u00e8re prise de risque.<\/p>\n\n\n\n<p><strong>\u00c0 quelle fr\u00e9quence devriez-vous faire un test de d\u00e9pistage du VIH?<br><\/strong>Un test de d\u00e9pistage du VIH et d&rsquo;autres infections sexuellement transmissibles (IST) au moins une fois par an constitue une bonne pratique de sant\u00e9 sexuelle pour toutes les personnes sexuellement actives, m\u00eame si vous \u00eates s\u00fbr de ne pas vous \u00eatre expos\u00e9 \u00e0 un risque d&rsquo;infection. Selon le nombre de partenaires sexuels diff\u00e9rents que vous avez au cours d&rsquo;une ann\u00e9e, vous voudrez peut-\u00eatre envisager de faire des tests plus r\u00e9guli\u00e8rement.<br>Les hommes homosexuels, bisexuels et autres hommes ayant des rapports sexuels avec des hommes (HSH) devraient subir de mani\u00e8re syst\u00e9matique un test de d\u00e9pistage du VIH et d&rsquo;autres IST au moins une fois par an, ou tous les trois mois s&rsquo;ils ont des rapports sexuels sans pr\u00e9servatif avec des partenaires nouveaux ou occasionnels.<\/p>\n\n\n\n<p><strong>Pourquoi est-il important de se faire tester?<br><\/strong>Si vous avez le VIH, le d\u00e9couvrir signifiera que vous pourrez commencer un traitement, rester en bonne sant\u00e9 et \u00e9viter de transmettre le virus \u00e0 quelqu&rsquo;un d&rsquo;autre. Plus t\u00f4t vous commencez le traitement, moins vous risquez de tomber gravement malade. Les personnes diagnostiqu\u00e9es t\u00f4t et recevant un traitement efficace peuvent esp\u00e9rer mener une vie normale.<br>Une fois que vous suivez un traitement efficace et que votre charge virale est ind\u00e9tectable, vous ne pouvez plus transmettre le virus \u00e0 quelqu&rsquo;un d&rsquo;autre.<br>Si vous tardez \u00e0 vous faire tester, le virus pourrait faire beaucoup de d\u00e9g\u00e2ts. Il existe beaucoup de moyens d&rsquo;assistance disponibles pour les personnes s\u00e9ropositives au VIH https:\/\/positivevoice.gr\/<\/p>\n","protected":false},"excerpt":{"rendered":"<p>Il est rapide et facile de faire un test de d\u00e9pistage du VIH, que ce soit en personne, dans une clinique ou en commandant un test en ligne. O\u00f9 faire un test VIH?Il n&rsquo;a jamais \u00e9t\u00e9 aussi facile de faire un test VIH et d&rsquo;obtenir un r\u00e9sultat rapidement. Vous pouvez passer un test en personne ou commander des tests en &#8230;<\/p>\n","protected":false},"author":6,"featured_media":0,"parent":0,"menu_order":0,"comment_status":"closed","ping_status":"closed","template":"","meta":{"footnotes":""},"class_list":["post-6128","page","type-page","status-publish","hentry","no-post-thumbnail"],"_links":{"self":[{"href":"https:\/\/refcheckpoint.gr\/fr\/wp-json\/wp\/v2\/pages\/6128","targetHints":{"allow":["GET"]}}],"collection":[{"href":"https:\/\/refcheckpoint.gr\/fr\/wp-json\/wp\/v2\/pages"}],"about":[{"href":"https:\/\/refcheckpoint.gr\/fr\/wp-json\/wp\/v2\/types\/page"}],"author":[{"embeddable":true,"href":"https:\/\/refcheckpoint.gr\/fr\/wp-json\/wp\/v2\/users\/6"}],"replies":[{"embeddable":true,"href":"https:\/\/refcheckpoint.gr\/fr\/wp-json\/wp\/v2\/comments?post=6128"}],"version-history":[{"count":0,"href":"https:\/\/refcheckpoint.gr\/fr\/wp-json\/wp\/v2\/pages\/6128\/revisions"}],"wp:attachment":[{"href":"https:\/\/refcheckpoint.gr\/fr\/wp-json\/wp\/v2\/media?parent=6128"}],"curies":[{"name":"wp","href":"https:\/\/api.w.org\/{rel}","templated":true}]}}