{"id":6213,"date":"2023-04-05T16:39:37","date_gmt":"2023-04-05T13:39:37","guid":{"rendered":"https:\/\/refcheckpoint.gr\/a-healthy-sex-life\/"},"modified":"2023-04-07T10:22:24","modified_gmt":"2023-04-07T07:22:24","slug":"a-healthy-sex-life","status":"publish","type":"page","link":"https:\/\/refcheckpoint.gr\/fr\/a-healthy-sex-life\/","title":{"rendered":"Une vie sexuelle saine"},"content":{"rendered":"\n<p>La sant\u00e9 sexuelle signifie plus que d&rsquo;\u00eatre exempt d&rsquo;infections sexuellement transmissibles (IST) ou d&rsquo;\u00e9viter une grossesse non programm\u00e9e.<br>Cela signifie avoir la confiance et les comp\u00e9tences n\u00e9cessaires pour demander le sexe qui vous rend heureux. Cela signifie \u00e9galement respecter vos partenaires et assumer la responsabilit\u00e9 de leur sant\u00e9 sexuelle ainsi que de la v\u00f4tre.<br>Certaines personnes ont des ISTqui ne peuvent \u00eatre gu\u00e9ries (comme le VIH) ou avec lesquelles elles vivent sur le long terme (commel\u2019h\u00e9patite B oul\u2019h\u00e9patite C).<br>Les gens peuvent toujours avoir une vie sexuelle saine et heureuse et une bonne sant\u00e9 sexuelle si ces infections ont \u00e9t\u00e9 diagnostiqu\u00e9es et sont trait\u00e9es, et si leurs rapports sexuels sont prot\u00e9g\u00e9s.<\/p>\n\n\n\n<p><strong>O\u00f9 trouver des conseils sur la sant\u00e9 sexuelle?<br><\/strong>Une bonne sant\u00e9 sexuelle d\u00e9pend de bilans de sant\u00e9 r\u00e9guliers et de pratiques sexuelles prot\u00e9g\u00e9es.<br>Des contr\u00f4les permettront de s&rsquo;assurer que toutes les IST sont rapidement diagnostiqu\u00e9es et trait\u00e9es. La plupart des gens se font examiner \u00e0 l\u2019<strong>h\u00f4pital des maladies cutan\u00e9es et v\u00e9n\u00e9riennes<\/strong> de Thessalonique, ainsi qu&rsquo;\u00e0 l&rsquo;<strong>h\u00f4pital A. Syngros<\/strong> d&rsquo;Ath\u00e8nes. Il s&rsquo;agit d&rsquo;un service gratuit et confidentiel du syst\u00e8me national de sant\u00e9 grec, et le personnel doit \u00eatre amical et ne pas porter de jugement.<br>Pour plus de conseils sur la sant\u00e9 sexuelle et la pr\u00e9vention des IST, ainsi que sur la r\u00e9duction des risques, vous pouvez vous rendre \u00e0 Checkpoint \u00e0 Ath\u00e8nes et \u00e0 Thessalonique. En plus de fournir des tests gratuits, rapides et confidentiels pour le VIH et l&rsquo;h\u00e9patite, vous pouvez \u00e9galement parler \u00e0 nos conseillers d&rsquo;un large \u00e9ventail de sujets dans les domaines sexuel et relationnel.<\/p>\n\n\n\n<p><strong>\u00c0 quelle fr\u00e9quence devriez-vous vous faire tester?<br><\/strong>La fr\u00e9quence \u00e0 laquelle vous devriez \u00eatre contr\u00f4l\u00e9 d\u00e9pend du nombre de personnes avec qui vous avez des rapports sexuels.<br>Si vous n&rsquo;avez pas de partenaire r\u00e9gulier et vous avez des rapports sexuels occasionnels, vous devriez vous faire tester au moins une fois tous les six mois.<br>Si vous avez beaucoup de partenaires sexuels, faites un bilan de sant\u00e9 au moins tous les trois mois.<br>Si vous pr\u00e9sentez des sympt\u00f4mes pouvant correspondre \u00e0 une IST (par exemple, des plaies, de l\u2019inflammation ou des \u00e9coulements), rendez-vous imm\u00e9diatement dans une clinique et n&rsquo;ayez pas de rapports sexuels avant d&rsquo;avoir obtenu le feu vert pour le faire.<br>Avant d&rsquo;avoir des rapports sexuels au d\u00e9but d&rsquo;une nouvelle relation, faites un bilan de sant\u00e9, surtout si vous envisagez de ne pas utiliser de pr\u00e9servatifs (dans ce cas, les tests VIH sont fortement recommand\u00e9s). Un contr\u00f4le de la sant\u00e9 sexuelle devrait \u00e9galement inclure un test VIH.<br>Si vous avez le VIH, il est important de savoir si votre charge virale est ind\u00e9tectable (et de suivre un traitement efficace) avant d&rsquo;envisager d&rsquo;arr\u00eater d&rsquo;utiliser des pr\u00e9servatifs. Gardez \u00e0 l\u2019esprit qu&rsquo;avoir des rapports sexuels sans pr\u00e9servatif peut entra\u00eener la transmission d&rsquo;autres IST.<br>La PrEP (prophylaxie pr\u00e9-exposition) est constitu\u00e9e par un traitement \u00e0 base de comprim\u00e9s pris avant et apr\u00e8s les rapports sexuels qui prot\u00e8gent contre le VIH. Prenez-la si vous pensez qu&rsquo;elle pourrait vous \u00eatre utile.<\/p>\n","protected":false},"excerpt":{"rendered":"<p>La sant\u00e9 sexuelle signifie plus que d&rsquo;\u00eatre exempt d&rsquo;infections sexuellement transmissibles (IST) ou d&rsquo;\u00e9viter une grossesse non programm\u00e9e.Cela signifie avoir la confiance et les comp\u00e9tences n\u00e9cessaires pour demander le sexe qui vous rend heureux. Cela signifie \u00e9galement respecter vos partenaires et assumer la responsabilit\u00e9 de leur sant\u00e9 sexuelle ainsi que de la v\u00f4tre.Certaines personnes ont des ISTqui ne peuvent \u00eatre &#8230;<\/p>\n","protected":false},"author":6,"featured_media":0,"parent":0,"menu_order":0,"comment_status":"closed","ping_status":"closed","template":"","meta":{"footnotes":""},"class_list":["post-6213","page","type-page","status-publish","hentry","no-post-thumbnail"],"_links":{"self":[{"href":"https:\/\/refcheckpoint.gr\/fr\/wp-json\/wp\/v2\/pages\/6213","targetHints":{"allow":["GET"]}}],"collection":[{"href":"https:\/\/refcheckpoint.gr\/fr\/wp-json\/wp\/v2\/pages"}],"about":[{"href":"https:\/\/refcheckpoint.gr\/fr\/wp-json\/wp\/v2\/types\/page"}],"author":[{"embeddable":true,"href":"https:\/\/refcheckpoint.gr\/fr\/wp-json\/wp\/v2\/users\/6"}],"replies":[{"embeddable":true,"href":"https:\/\/refcheckpoint.gr\/fr\/wp-json\/wp\/v2\/comments?post=6213"}],"version-history":[{"count":0,"href":"https:\/\/refcheckpoint.gr\/fr\/wp-json\/wp\/v2\/pages\/6213\/revisions"}],"wp:attachment":[{"href":"https:\/\/refcheckpoint.gr\/fr\/wp-json\/wp\/v2\/media?parent=6213"}],"curies":[{"name":"wp","href":"https:\/\/api.w.org\/{rel}","templated":true}]}}