{"id":6216,"date":"2023-04-05T16:45:43","date_gmt":"2023-04-05T13:45:43","guid":{"rendered":"https:\/\/refcheckpoint.gr\/condoms\/"},"modified":"2023-04-07T10:36:18","modified_gmt":"2023-04-07T07:36:18","slug":"condoms","status":"publish","type":"page","link":"https:\/\/refcheckpoint.gr\/fr\/condoms\/","title":{"rendered":"Pr\u00e9servatifs"},"content":{"rendered":"\n<p>Les pr\u00e9servatifs sont le moyen le plus efficace de prot\u00e9ger votre sant\u00e9 sexuelle, car ils constituent une barri\u00e8re qui emp\u00eache le sperme, le liquide pr\u00e9-\u00e9jaculatoire, les virus et les bact\u00e9ries de passer d&rsquo;une personne \u00e0 une autre.<br>Le pr\u00e9servatif externe ou \u00ab masculin \u00bb est port\u00e9 sur le p\u00e9nis en \u00e9rection (ou sur des jouets sexuels), tandis que le pr\u00e9servatif interne (d\u00e9nomm\u00e9 \u00ab pr\u00e9servatif f\u00e9minin \u00bb ou Femidom) est une poche avec deux anneaux \u00e0 l&rsquo;int\u00e9rieur ins\u00e9r\u00e9e dans le vagin avant le rapport sexuel.<br>&#8211; Utilisation d\u2019un pr\u00e9servatif pour les p\u00e9nis (externe)<br>&#8211; Utilisation d\u2019un pr\u00e9servatif pour le vagin (interne)<\/p>\n\n\n\n<p><strong>Quelle est l&rsquo;efficacit\u00e9 des pr\u00e9servatifs?<br>Infections sexuellement transmissibles (IST)<br><\/strong>Lorsqu&rsquo;ils sont utilis\u00e9s correctement chaque fois que vous avez des rapports sexuels, les pr\u00e9servatifs sont la meilleure protection contre les IST et le VIH lors des rapports sexuels vaginaux\/frontaux, anaux ou oraux.<br>L&rsquo;important est d&rsquo;utiliser les pr\u00e9servatifs correctement et de mani\u00e8re syst\u00e9matique.<br><strong>Grossesse<br><\/strong>98% de toutes les grossesses non d\u00e9sir\u00e9es auraient \u00e9t\u00e9 \u00e9vit\u00e9es si des pr\u00e9servatifs externes (pour le p\u00e9nis) avaient \u00e9t\u00e9 utilis\u00e9s pendant les rapports sexuels, tandis que les pr\u00e9servatifs internes (pour le vagin) ont un niveau d&rsquo;efficacit\u00e9 l\u00e9g\u00e8rement inf\u00e9rieur : 95 % s&rsquo;ils sont bien utilis\u00e9s.<br>Les pr\u00e9servatifs internes ont un niveau d&rsquo;efficacit\u00e9 l\u00e9g\u00e8rement inf\u00e9rieur : 95 % s&rsquo;ils sont bien utilis\u00e9s.<br>Alors que d&rsquo;autres contraceptifs tels que la pilule prot\u00e8gent contre les grossesses non planifi\u00e9es, ils n&rsquo;offrent aucune protection contre les IST, contrairement aux pr\u00e9servatifs.<br>L&rsquo;utilisation d&rsquo;un pr\u00e9servatif avec d&rsquo;autres m\u00e9thodes de contraception offre une protection suppl\u00e9mentaire contre la grossesse et les infections.<\/p>\n\n\n\n<p><strong>Les avantages des pr\u00e9servatifs<br><\/strong>Par rapport \u00e0 d&rsquo;autres produits qui prot\u00e8gent contre la grossesse et les IST, les pr\u00e9servatifs sont :<br>&#8211; \u00e9conomiquement abordables (vous pouvez \u00e9galement en obtenir gratuitement aupr\u00e8s des Checkpoints) <br>&#8211; faciles \u00e0 trouver<br>&#8211; utilis\u00e9 uniquement pendant les rapports sexuels<br>&#8211; sans effets secondaires<br>&#8211; facilement utilisables par n&rsquo;importe qui et sans l&rsquo;aide d&rsquo;un professionnel de sant\u00e9.<\/p>\n\n\n\n<p><strong>Demander \u00e0 un partenaire d&rsquo;utiliser un pr\u00e9servatif<br><\/strong>Vous pouvez avoir des pr\u00e9servatifs mais avoir des difficult\u00e9s \u00e0 les utiliser (ou \u00e0 demander \u00e0 quelqu&rsquo;un d&rsquo;autre de les utiliser).<br>Il peut \u00eatre difficile d&rsquo;introduire un pr\u00e9servatif dans le feu de l&rsquo;action. C&rsquo;est pourquoi il est toujours pr\u00e9f\u00e9rable d&rsquo;aborder le sujet bien avant le d\u00e9but des rapports sexuels. Votre partenaire peut \u00eatre soulag\u00e9 que vous en ayez parl\u00e9.<\/p>\n\n\n\n<p><strong>Types de pr\u00e9servatifs<br><\/strong>Le pr\u00e9servatif externe est port\u00e9 sur le p\u00e9nis en \u00e9rection ou le jouet sexuel, tandis que le pr\u00e9servatif interne est unepoche avec deux anneaux \u00e0 l&rsquo;int\u00e9rieur ins\u00e9r\u00e9e dans le vagin avant le rapport sexuel.<br>Un pr\u00e9servatif doit porter un ou les deux symbole(s) ci-dessous, signe qu&rsquo;il a r\u00e9ussi certains tests et qu&rsquo;il est de bonne qualit\u00e9 :<br><\/p>\n\n\n\n<p><img loading=\"lazy\" decoding=\"async\" alt=\"British Standard\/CE kitemarks\" src=\"https:\/\/lh6.googleusercontent.com\/fp9oBfK8zAjOJLYyzHkRNCVjjIDRmqBHMZdZDPlZ1hJJrnTFB_GrfXN5SiOi4NjduSDS7DJCuYtzkg_hwZrbTFyRp3quFcrdJYIZjbfc-YkFAFC8pYu7p8EcNC386QdCJSE0uXzDygrTwa0M-SLI8w\" width=\"134\" height=\"48\"><\/p>\n\n\n\n<p><strong>Pr\u00e9servatifs externes<br>Tailles et types<br><\/strong>Les p\u00e9nis sont de tailles diff\u00e9rentes, donc une m\u00eame taille de pr\u00e9servatif ne conviendra pas \u00e0 tous.<br>Un pr\u00e9servatif trop petit peut \u00eatre inconfortable et plus susceptible d&rsquo;\u00e9clater ; trop grand, il sera plus susceptible de s\u2019enlever pendant les rapports sexuels.<br>Les tailles sont indiqu\u00e9es sur le paquet :<br>les pr\u00e9servatifs plus petits sont commercialis\u00e9s sous les appellations \u00ab confort \u00bb, \u00ab fin \u00bb ou \u00ab ajust\u00e9 \u00bb<br>les plus grands sont souvent d\u00e9crits comme \u00ab XL \u00bb.<br><strong>Qu&rsquo;est-ce qu&rsquo;un spermicide?<br><\/strong>Certains pr\u00e9servatifs sont recouverts d&rsquo;un spermicide, un produit chimique qui tue le sperme (l&#8217;emballage indiquera si un spermicide a \u00e9t\u00e9 utilis\u00e9).<br>\u00c9vitez les pr\u00e9servatifs contenant du nonoxynol-9, qui est un spermicide qui irrite souvent la peau.<br>Comme les spermicides en g\u00e9n\u00e9ral peuvent irriter la peau et augmenter le risque d&rsquo;infections, les pr\u00e9servatifs qui n&rsquo;en contiennent pas sont recommand\u00e9s si vous avez le choix.<br><strong>Dois-je utiliser des pr\u00e9servatifs fantaisie?<br><\/strong>Les pr\u00e9servatifs peuvent avoir diff\u00e9rentes saveurs (une bonne id\u00e9e si vous souhaitez les utiliser pour le sexe oral) ou avec des surfaces nervur\u00e9es ou fa\u00e7onn\u00e9es pour augmenter le plaisir ; m\u00eame des pr\u00e9servatifs \u00ab brillant dans le noir \u00bb sont disponibles.<br>V\u00e9rifiez l&#8217;emballage de tout pr\u00e9servatif fantaisie au cas o\u00f9 il ne serait pas recommand\u00e9 \u00e0 des fins sexuelles. N&rsquo;utilisez que des pr\u00e9servatifs portant les marques europ\u00e9ennes ou britanniques ci-dessus.<br><strong>Combien de temps puis-je conserver un pr\u00e9servatif?<br><\/strong>Les pr\u00e9servatifs devraient durer environ cinq ans s&rsquo;ils sont conserv\u00e9s correctement (une date limite de consommation figure sur chaque emballage). Gardez-les \u00e0 l&rsquo;abri de l&rsquo;humidit\u00e9 et de la chaleur (par exemple, radiateurs, lampes, lumi\u00e8re directe du soleil).<br>Ce n&rsquo;est pas une bonne id\u00e9e de garder un pr\u00e9servatif dans votre poche pendant longtemps car il peut \u00eatre endommag\u00e9 par la chaleur corporelle et \u00eatre \u00e9cras\u00e9.<\/p>\n\n\n\n<p><strong>Probl\u00e8mes avec les pr\u00e9servatifs<br><\/strong>Certaines personnes trouvent les pr\u00e9servatifs difficiles \u00e0 utiliser. Parfois, les choses tournent mal. Voici quelques conseils pour les probl\u00e8mes les plus courants.<br><strong>Enfiler des pr\u00e9servatifs<br><\/strong>Certains trouvent que rouler un pr\u00e9servatif sur leur p\u00e9nis en \u00e9rection est inconfortable.<br>Si l&rsquo;utilisation d&rsquo;un pr\u00e9servatif plus grand et plus large n&rsquo;aide pas, une solution peut \u00eatre de d\u00e9rouler un peu le pr\u00e9servatif d&rsquo;abord, puis de le placer sur le p\u00e9nis en \u00e9rection de la m\u00eame mani\u00e8re que vous mettriez une chaussette sur un pied, en faisant attention \u00e0 ne pas emprisonner l&rsquo;air sous le pr\u00e9servatif ou le d\u00e9chirer.<br><strong>Perte de sensation<br><\/strong>Si vous craignez une perte de sensation, optez pour un pr\u00e9servatif tr\u00e8s fin ou l\u00e9ger.<br>Plus le pr\u00e9servatif est fin, meilleure est la sensation ; la bonne taille est \u00e9galement importante.<br>Certains pr\u00e9servatifs sont disponibles avec des surfaces nervur\u00e9es, sur\u00e9lev\u00e9es et profil\u00e9es con\u00e7ues pour augmenter la sensation chez les deux partenaires.<br>Un avantage des pr\u00e9servatifs internes est qu&rsquo;ils ne r\u00e9duisent pas la sensation dans le p\u00e9nis comme les pr\u00e9servatifs externes peuvent le faire.<br><strong>Garder l&rsquo;\u00e9rection<br><\/strong>Si mettre un pr\u00e9servatif interf\u00e8re avec votre \u00e9rection, essayez de saisir la base de votre p\u00e9nis avant de le mettre, cela emprisonne le sang, aidant \u00e0 garder votre p\u00e9nis dur.<br>Un anneau p\u00e9nien a le m\u00eame effet mais il dure plus longtemps. Demander \u00e0 votre partenaire de mettre le pr\u00e9servatif peut \u00e9galement aider.<br>Une taille plus large de pr\u00e9servatifs (comme Trojan Magnum, Pleasure Plus ou Durex Comfort XL) pourrait \u00e9galement avoir moins d&rsquo;effet n\u00e9gatif sur votre \u00e9rection. Les tailles plus larges devraient toujours rester en place car l&rsquo;anneau \u00e0 la base n&rsquo;est pas plus grand que pour les autres types de pr\u00e9servatifs.<br>Les pr\u00e9servatifs internes peuvent \u00e9galement \u00eatre une solution si vous trouvez les pr\u00e9servatifs externes restrictifs.<br><strong>Allergie au latex<br><\/strong>Pour les personnes allergiques au latex (il rend leur peau rouge ou provoque des d\u00e9mangeaisons), des pr\u00e9servatifs externes et internes sont disponibles, fabriqu\u00e9s \u00e0 partir de mat\u00e9riaux sans latex.<br>Ces mat\u00e9riaux n&rsquo;ont pas non plus d&rsquo;odeur de latex.<br><strong>Pr\u00e9servatifs et interruptions<br><\/strong>Devoir s&rsquo;arr\u00eater pendant les rapports sexuels pour chercher un pr\u00e9servatif peut tuer le plaisir.<br>Placez-les dans des endroits o\u00f9 ils seront faciles \u00e0 trouver. Garder des pr\u00e9servatifs dans votre portefeuille, votre sac \u00e0 main ou \u00e0 c\u00f4t\u00e9 du lit montre que vous assumez la responsabilit\u00e9 de vous-m\u00eame et de votre partenaire sexuel.<br><strong>Que faire quand les pr\u00e9servatifs se cassent?<br><\/strong>Si vous avez des relations sexuelles plus violentes ou plus longues, le pr\u00e9servatif peut se fendre. \u00c9videmment, cela pourrait vous exposer, vous ou votre partenaire, \u00e0 une grossesse non d\u00e9sir\u00e9e, au VIHou \u00e0 une autre IST..<br>Vous pouvez prendre une contraception d&rsquo;urgence pour r\u00e9duire le risque de grossesse ou une prophylaxie post-exposition (PPE) pour r\u00e9duire le risque de transmission du VIH, mais vous devez agir rapidement(dans les 4 \u00e0 72 heures)<br>Il ne semble pas y avoir de diff\u00e9rence dans les taux de rupture entre les pr\u00e9servatifs plus \u00e9pais et plus fins, mais certaines personnes pr\u00e9f\u00e8rent utiliser des pr\u00e9servatifs plus \u00e9pais pour une protection suppl\u00e9mentaire, en particulier pour les rapports sexuels anaux.<\/p>\n","protected":false},"excerpt":{"rendered":"<p>Les pr\u00e9servatifs sont le moyen le plus efficace de prot\u00e9ger votre sant\u00e9 sexuelle, car ils constituent une barri\u00e8re qui emp\u00eache le sperme, le liquide pr\u00e9-\u00e9jaculatoire, les virus et les bact\u00e9ries de passer d&rsquo;une personne \u00e0 une autre.Le pr\u00e9servatif externe ou \u00ab masculin \u00bb est port\u00e9 sur le p\u00e9nis en \u00e9rection (ou sur des jouets sexuels), tandis que le pr\u00e9servatif interne &#8230;<\/p>\n","protected":false},"author":6,"featured_media":0,"parent":0,"menu_order":0,"comment_status":"closed","ping_status":"closed","template":"","meta":{"footnotes":""},"class_list":["post-6216","page","type-page","status-publish","hentry","no-post-thumbnail"],"_links":{"self":[{"href":"https:\/\/refcheckpoint.gr\/fr\/wp-json\/wp\/v2\/pages\/6216","targetHints":{"allow":["GET"]}}],"collection":[{"href":"https:\/\/refcheckpoint.gr\/fr\/wp-json\/wp\/v2\/pages"}],"about":[{"href":"https:\/\/refcheckpoint.gr\/fr\/wp-json\/wp\/v2\/types\/page"}],"author":[{"embeddable":true,"href":"https:\/\/refcheckpoint.gr\/fr\/wp-json\/wp\/v2\/users\/6"}],"replies":[{"embeddable":true,"href":"https:\/\/refcheckpoint.gr\/fr\/wp-json\/wp\/v2\/comments?post=6216"}],"version-history":[{"count":0,"href":"https:\/\/refcheckpoint.gr\/fr\/wp-json\/wp\/v2\/pages\/6216\/revisions"}],"wp:attachment":[{"href":"https:\/\/refcheckpoint.gr\/fr\/wp-json\/wp\/v2\/media?parent=6216"}],"curies":[{"name":"wp","href":"https:\/\/api.w.org\/{rel}","templated":true}]}}