{"id":6219,"date":"2023-04-05T16:49:06","date_gmt":"2023-04-05T13:49:06","guid":{"rendered":"https:\/\/refcheckpoint.gr\/contraception-barrier-methods\/"},"modified":"2023-04-07T10:41:56","modified_gmt":"2023-04-07T07:41:56","slug":"contraception-barrier-methods","status":"publish","type":"page","link":"https:\/\/refcheckpoint.gr\/fr\/contraception-barrier-methods\/","title":{"rendered":"La contraception: m\u00e9thodes barri\u00e8re"},"content":{"rendered":"\n<p>Les principaux types de contraception comprennent les m\u00e9thodes barri\u00e8res, les m\u00e9thodes hormonales et la contraception r\u00e9versible \u00e0 longue dur\u00e9e d&rsquo;action (LARC). Il existe des m\u00e9thodes permanentes comme la st\u00e9rilisation, et d&rsquo;autres plus longues comme la planification familiale naturelle.<br>Il est \u00e9galement important de conna\u00eetre vos options de contraception d&rsquo;urgence<\/p>\n\n\n\n<p><strong>M\u00e9thodes barri\u00e8re<br><\/strong>La contraception barri\u00e8re se pr\u00e9sente sous plusieurs formes, comme les pr\u00e9servatifs externes et internes, les diaphragmes et les capes cervicales.<br>&#8211; Comment utiliser un pr\u00e9servatif externe (parfois appel\u00e9 pr\u00e9servatif \u00abmasculin\u00bb)<br>&#8211; Comment utiliser un pr\u00e9servatif interne (parfois appel\u00e9 pr\u00e9servatif \u00abf\u00e9minin\u00bb ou Femidom)<br>Un diaphragme ou une cape cervicale est un petit d\u00f4me en forme de bol en silicone ou en latex. Il\/elle emp\u00eache les spermatozo\u00efdes d&rsquo;atteindre un ovule en recouvrant le col de l&rsquo;ut\u00e9rus. Il\/elle s&rsquo;ins\u00e8re dans le vagin.<br>Les diaphragmes et les capes cervicales sont toujours utilis\u00e9s avec un spermicide, un gel ou une mousse chimique qui tue les spermatozo\u00efdes. Vous pouvez mettre votre diaphragme ou votre cape cervicale avec un spermicide jusqu&rsquo;\u00e0 3 heures avant d&rsquo;avoir des rapports sexuels. Il\/elle doit \u00eatre laiss\u00e9(e) en place pendant au moins 6 heures apr\u00e8s le rapport sexuel.<\/p>\n\n\n\n<p><strong>Quelle est l&rsquo;efficacit\u00e9 de cette m\u00e9thode?<br><\/strong>Lorsqu&rsquo;il est correctement ajust\u00e9 et utilis\u00e9 avec un spermicide, le diaphragme est efficace \u00e0 hauteur d&rsquo;un taux de 92-96 % pour \u00e9viter la grossesse.<\/p>\n\n\n\n<p><strong>Les avantages des diaphragmes et capes cervicales:<br><\/strong>&#8211; Ils n&rsquo;interrompent pas le rapport sexuel parce qu&rsquo;ils peuvent \u00eatre mis en place avant. Vous devrez ajouter un spermicide suppl\u00e9mentaire si le rapport sexuel a lieu plus de 3 heures apr\u00e8s avoir mis le dispositif.<br>&#8211; Ils ne pr\u00e9sentent aucun risque pour la sant\u00e9.<br>&#8211; Ils ne contiennent aucune hormone.<br>&#8211; Ils sont disponibles en latex et sans latex, de sorte qu&rsquo;ils sont toujours une option si vous avez une allergie au latex.<br>&#8211; Certaines recherches sugg\u00e8rent que l&rsquo;utilisation du diaphragme peut offrir une certaine protection contre le cancer du col de l&rsquo;ut\u00e9rus et certaines infections sexuellement transmissibles (IST) car le diaphragme ou la cape cervicale recouvre et prot\u00e8ge les principales parties du corps \u00e0 risque d&rsquo;infection.<\/p>\n\n\n\n<p><strong>Inconv\u00e9nients des diaphragmes et des capes cervicales:<br><\/strong>&#8211; Cela peut prendre un certain temps pour apprendre \u00e0 les ajuster correctement.<br>&#8211; Certaines personnes trouvent que le spermicide est salissant ou irrite leur peau.<br>&#8211; L&rsquo;utilisation du diaphragme peut, dans de tr\u00e8s rares cas, provoquer une cystite.<br>Ils ne sont pas aussi efficaces pour pr\u00e9venir la grossesse que la plupart des autres types de contraception.<\/p>\n\n\n\n<p><strong>Ce qu&rsquo;il faut garder \u00e0 l&rsquo;esprit<br><\/strong>Si vous prenez ou perdez du poids, votre diaphragme peut ne pas s&rsquo;ajuster correctement et sera moins efficace. Si votre poids change, il est important de consulter un m\u00e9decin ou une infirmi\u00e8re pour obtenir un nouveau diaphragme.<br>Plus important encore, <strong>le diaphragme et la cape cervicale n&rsquo;offrent aucune protection contre le VIH<\/strong>, bien qu&rsquo;ils puissent prot\u00e9ger contre certaines autres IST.<br><strong>O\u00f9 puis-je me les procurer et combien cela co\u00fbte-t-il?<br><\/strong>Le diaphragme est disponible gratuitement aupr\u00e8s du Syst\u00e8me de sant\u00e9 national grec. On ne peut l&rsquo;obtenir que sur ordonnance. Celle-ci peut \u00eatre \u00e9tablie par votre m\u00e9decin g\u00e9n\u00e9raliste ou par votre h\u00f4pital en cas de probl\u00e8mes gyn\u00e9cologiques<\/p>\n","protected":false},"excerpt":{"rendered":"<p>Les principaux types de contraception comprennent les m\u00e9thodes barri\u00e8res, les m\u00e9thodes hormonales et la contraception r\u00e9versible \u00e0 longue dur\u00e9e d&rsquo;action (LARC). Il existe des m\u00e9thodes permanentes comme la st\u00e9rilisation, et d&rsquo;autres plus longues comme la planification familiale naturelle.Il est \u00e9galement important de conna\u00eetre vos options de contraception d&rsquo;urgence M\u00e9thodes barri\u00e8reLa contraception barri\u00e8re se pr\u00e9sente sous plusieurs formes, comme les pr\u00e9servatifs &#8230;<\/p>\n","protected":false},"author":6,"featured_media":0,"parent":0,"menu_order":0,"comment_status":"closed","ping_status":"closed","template":"","meta":{"footnotes":""},"class_list":["post-6219","page","type-page","status-publish","hentry","no-post-thumbnail"],"_links":{"self":[{"href":"https:\/\/refcheckpoint.gr\/fr\/wp-json\/wp\/v2\/pages\/6219","targetHints":{"allow":["GET"]}}],"collection":[{"href":"https:\/\/refcheckpoint.gr\/fr\/wp-json\/wp\/v2\/pages"}],"about":[{"href":"https:\/\/refcheckpoint.gr\/fr\/wp-json\/wp\/v2\/types\/page"}],"author":[{"embeddable":true,"href":"https:\/\/refcheckpoint.gr\/fr\/wp-json\/wp\/v2\/users\/6"}],"replies":[{"embeddable":true,"href":"https:\/\/refcheckpoint.gr\/fr\/wp-json\/wp\/v2\/comments?post=6219"}],"version-history":[{"count":0,"href":"https:\/\/refcheckpoint.gr\/fr\/wp-json\/wp\/v2\/pages\/6219\/revisions"}],"wp:attachment":[{"href":"https:\/\/refcheckpoint.gr\/fr\/wp-json\/wp\/v2\/media?parent=6219"}],"curies":[{"name":"wp","href":"https:\/\/api.w.org\/{rel}","templated":true}]}}