{"id":6226,"date":"2023-04-05T16:52:07","date_gmt":"2023-04-05T13:52:07","guid":{"rendered":"https:\/\/refcheckpoint.gr\/emergency-contraception\/"},"modified":"2023-04-07T10:49:07","modified_gmt":"2023-04-07T07:49:07","slug":"emergency-contraception","status":"publish","type":"page","link":"https:\/\/refcheckpoint.gr\/fr\/emergency-contraception\/","title":{"rendered":"Contraception d&rsquo;urgence"},"content":{"rendered":"\n<p>La contraception d&rsquo;urgence peut \u00eatre utilis\u00e9e par une femme si elle n&rsquo;a pas employ\u00e9 de contraception lors des rapports sexuels, ou si la contraception qu&rsquo;elle a utilis\u00e9e a \u00e9chou\u00e9. Par exemple, un pr\u00e9servatif s&rsquo;est fendu ou elle a oubli\u00e9 une pilule et elle ne veut pas tomber enceinte.<br>Il existe trois types de contraception d&rsquo;urgence : le dispositif intra-ut\u00e9rin d&rsquo;urgence (DIU) et deux types de pilules contraceptives d&rsquo;urgence (parfois appel\u00e9es \u00ab pilule du lendemain \u00bb, bien qu&rsquo;elles puissent \u00eatre utilis\u00e9es de mani\u00e8re efficace plusieurs jours apr\u00e8s le rapport sexuel).<br><strong>La contraception d&rsquo;urgence n&rsquo;est pas une forme d&rsquo;avortement.<\/strong><\/p>\n\n\n\n<p><strong>DIU<br><\/strong>Un DIU au cuivre peut \u00eatre utilis\u00e9 comme contraception d&rsquo;urgence jusqu&rsquo;\u00e0 120 heures (cinq jours) apr\u00e8s un rapport sexuel non prot\u00e9g\u00e9 (parfois m\u00eame plus longtemps), tant que vous \u00eates certaine de ne pas \u00eatre d\u00e9j\u00e0 enceinte.<br>Un DIU permettra d&rsquo;\u00e9viter 99 % des grossesses.<br>Il doit \u00eatre plac\u00e9 par une infirmi\u00e8re ou par un m\u00e9decin sp\u00e9cialement form\u00e9(e). Le professionnel de sant\u00e9 devra d&rsquo;abord poser quelques questions pour d\u00e9cider s&rsquo;il est s\u00fbr d&rsquo;utiliser cette m\u00e9thode de contraception d&rsquo;urgence.<br>Le DIU convient aux femmes sous traitement anti-VIH car il ne contient aucune hormone.<\/p>\n\n\n\n<p><strong>Pilules contraceptives d&rsquo;urgence<\/strong><\/p>\n\n\n\n<p>Pour plus d&rsquo;informations sur les m\u00e9thodes contraceptives, consultez l&rsquo;adresse Internet suivante :<br>https:\/\/www.ec-ec.org\/emergency-contraception-in-europe\/country-by-country-information-2\/greece\/<\/p>\n\n\n\n<p><strong>Avantages de la contraception d&rsquo;urgence<br><\/strong>La pilule contraceptive d&rsquo;urgence est facile \u00e0 prendre, peut \u00eatre prise par la plupart des femmes et est assez facile \u00e0 se procurer car elle peut \u00eatre prescrite gratuitement par n&rsquo;importe quel m\u00e9decin et de nombreuses infirmi\u00e8res.<br>Elle n&rsquo;a pas d&rsquo;effets secondaires \u00e0 long terme et elle est tr\u00e8s s\u00fbre.<br>Il n&rsquo;y a aucun effet connu sur les b\u00e9b\u00e9s n\u00e9s de femmes qui ont pris une contraception d&rsquo;urgence qui a \u00e9chou\u00e9, et qui ont ensuite poursuivi la grossesse.<br>Le DIU peut \u00eatre laiss\u00e9 en place comme m\u00e9thode de contraception permanente pendant 5 \u00e0 10 ans, selon le type de st\u00e9rilet utilis\u00e9.<\/p>\n\n\n\n<p><strong>Inconv\u00e9nients de la contraception d&rsquo;urgence<br><\/strong>Elle n&rsquo;est pas aussi efficace que la contraception r\u00e9guli\u00e8re. La prendre ne garantit pas que vous ne tomberez pas enceinte.<br>Elle n&rsquo;offre aucune protection contre les infections sexuellement transmissibles, y compris le VIH.<br>La prise de la pilule peut provoquer des saignements irr\u00e9guliers ou perturber les r\u00e8gles, les faisant arriver plus t\u00f4t ou plus tard que pr\u00e9vu. Cela est plus susceptible de se produire lorsqu&rsquo;elle est pris plus d&rsquo;une fois.<br>Le DIU doit \u00eatre ins\u00e9r\u00e9 par un m\u00e9decin ou une infirmi\u00e8re sp\u00e9cialement form\u00e9(e) et n&rsquo;est donc pas facilement accessible.<br>Sa mise en place peut s\u2019av\u00e9rer douloureuse et il existe un faible risque de d\u00e9velopper une infection.<\/p>\n\n\n\n<p><strong>O\u00f9 l\u2019obtenir?<br><\/strong>Les pilules contraceptives d&rsquo;urgence sont disponibles gratuitement aupr\u00e8s des m\u00e9decins g\u00e9n\u00e9ralistes, certaines cliniques de m\u00e9decine g\u00e9nito-urinaire, unit\u00e9s du syst\u00e8me national de sant\u00e9 charg\u00e9es des blessures mineures et services d&rsquo;urgence des h\u00f4pitaux et des pharmacies (le co\u00fbt pour deux pilules varie de 9 \u00e0 25 euros).<br>Vous pouvez acheter une pilule contraceptive d&rsquo;urgence en pharmacie si vous avez plus de 16 ans.<br>Les pilules peuvent \u00eatre achet\u00e9es en ligne avant que vous n&rsquo;en ayez besoin. C&rsquo;est une bonne id\u00e9e de demander conseil \u00e0 un m\u00e9decin ou \u00e0 une infirmi\u00e8re pour se procurer une contraception d&rsquo;urgence \u00e0 l\u2019avance.<\/p>\n\n\n\n<p><strong>Qui peut utiliser la contraception d&rsquo;urgence?<br><\/strong>Toute femme, fille, personne non binaire ou transgenre en \u00e2ge de procr\u00e9er peut avoir besoin d&rsquo;une contraception d&rsquo;urgence pour \u00e9viter une grossesse non d\u00e9sir\u00e9e. Il n&rsquo;y a pas de contre-indications m\u00e9dicales absolues \u00e0 l&rsquo;utilisation de la contraception d&rsquo;urgence. Il n&rsquo;y a pas de limite d&rsquo;\u00e2ge pour l&rsquo;utilisation de la contraception d&rsquo;urgence.<br>https:\/\/www.who.int\/news-room\/fact-sheets\/detail\/emergency-contraception.<\/p>\n\n\n\n<p><strong>Ce qu&rsquo;il faut garder \u00e0 l&rsquo;esprit<br><\/strong>Prendre la pilule contraceptive d&rsquo;urgence ne vous prot\u00e8ge pas si vous avez d&rsquo;autres rapports sexuels non prot\u00e9g\u00e9s par la suite.<br>Ce n&rsquo;est pas ce que vous devriez utiliser \u00e0 la place d&rsquo;une contraception r\u00e9guli\u00e8re, car elle n&rsquo;est pas aussi efficace pour pr\u00e9venir la grossesse.<\/p>\n","protected":false},"excerpt":{"rendered":"<p>La contraception d&rsquo;urgence peut \u00eatre utilis\u00e9e par une femme si elle n&rsquo;a pas employ\u00e9 de contraception lors des rapports sexuels, ou si la contraception qu&rsquo;elle a utilis\u00e9e a \u00e9chou\u00e9. Par exemple, un pr\u00e9servatif s&rsquo;est fendu ou elle a oubli\u00e9 une pilule et elle ne veut pas tomber enceinte.Il existe trois types de contraception d&rsquo;urgence : le dispositif intra-ut\u00e9rin d&rsquo;urgence (DIU) &#8230;<\/p>\n","protected":false},"author":6,"featured_media":0,"parent":0,"menu_order":0,"comment_status":"closed","ping_status":"closed","template":"","meta":{"footnotes":""},"class_list":["post-6226","page","type-page","status-publish","hentry","no-post-thumbnail"],"_links":{"self":[{"href":"https:\/\/refcheckpoint.gr\/fr\/wp-json\/wp\/v2\/pages\/6226","targetHints":{"allow":["GET"]}}],"collection":[{"href":"https:\/\/refcheckpoint.gr\/fr\/wp-json\/wp\/v2\/pages"}],"about":[{"href":"https:\/\/refcheckpoint.gr\/fr\/wp-json\/wp\/v2\/types\/page"}],"author":[{"embeddable":true,"href":"https:\/\/refcheckpoint.gr\/fr\/wp-json\/wp\/v2\/users\/6"}],"replies":[{"embeddable":true,"href":"https:\/\/refcheckpoint.gr\/fr\/wp-json\/wp\/v2\/comments?post=6226"}],"version-history":[{"count":0,"href":"https:\/\/refcheckpoint.gr\/fr\/wp-json\/wp\/v2\/pages\/6226\/revisions"}],"wp:attachment":[{"href":"https:\/\/refcheckpoint.gr\/fr\/wp-json\/wp\/v2\/media?parent=6226"}],"curies":[{"name":"wp","href":"https:\/\/api.w.org\/{rel}","templated":true}]}}