{"id":6228,"date":"2023-04-05T16:56:06","date_gmt":"2023-04-05T13:56:06","guid":{"rendered":"https:\/\/refcheckpoint.gr\/hormonal-contraception\/"},"modified":"2023-04-07T10:54:21","modified_gmt":"2023-04-07T07:54:21","slug":"hormonal-contraception","status":"publish","type":"page","link":"https:\/\/refcheckpoint.gr\/fr\/hormonal-contraception\/","title":{"rendered":"Contraception hormonale"},"content":{"rendered":"\n<p>Il existe de nombreux types de contraception hormonale: la pilule, la mini-pilule, le patch contraceptif et l&rsquo;anneau vaginal, ainsi que les m\u00e9thodes de contraception r\u00e9versibles \u00e0 longue dur\u00e9e d&rsquo;action.<\/p>\n\n\n\n<p><strong>Pilule contraceptive hormonale combin\u00e9e (la pilule)<br><\/strong>La pilule, ou pilule combin\u00e9e, est un ensemble de comprim\u00e9s contenant deux hormones, l&rsquo;\u0153strog\u00e8ne et la progest\u00e9rone. Pour \u00e9viter la grossesse, les hormones:<br>&#8211; arr\u00eatent la lib\u00e9ration d&rsquo;ovules de vos ovaires chaque mois (c&rsquo;est la principale fa\u00e7on dont elles fonctionnent) et<br>&#8211; \u00e9paississent le mucus dans votre cervix (col de l&rsquo;ut\u00e9rus) (cela rend difficile pour les spermatozo\u00efdes de le traverser et d&rsquo;atteindre un ovule) et<br>&#8211; rendent la muqueuse de votre ut\u00e9rus plus mince afin qu&rsquo;elle soit moins susceptible d&rsquo;accueillir un ovule f\u00e9cond\u00e9.<br>La pilule fonctionne sur un cycle de 28 jours. Avec le type le plus courant, vous prenez la pilule tous les jours, \u00e0 la m\u00eame heure, pendant 21 jours, puis vous faites une pause de 7 jours.<\/p>\n\n\n\n<p><strong>Pilule \u00e0 progestatif seul (la mini-pilule)<br><\/strong>La pilule \u00e0 progestatif seul, ou la \u00ab mini-pilule \u00bb, est un comprim\u00e9 quotidien contenant l&rsquo;hormone progest\u00e9rone.<br>Pour \u00e9viter une grossesse, la mini-pilule :<br>&#8211; \u00e9paissit le mucus dans votre col de l&rsquo;ut\u00e9rus (cela rend difficile pour les spermatozo\u00efdes de le traverser et d&rsquo;atteindre un ovule) et<br>&#8211; rend la muqueuse de votre ut\u00e9rus plus mince, de sorte qu&rsquo;il est moins susceptible d&rsquo;accueillir un ovule f\u00e9cond\u00e9.<br>Les versions plus r\u00e9centes emp\u00eachent \u00e9galement la lib\u00e9ration d&rsquo;ovules.<br>On prend la pilule \u00e0 la m\u00eame heure tous les jours. On ne fait pas de pause comme avec la pilule combin\u00e9e.<\/p>\n\n\n\n<p><strong>Patch contraceptif<br><\/strong>Le patch contraceptif est un petit patch mince et collant qui contient 2 hormones, l&rsquo;\u0153strog\u00e8ne et la progest\u00e9rone. On le place sur la peau et les deux hormones sont lib\u00e9r\u00e9es dans la circulation sanguine.<br>Il pr\u00e9vient la grossesse de la m\u00eame mani\u00e8re que la pilule combin\u00e9e.<br>Au Royaume-Uni, le nom de la marque est Evra.<br>Le patch fonctionne \u00e9galement sur un cycle de 28 jours. On applique un nouveau patch tous les 7 jours pendant 21 jours, puis on fait une pause de 7 jours sans patch. \u00c0 la fin de la pause de 7 jours, on applique un nouveau patch pour d\u00e9marrer un nouveau cycle.<\/p>\n\n\n\n<p><strong>Anneau vaginal contraceptif<br><\/strong>L&rsquo;anneau vaginal est un anneau en plastique souple et transparent qui contient 2 hormones, l&rsquo;\u0153strog\u00e8ne et la progest\u00e9rone.<br>Il pr\u00e9vient la grossesse au m\u00eame titre que la pilule combin\u00e9e.<br>Au Royaume-Uni, il porte la marque NuvaRing.<br>L&rsquo;anneau fonctionne sur un cycle de 28 jours. On le place \u00e0 l\u2019int\u00e9rieur du vagin, o\u00f9 il lib\u00e8re continuellement des hormones dans le corps.<br>Il faut le porter pendant 21 jours, puis l\u2019extraire et faire une pause de 7 jours. Apr\u00e8s la pause de 7 jours, on place un nouvel anneau pour commencer un nouveau cycle.<\/p>\n\n\n\n<p><strong>Quelle est le niveau d&rsquo;efficacit\u00e9 de la contraception hormonale?<br><\/strong>Si l&rsquo;on utilise correctement la contraception hormonale tout le temps, elle sera efficace \u00e0 plus de 99 % pour pr\u00e9venir la grossesse. Moins d&rsquo;une femme sur 100 qui utilise correctement la contraception hormonale tombera enceinte.<\/p>\n\n\n\n<p><strong>Avantages de la contraception hormonale:<br><\/strong>&#8211; Elle n&rsquo;interrompt pas le rapport sexuel.<br>&#8211; Vous aurez probablement des r\u00e8gles plus l\u00e9g\u00e8res, douleurs menstruelles r\u00e9duites et moins de sympt\u00f4mes pr\u00e9menstruels. Certains types de pilules peuvent \u00e9galement aider \u00e0 r\u00e9duire l\u2019acn\u00e9.<br>&#8211; Selon les r\u00e9sultats de certaines recherches, elle peut fournir une protection contre le cancer de l&rsquo;ovaire, de l&rsquo;ut\u00e9rus et du c\u00f4lon.<\/p>\n\n\n\n<p><strong>Inconv\u00e9nients de la contraception hormonale<br><\/strong>Il peut y avoir des effets secondaires temporaires, tels que :<br>&#8211; sensibilit\u00e9 des seins<br>&#8211; l\u00e9ger saignement<br>&#8211; changements d&rsquo;humeur.<br>Il peut \u00e9galement y avoir des effets secondaires plus graves, tels que :<br>&#8211; le sang qui devient plus visqueux<br>&#8211; une l\u00e9g\u00e8re augmentation du risque de caillots sanguins<br>&#8211; une l\u00e9g\u00e8re augmentation du risque de cancer du sein et du col de l&rsquo;ut\u00e9rus.<br>Certains de ces risques peuvent \u00eatre plus importants, en fonction de vos ant\u00e9c\u00e9dents m\u00e9dicaux familiaux.<br>Plus important encore,<strong> la contraception hormonale n&rsquo;offre aucune protection contre le VIH ni d&rsquo;autres infections sexuellement transmissibles, contrairement au pr\u00e9servatif<\/strong>.<\/p>\n\n\n\n<p><strong>Ce qu&rsquo;il faut garder \u00e0 l&rsquo;esprit<br><\/strong>La contraception hormonale ne convient pas \u00e0 tout le monde.<br>Le m\u00e9decin ou l&rsquo;infirmi\u00e8re qui vous la prescrit doit conna\u00eetre :<br>1. vos ant\u00e9c\u00e9dents m\u00e9dicaux<br>2. les ant\u00e9c\u00e9dents m\u00e9dicaux de votre famille<br>3. tout autre m\u00e9dicament que vous prenez.<br>Les hormones sont moins susceptibles d&rsquo;\u00eatre prescrites aux femmes qui :<br>&#8211; ont une pression art\u00e9rielle \u00e9lev\u00e9e<br>&#8211; ont plus de 35 ans<br>&#8211; fument<br>&#8211; souffre de migraines<br>&#8211; sont plut\u00f4t en surpoids.<br>La prise d&rsquo;autres m\u00e9dicaments, tels que des antibiotiques et des m\u00e9dicaments anti\u00e9pileptiques, peut rendre les pilules hormonales moins efficaces.<br>Et si vous avez de la diarrh\u00e9e ou des vomissements, la pilule peut ne pas fonctionner et vous devrez utiliser une m\u00e9thode de contraception suppl\u00e9mentaire, comme des pr\u00e9servatifs.<br>Plus important encore, la contraception hormonale n&rsquo;offre aucune protection contre le VIH ni d&rsquo;autres infections sexuellement transmissibles, contrairement \u00e0 un pr\u00e9servatif.<\/p>\n\n\n\n<p><strong>O\u00f9 obtenir une contraception hormonale?<br><\/strong>Toute contraception hormonale est gratuite dans le cadre du Syst\u00e8me de sant\u00e9 national grec avec une ordonnance d\u00e9livr\u00e9e par :<br>un obst\u00e9tricien\/gyn\u00e9cologue dans un cabinet ou un h\u00f4pital priv\u00e9.<\/p>\n","protected":false},"excerpt":{"rendered":"<p>Il existe de nombreux types de contraception hormonale: la pilule, la mini-pilule, le patch contraceptif et l&rsquo;anneau vaginal, ainsi que les m\u00e9thodes de contraception r\u00e9versibles \u00e0 longue dur\u00e9e d&rsquo;action. Pilule contraceptive hormonale combin\u00e9e (la pilule)La pilule, ou pilule combin\u00e9e, est un ensemble de comprim\u00e9s contenant deux hormones, l&rsquo;\u0153strog\u00e8ne et la progest\u00e9rone. Pour \u00e9viter la grossesse, les hormones:&#8211; arr\u00eatent la lib\u00e9ration &#8230;<\/p>\n","protected":false},"author":6,"featured_media":0,"parent":0,"menu_order":0,"comment_status":"closed","ping_status":"closed","template":"","meta":{"footnotes":""},"class_list":["post-6228","page","type-page","status-publish","hentry","no-post-thumbnail"],"_links":{"self":[{"href":"https:\/\/refcheckpoint.gr\/fr\/wp-json\/wp\/v2\/pages\/6228","targetHints":{"allow":["GET"]}}],"collection":[{"href":"https:\/\/refcheckpoint.gr\/fr\/wp-json\/wp\/v2\/pages"}],"about":[{"href":"https:\/\/refcheckpoint.gr\/fr\/wp-json\/wp\/v2\/types\/page"}],"author":[{"embeddable":true,"href":"https:\/\/refcheckpoint.gr\/fr\/wp-json\/wp\/v2\/users\/6"}],"replies":[{"embeddable":true,"href":"https:\/\/refcheckpoint.gr\/fr\/wp-json\/wp\/v2\/comments?post=6228"}],"version-history":[{"count":0,"href":"https:\/\/refcheckpoint.gr\/fr\/wp-json\/wp\/v2\/pages\/6228\/revisions"}],"wp:attachment":[{"href":"https:\/\/refcheckpoint.gr\/fr\/wp-json\/wp\/v2\/media?parent=6228"}],"curies":[{"name":"wp","href":"https:\/\/api.w.org\/{rel}","templated":true}]}}