{"id":6231,"date":"2023-04-05T17:06:52","date_gmt":"2023-04-05T14:06:52","guid":{"rendered":"https:\/\/refcheckpoint.gr\/long-acting-reversible-contraception-larc\/"},"modified":"2023-04-07T11:04:49","modified_gmt":"2023-04-07T08:04:49","slug":"long-acting-reversible-contraception-larc","status":"publish","type":"page","link":"https:\/\/refcheckpoint.gr\/fr\/long-acting-reversible-contraception-larc\/","title":{"rendered":"Contraception r\u00e9versible de longue dur\u00e9e (LARC)"},"content":{"rendered":"\n<p>Il existe plusieurs m\u00e9thodes connues sous le nom de LARC : le st\u00e9rilet non hormonal en cuivre (le DIU), le st\u00e9rilet hormonal (le SIU), l&rsquo;injection contraceptive (le Depo-Provera) et l\u2019implant hormonal.<\/p>\n\n\n\n<p><strong>St\u00e9rilet en cuivre \u2013 DIU<br><\/strong>Le DIU (dispositif intra-ut\u00e9rin) est un petit dispositif en plastique et en cuivre en forme de T qui est plac\u00e9 dans votre ut\u00e9rus pour \u00e9viter une grossesse. Il est install\u00e9 par un m\u00e9decin ou une infirmi\u00e8re sp\u00e9cialement form\u00e9.<br>Les DIU peuvent \u00eatre utilis\u00e9s par les femmes de tous \u00e2ges, y compris les femmes sans enfant et celles de moins de 16 ans.<br>Une fois pos\u00e9, un DIU peut \u00eatre laiss\u00e9 en place pendant 5 \u00e0 10 ans, selon le type.<br><strong>Quelle est son efficacit\u00e9?<br><\/strong>Le DIU est efficace \u00e0 plus de 99 % pour pr\u00e9venir la grossesse.<br><strong>Comment \u00e7a marche?<br><\/strong>Le DIU fait de votre ut\u00e9rus un environnement tr\u00e8s hostile pour les spermatozo\u00efdes et les ovules.<br>Il pr\u00e9vient la grossesse de 2 mani\u00e8res :<br>1. Il lib\u00e8re du cuivre dans l&rsquo;ut\u00e9rus, ce qui rend plus difficile pour les spermatozo\u00efdes d&rsquo;atteindre un ovule et de survivre. Le cuivre ne vous fera aucun mal.<br>2. La forme en T emp\u00eache physiquement les \u0153ufs f\u00e9cond\u00e9s de s&rsquo;implanter dans votre ut\u00e9rus et de se d\u00e9velopper en f\u0153tus.<br><strong>Avantages du DIU:<br><\/strong>&#8211; il n&rsquo;interrompt pas le rapport sexuel<br>&#8211; il peut \u00eatre plac\u00e9 \u00e0 tout moment tant que vous n&rsquo;\u00eates pas d\u00e9j\u00e0 enceinte<br>&#8211; pas besoin de se rappeler de prendre quoi que ce soit<br>&#8211; disponible aupr\u00e8s de diff\u00e9rents prestataires, y compris la m\u00e9decine g\u00e9nito-urinaire et d&rsquo;autres cliniques de sant\u00e9 sexuelle, les m\u00e9decins g\u00e9n\u00e9ralistes et les services d&rsquo;avortement<br>&#8211; votre fertilit\u00e9 ou votre \u00e9quilibre hormonal n\u2019est pas affect\u00e9(e)<br>&#8211; il peut \u00eatre utilis\u00e9 comme contraception d&rsquo;urgence s&rsquo;il est mis en place dans les 5 jours suivant un rapport sexuel non prot\u00e9g\u00e9.<br><strong>Inconv\u00e9nients du DIU:<br><\/strong>&#8211; il faut deux rendez-vous pour faire poser un DIU : un pour l\u2019entretien initial et le contr\u00f4le, et un pour la pose \u00e0 proprement parler du DIU<br>&#8211; la pose peut \u00eatre inconfortable ou douloureuse, mais une anesth\u00e9sie locale est g\u00e9n\u00e9ralement utilis\u00e9e<br>&#8211; un l\u00e9ger risque de contracter une infection apr\u00e8s sa pose<br>&#8211; si vous avez une infection sexuellement transmissible (IST) lorsque le DIU est pos\u00e9 ou lorsqu&rsquo;il est en place, cela pourrait entra\u00eener une infection pelvienne si elle n&rsquo;est pas trait\u00e9e ; un DIU n&rsquo;augmente pas le risque d&rsquo;infection<br>&#8211; peut provoquer des r\u00e8gles l\u00e9g\u00e8rement plus longues et plus abondantes, et certaines femmes trouvent \u00e9galement que leurs r\u00e8gles deviennent un peu plus douloureuses. Toutefois, de nombreuses femmes remarquent tr\u00e8s peu de diff\u00e9rence<br>&#8211; tr\u00e8s rarement, la pose du DIU peut perforer (faire un petit trou dans) l&rsquo;ut\u00e9rus. C&rsquo;est peu probable si le m\u00e9decin ou l&rsquo;infirmi\u00e8re qui pose votre DIU a beaucoup d&rsquo;exp\u00e9rience.<\/p>\n\n\n\n<p><strong>St\u00e9rilet hormonal (SIU)<br><\/strong>Le SIU (syst\u00e8me intra-ut\u00e9rin) est similaire au DIU. c&rsquo;est un petit dispositif en plastique en forme de T qui est plac\u00e9 dans l&rsquo;ut\u00e9rus par un m\u00e9decin ou une infirmi\u00e8re sp\u00e9cialement form\u00e9(e). Il contient de la progest\u00e9rone. On l&rsquo;appelle souvent le st\u00e9rilet Mirena.<br>Le SIU est un contraceptif de longue dur\u00e9e qui peut \u00eatre laiss\u00e9 en place entre 5 et 7 ans en fonction de la date de pose.<br><strong>Comment \u00e7a marche?<br><\/strong>La progest\u00e9rone lib\u00e9r\u00e9e par le SIU agit de plusieurs mani\u00e8res pour pr\u00e9venir la grossesse. Elle :<br>&#8211; \u00e9paissit le mucus dans votre col de l&rsquo;ut\u00e9rus. Cela rend difficile pour les spermatozo\u00efdes de le traverser et d&rsquo;atteindre un ovule<br>&#8211; rend la muqueuse de votre ut\u00e9rus plus mince, de sorte qu&rsquo;il est moins susceptible d&rsquo;accueillir un ovule f\u00e9cond\u00e9<br>&#8211; peut parfois emp\u00eacher la lib\u00e9ration des ovules de vos ovaires (ovulation)<br>&#8211; La forme en T emp\u00eache physiquement les \u0153ufs f\u00e9cond\u00e9s de s&rsquo;implanter dans votre ut\u00e9rus et de se d\u00e9velopper en f\u0153tus.<br><strong>Quelle est son efficacit\u00e9?<br><\/strong>Le SIU est <strong>efficace \u00e0 plus de 99%<\/strong> pour pr\u00e9venir la grossesse.<br><strong>Avantages du SIU:<br><\/strong>&#8211; il n&rsquo;interrompt pas le rapport sexuel<br>&#8211; il peut \u00eatre plac\u00e9 \u00e0 tout moment tant que vous n&rsquo;\u00eates pas d\u00e9j\u00e0 enceinte<br>&#8211; pas besoin de se rappeler de prendre quoi que ce soit<br>&#8211; il est disponible sur divers sites, y compris la m\u00e9decine g\u00e9nito-urinaire et d&rsquo;autres cliniques de sant\u00e9 sexuelle, chez des m\u00e9decins g\u00e9n\u00e9ralistes et dans des services d&rsquo;avortement<br>&#8211; peut raccourcir et all\u00e9ger les r\u00e8gles, et pour certaines femmes, celles-ci peuvent s&rsquo;arr\u00eater compl\u00e8tement.<br><strong>Inconv\u00e9nients du SIU:<br><\/strong>&#8211; il faut g\u00e9n\u00e9ralement deux rendez-vous pour obtenir un SIU : un pour l\u2019entretien initial et le contr\u00f4le, et un pour la pose du SIU \u00e0 proprement parler<br>&#8211; la pose peut \u00eatre inconfortable ou douloureuse, mais une anesth\u00e9sie locale est g\u00e9n\u00e9ralement utilis\u00e9e<br>&#8211; si vous avez une infection sexuellement transmissible (IST) lorsque le DIU est install\u00e9, cela peut entra\u00eener une infection pelvienne si elle n&rsquo;est pas trait\u00e9e<br>&#8211; il doit \u00eatre install\u00e9 par un m\u00e9decin ou une infirmi\u00e8re sp\u00e9cialement form\u00e9(e)<br>&#8211; r\u00e8gles irr\u00e9guli\u00e8res, que certaines femmes trouvent g\u00eanantes ou inqui\u00e9tantes. Toutefois, pour la plupart des femmes, le probl\u00e8me est r\u00e9solu dans les 6 \u00e0 12 premiers mois apr\u00e8s la pose<br>&#8211; Il existe un faible risque de d\u00e9velopper une infection apr\u00e8s la pose du SIU. Tr\u00e8s rarement, la pose du SIU peut perforer (faire un petit trou dans) l&rsquo;ut\u00e9rus, mais ce n&rsquo;est pas probable si le m\u00e9decin ou l&rsquo;infirmi\u00e8re qui pose le SIU a assez d&rsquo;exp\u00e9rience.<br>Les effets secondaires possibles:<br>&#8211; sensibilit\u00e9 des seins<br>&#8211; peau tachet\u00e9e<br>&#8211; maux de t\u00eate.<\/p>\n\n\n\n<p><strong>Injection contraceptive<br><\/strong>L&rsquo;injection contraceptive, \u00e9galement connue sous le nom de Depo ou Depo-Provera, est une m\u00e9thode de contraception \u00e0 longue dur\u00e9e d&rsquo;action qui contient de la progest\u00e9rone.<br>Elle dure de 8 \u00e0 13 semaines (selon l&rsquo;injection administr\u00e9e). L&rsquo;hormone est inject\u00e9e dans un muscle, g\u00e9n\u00e9ralement sur les fesses.<br><strong>Comment \u00e7a marche?<br><\/strong>&#8211; Elle emp\u00eache la lib\u00e9ration des ovules de vos ovaires chaque mois (c&rsquo;est la principale fa\u00e7on dont le produit fonctionne)<br>&#8211; Elle \u00e9paissit le mucus dans votre col de l&rsquo;ut\u00e9rus. Cela rend difficile pour les spermatozo\u00efdes de le traverser et d&rsquo;atteindre un ovule<br>&#8211; Elle rend la muqueuse de votre ut\u00e9rus plus mince, de sorte qu&rsquo;il est moins susceptible d&rsquo;accueillir un ovule f\u00e9cond\u00e9.<br><strong>Quelle est son efficacit\u00e9?<br><\/strong>L&rsquo;injection contraceptive est <strong>efficace \u00e0 plus de 99%<\/strong> pour pr\u00e9venir la grossesse.<br><strong>Avantages de l&rsquo;injection contraceptive:<br><\/strong>&#8211; elle n&rsquo;interrompt pas le rapport sexuel<br>&#8211; des r\u00e8gles plus l\u00e9g\u00e8res ou supprim\u00e9es<br>&#8211; r\u00e9duction des douleurs menstruelles et moins de sympt\u00f4mes pr\u00e9menstruels<br>&#8211; Une recherche sugg\u00e8re \u00e9galement qu&rsquo;elle offre une certaine protection contre le cancer de l&rsquo;ut\u00e9rus et les maladies inflammatoires pelviennes.<br><strong>Inconv\u00e9nients de l&rsquo;injection contraceptive:<br><\/strong>&#8211; Elle peut perturber les r\u00e8gles, provoquer des saignements irr\u00e9guliers et, pour certaines femmes, rendre les r\u00e8gles plus abondantes et plus longues.<br>&#8211; Une fois que vous aurez arr\u00eat\u00e9 les injections, cela peut prendre jusqu&rsquo;\u00e0 un an pour que votre fertilit\u00e9 revienne \u00e0 la normale.<br>&#8211; Les injections ne sont pas r\u00e9versibles, donc si vous avez des effets secondaires, vous ne pourrez pas les arr\u00eater tant que l&rsquo;injection n&rsquo;aura pas disparu apr\u00e8s 8 \u00e0 13 semaines.<br>&#8211; Elles peuvent provoquer un amincissement des os. Ce n&rsquo;est pas un probl\u00e8me pour la plupart des femmes car l&rsquo;os se r\u00e9g\u00e9n\u00e9r\u00e8 unes fois les injections arr\u00eat\u00e9es. Vous serez inform\u00e9e des risques d&rsquo;ost\u00e9oporose (une maladie qui affaiblit et fragilise les os) avant de vous prescrire le m\u00e9dicament.<br>&#8211; Elle ne convient g\u00e9n\u00e9ralement pas aux femmes de moins de 18 ans car leurs os sont encore en cours de d\u00e9veloppement.<br>Les effets secondaires possibles :<br>&#8211; sensibilit\u00e9 des seins<br>&#8211; peau tachet\u00e9e<br>&#8211; maux de t\u00eate<br>&#8211; des changements d&rsquo;humeur<br>&#8211; petite prise de poids.<\/p>\n\n\n\n<p><strong>Implant hormonal<br><\/strong>L&rsquo;implant est un b\u00e2ton flexible de la taille d&rsquo;une allumette qui est plac\u00e9 juste sous la peau dans le haut de votre bras. Il lib\u00e8re de la progest\u00e9rone dans votre circulation sanguine.<br>Il fonctionne pendant jusqu&rsquo;\u00e0 3 ans. Il est \u00e9galement appropri\u00e9 si vous souhaitez tomber enceinte dans un avenir proche, car vous redevenez fertile d\u00e8s qu&rsquo;il est retir\u00e9.<br>Il doit \u00eatre install\u00e9 par un m\u00e9decin ou une infirmi\u00e8re sp\u00e9cialement form\u00e9(e). Il peut donc ne pas \u00eatre disponible dans tous les cabinets des m\u00e9decins g\u00e9n\u00e9ralistes ou cliniques.<br><strong>Comment fonctionne l&rsquo;implant?<br><\/strong>&#8211; Il emp\u00eache la lib\u00e9ration d&rsquo;ovules par vos ovaires chaque mois.<br>&#8211; Il \u00e9paissit le mucus dans votre col de l&rsquo;ut\u00e9rus. Cela rend difficile pour les spermatozo\u00efdes de le traverser et d&rsquo;atteindre un ovule<br>&#8211; Il rend la muqueuse de votre ut\u00e9rus plus mince, de sorte qu&rsquo;il est moins susceptible d&rsquo;accueillir un ovule f\u00e9cond\u00e9.<br><strong>Quelle est son efficacit\u00e9?<br><\/strong>L&rsquo;implant contraceptif est <strong>efficace \u00e0 plus de 99%<\/strong> pour pr\u00e9venir la grossesse.<br><strong>Avantages de l&rsquo;utilisation de l&rsquo;implant contraceptif<br><\/strong>&#8211; elle n&rsquo;interrompt pas le rapport sexuel<br>&#8211; Pas besoin de se rappeler de prendre quoi que ce soit<br>&#8211; R\u00e8gles plus l\u00e9g\u00e8res ou pas de r\u00e8gles, avec moins de douleurs menstruelles et moins de sympt\u00f4mes pr\u00e9menstruels<br>&#8211; Une recherche sugg\u00e8re qu&rsquo;il offre une certaine protection contre le cancer de l&rsquo;ut\u00e9rus et les maladies inflammatoires pelviennes.<br>Il est g\u00e9n\u00e9ralement sans danger pour les femmes qui :<br>&#8211; sont en surpoids<br>&#8211; fument<br>&#8211; ont des ant\u00e9c\u00e9dents familiaux de maladie cardiaque.<br><strong>Inconv\u00e9nients de l&rsquo;implant hormonal<br><\/strong>&#8211; Il peut perturber les r\u00e8gles, provoquer des saignements irr\u00e9guliers ou rendre les r\u00e8gles plus abondantes et plus longues<br>&#8211; Certaines femmes ressentiront une g\u00eane lors de la mise en place et du retrait de l&rsquo;implant, bien qu&rsquo;une une anesth\u00e9sie locale soit g\u00e9n\u00e9ralement utilis\u00e9e<br>&#8211; La peau o\u00f9 l&rsquo;implant est pos\u00e9 peut s&rsquo;infecter, bien que cela soit rare.<br>Les effets secondaires possibles :<br>&#8211; sensibilit\u00e9 des seins<br>&#8211; peau tachet\u00e9e<br>&#8211; maux de t\u00eate<br>&#8211; des changements d&rsquo;humeur<br>&#8211; petite prise de poids.<\/p>\n\n\n\n<p><strong>Ce qu&rsquo;il faut garder \u00e0 l&rsquo;esprit<br><\/strong>Les m\u00e9thodes LARC n&rsquo;<strong>offrent aucune protection contre le VIH ou d&rsquo;autres infections sexuellement transmissibles, contrairement au pr\u00e9servatif.<\/strong><\/p>\n\n\n\n<p><strong>Co\u00fbt et disponibilit\u00e9 des LARC<br><\/strong>Le DIU, le SIU, l&rsquo;injection contraceptive et l&rsquo;implant hormonal sont tous disponibles gratuitement dans le cadre du Syst\u00e8me de sant\u00e9 national. Vous ne pouvez les obtenir que sur ordonnance et ne pouvez pas les acheter vous-m\u00eame dans une pharmacie.<br>Le DIU et le SIU peuvent \u00eatre obtenus aupr\u00e8s d&rsquo;un obst\u00e9tricien ou d&rsquo;un gyn\u00e9cologue<\/p>\n","protected":false},"excerpt":{"rendered":"<p>Il existe plusieurs m\u00e9thodes connues sous le nom de LARC : le st\u00e9rilet non hormonal en cuivre (le DIU), le st\u00e9rilet hormonal (le SIU), l&rsquo;injection contraceptive (le Depo-Provera) et l\u2019implant hormonal. St\u00e9rilet en cuivre \u2013 DIULe DIU (dispositif intra-ut\u00e9rin) est un petit dispositif en plastique et en cuivre en forme de T qui est plac\u00e9 dans votre ut\u00e9rus pour \u00e9viter &#8230;<\/p>\n","protected":false},"author":6,"featured_media":0,"parent":0,"menu_order":0,"comment_status":"closed","ping_status":"closed","template":"","meta":{"footnotes":""},"class_list":["post-6231","page","type-page","status-publish","hentry","no-post-thumbnail"],"_links":{"self":[{"href":"https:\/\/refcheckpoint.gr\/fr\/wp-json\/wp\/v2\/pages\/6231","targetHints":{"allow":["GET"]}}],"collection":[{"href":"https:\/\/refcheckpoint.gr\/fr\/wp-json\/wp\/v2\/pages"}],"about":[{"href":"https:\/\/refcheckpoint.gr\/fr\/wp-json\/wp\/v2\/types\/page"}],"author":[{"embeddable":true,"href":"https:\/\/refcheckpoint.gr\/fr\/wp-json\/wp\/v2\/users\/6"}],"replies":[{"embeddable":true,"href":"https:\/\/refcheckpoint.gr\/fr\/wp-json\/wp\/v2\/comments?post=6231"}],"version-history":[{"count":0,"href":"https:\/\/refcheckpoint.gr\/fr\/wp-json\/wp\/v2\/pages\/6231\/revisions"}],"wp:attachment":[{"href":"https:\/\/refcheckpoint.gr\/fr\/wp-json\/wp\/v2\/media?parent=6231"}],"curies":[{"name":"wp","href":"https:\/\/api.w.org\/{rel}","templated":true}]}}