{"id":6234,"date":"2023-04-05T17:16:05","date_gmt":"2023-04-05T14:16:05","guid":{"rendered":"https:\/\/refcheckpoint.gr\/oral-sex\/"},"modified":"2023-04-07T11:11:00","modified_gmt":"2023-04-07T08:11:00","slug":"oral-sex","status":"publish","type":"page","link":"https:\/\/refcheckpoint.gr\/fr\/oral-sex\/","title":{"rendered":"Le sexe oral"},"content":{"rendered":"\n<p>Le sexe oral pr\u00e9sente un tr\u00e8s faible risque de transmission du VIH. Le virus peut tr\u00e8s rarement se transmettre de cette fa\u00e7on et seulement si la personne s\u00e9ropositive a une charge virale d\u00e9tectable.<br><strong>Quel est le risque du sexe oral?<br><\/strong>Les r\u00e9sultats de l&rsquo;\u00e9tude PARTNER montrent que si une personne atteinte du VIH prend des m\u00e9dicaments efficaces contre le VIH et a une charge virale ind\u00e9tectableils ne peuvent pas transmettre le VIH.<br>Selon Public Health England, environ 1 \u00e0 3 % des transmissions sexuelles du VIH au Royaume-Uni sont dues au sexe oral. D&rsquo;autres \u00e9tudes ont montr\u00e9 que le risque est tr\u00e8s faible mais n&rsquo;est pas nul.<br>Les rapports sexuels anaux et vaginaux non prot\u00e9g\u00e9s entra\u00eenent beaucoup plus d&rsquo;infections par le VIH que les rapports sexuels oraux.<br>Les risques sont plus \u00e9lev\u00e9s si le et pratique le sexe oral de mani\u00e8re passive ou active a :<br>&#8211; des coupures, plaies ou \u00e9corchures dans la bouche ou les gencives<br>&#8211; un mal de gorge ou une infection de la bouche ou de la gorge.<br>Ou si le est :<br>&#8211; s\u00e9ropositif<br>&#8211; a une charge virale d\u00e9tectable<br>&#8211; a des coupures, des plaies ou une inflammation sur la r\u00e9gion g\u00e9nitale.<br>Autres avec une personne atteinte d\u2019infections sexuellement transmissibles (IST) telles que la gonorrh\u00e9e, la chlamydiose, l&rsquo;herpeset la syphilis peut \u00eatre transmis par le sexe oral.<\/p>\n\n\n\n<p><strong>Avoir des rapports sexuels oraux passifs avec une personne s\u00e9ropositive<br><\/strong>M\u00eame si sa charge virale est d\u00e9tectable, cela est consid\u00e9r\u00e9 comme un risque extr\u00eamement faible. L&rsquo;infection ne serait vraiment possible que si la personne s\u00e9ropositive saigne de la bouche quant elle pratique le sexe oral en tant que partenaire actif.<\/p>\n\n\n\n<p><br><strong>Pratiquer le sexe oral sur un homme s\u00e9ropositif<br><\/strong>Il existe un risque potentiel si une personne s\u00e9ron\u00e9gative pratique le sexe oral sur un homme s\u00e9ropositif qui a une charge virale d\u00e9tectable.<br>Ce risque augmente si un homme infect\u00e9 liquide pr\u00e9-\u00e9jaculatoire ou sperme, p\u00e9n\u00e8tre dans la bouche de l&rsquo;autre personne.<br>\u00c9vitez de mettre du sperme dans votre bouche (tr\u00e8s souvent, les infections par le VIH ont eu lieu lors des rapports sexuels oraux lorsqu&rsquo;une personne s\u00e9ropositive avec une charge virale d\u00e9tectable a \u00e9jacul\u00e9 dans la bouche du partenaire).<\/p>\n\n\n\n<p><br><strong>Pratiquer le sexe oral sur une femme s\u00e9ropositive<br><\/strong>Cela comporte un tr\u00e8s petit risque, qui peut \u00eatre \u00e9vit\u00e9 en pla\u00e7ant une barri\u00e8re de latex sur le vagin de la femme.<br>Le sexe oral pendant les r\u00e8gles d&rsquo;une femme comporte un plus grand risque.<\/p>\n\n\n\n<p><br><strong>R\u00e9duire le risque du sexe oral<br><\/strong>Le risque li\u00e9 aux rapports sexuels oraux non prot\u00e9g\u00e9s avec une personne ayant une charge virale d\u00e9tectable augmente si vous avez :<br>&#8211; une infection de la gorge (y compris une IST dans la gorge)<br>&#8211; une muqueuse buccale ou de la gorge endommag\u00e9e<br>&#8211; eu des soins dentaires r\u00e9cents ou vos gencives saignent beaucoup.<br>\u00c9vitez d&rsquo;avoir des rapports sexuels oraux sans protection en tant que partenaire actif avec une personne ayant une charge virale d\u00e9tectable si vous vous trouvez dans une des situations ci-dessus.<br>N&rsquo;utilisez pas de soie dentaire ou ne vous brossez pas les dents avant le sexe oral (m\u00e2chez du chewing-gum ou frottez du dentifrice sur vos dents plut\u00f4t, au lieu de cela). R\u00e9gulier des examens pour les IST doivent \u00eatre effectu\u00e9s. attrapera les infections de votre gorge<br>En r\u00e9duisant le nombre de partenaires sexuels oraux, vous r\u00e9duisez encore plus le tr\u00e8s faible risque de VIH.<br>Gardez \u00e0 l&rsquo;esprit que <strong>D&rsquo;autres IST peuvent \u00e9galement \u00eatre transmises par le sexe oral<\/strong>., y compris l&rsquo;herp\u00e8s, la gonorrh\u00e9e, la chlamydiose et la syphilis.<\/p>\n","protected":false},"excerpt":{"rendered":"<p>Le sexe oral pr\u00e9sente un tr\u00e8s faible risque de transmission du VIH. Le virus peut tr\u00e8s rarement se transmettre de cette fa\u00e7on et seulement si la personne s\u00e9ropositive a une charge virale d\u00e9tectable.Quel est le risque du sexe oral?Les r\u00e9sultats de l&rsquo;\u00e9tude PARTNER montrent que si une personne atteinte du VIH prend des m\u00e9dicaments efficaces contre le VIH et a &#8230;<\/p>\n","protected":false},"author":6,"featured_media":0,"parent":0,"menu_order":0,"comment_status":"closed","ping_status":"closed","template":"","meta":{"footnotes":""},"class_list":["post-6234","page","type-page","status-publish","hentry","no-post-thumbnail"],"_links":{"self":[{"href":"https:\/\/refcheckpoint.gr\/fr\/wp-json\/wp\/v2\/pages\/6234","targetHints":{"allow":["GET"]}}],"collection":[{"href":"https:\/\/refcheckpoint.gr\/fr\/wp-json\/wp\/v2\/pages"}],"about":[{"href":"https:\/\/refcheckpoint.gr\/fr\/wp-json\/wp\/v2\/types\/page"}],"author":[{"embeddable":true,"href":"https:\/\/refcheckpoint.gr\/fr\/wp-json\/wp\/v2\/users\/6"}],"replies":[{"embeddable":true,"href":"https:\/\/refcheckpoint.gr\/fr\/wp-json\/wp\/v2\/comments?post=6234"}],"version-history":[{"count":0,"href":"https:\/\/refcheckpoint.gr\/fr\/wp-json\/wp\/v2\/pages\/6234\/revisions"}],"wp:attachment":[{"href":"https:\/\/refcheckpoint.gr\/fr\/wp-json\/wp\/v2\/media?parent=6234"}],"curies":[{"name":"wp","href":"https:\/\/api.w.org\/{rel}","templated":true}]}}