{"id":6237,"date":"2023-04-05T17:18:10","date_gmt":"2023-04-05T14:18:10","guid":{"rendered":"https:\/\/refcheckpoint.gr\/unprotected-sex\/"},"modified":"2023-04-07T11:23:18","modified_gmt":"2023-04-07T08:23:18","slug":"unprotected-sex","status":"publish","type":"page","link":"https:\/\/refcheckpoint.gr\/fr\/unprotected-sex\/","title":{"rendered":"Environnements sexuels publics"},"content":{"rendered":"\n<p>Certaines personnes aiment avoir des rapports sexuels \u00e0 l&rsquo;ext\u00e9rieur ou dans des lieux publics. Ceux-ci sont parfois appel\u00e9s environnements sexuels publics et comprennent les bois, toilettes publiques, parcs et parkings.<\/p>\n\n\n\n<p><strong>Pourquoi certaines personnes ont-elles des rapports sexuels en public?<br><\/strong>Les gens ont des rapports sexuels en public pour diverses raisons. Ils peuvent appr\u00e9cier le risque d&rsquo;\u00eatre pris, par exemple, ou aimer \u00eatre observ\u00e9s par d&rsquo;autres. Ou peut-\u00eatre pr\u00e9f\u00e8rent-ils l&rsquo;anonymat du sexe o\u00f9 il y a peu de risque d&rsquo;\u00eatre identifi\u00e9 et ils n&rsquo;ont pas besoin de parler.<\/p>\n\n\n\n<p><strong>Que dois-je savoir si j&rsquo;ai des rapports sexuels \u00e0 l&rsquo;ext\u00e9rieur?<br><\/strong>Il y a quelques points \u00e0 retenir si vous avez des rapports sexuels en public. Le plus important est de veiller \u00e0 votre sant\u00e9 et votre s\u00e9curit\u00e9.<\/p>\n\n\n\n<p><br><strong>Un sexe plus s\u00fbr<br><\/strong>Si vous d\u00e9cidez d&rsquo;avoir des rapports sexuels en public, cela peut \u00eatre avec des inconnus, des personnes que vous connaissez ou votre partenaire. Il est important d&rsquo;utiliser des pr\u00e9servatifs dans vos rapports sexuels, car il est facile de contracter des infections sexuellement transmissibles (IST) telles que la chlamydiose, la syphiliset la gonorrh\u00e9e.<br>L&rsquo;utilisation de pr\u00e9servatifs (externes ou internes) peut emp\u00eacher la transmission du VIH et une grossesse non planifi\u00e9e. Si vous avez des rapports sexuels avec plusieurs personnes, il est important d&rsquo;utiliser un pr\u00e9servatif diff\u00e9rent avec chaque partenaire.<\/p>\n\n\n\n<p><br><strong>S\u00e9curit\u00e9 personnelle<br><\/strong>Si vous avez des rapports sexuels dans un lieu public, vous devez \u00e9galement veiller \u00e0 votre s\u00e9curit\u00e9 personnelle. Par exemple, les hommes homosexuels ont parfois \u00e9t\u00e9 victimes d&rsquo;attaques homophobes ou ont m\u00eame \u00e9t\u00e9 d\u00e9pouill\u00e9s de leurs objets de valeur lorsqu&rsquo;ils se promenaient ou avaient des rapports sexuels dans des lieux publics.<br>Si vous \u00eates un couple h\u00e9t\u00e9rosexuel, vous pourriez vous adonner \u00e0 des pratiques de \u00ab dogging \u00bb. Il s\u2019agit des couples qui se rencontrent pour avoir des rapports sexuels dans des lieux publics o\u00f9 ils savent que d&rsquo;autres personnes pourraient les regarder ou se joindre \u00e0 eux. Habituellement, les personnes ayant des rapports sexuels sont dans des voitures. Encore une fois, il est important d&rsquo;\u00eatre conscient de votre s\u00e9curit\u00e9 personnelle, et si vous \u00eates c\u00e9libataire (peu importe le sexe ou le genre), il n&rsquo;est pas conseill\u00e9 de se rendre seul \u00e0 des \u00e9v\u00e9nements de dogging.<br>Si vous \u00eates vol\u00e9 ou attaqu\u00e9 dans un environnement sexuel public, vous devez le signaler \u00e0 la police pour prot\u00e9ger les autres.<br><strong>Appelez toujours le 100 en cas d&rsquo;urgence.<br><\/strong>Si vous ne connaissez pas la ou les personne(s) avec qui vous avez des rapports sexuels, il est conseill\u00e9 de faire attention \u00e0 l&rsquo;endroit o\u00f9 vous les rencontrez et o\u00f9 vous allez avoir des rapports sexuels. \u00c9vitez les environnements sexuels publics si vous \u00eates sous l&rsquo;influence de l&rsquo;alcool ou de drogues, car cela vous rendra vuln\u00e9rable aux attaques, au vol ou \u00e0 la prise de mauvaises d\u00e9cisions concernant le sexe et la s\u00e9curit\u00e9.<\/p>\n","protected":false},"excerpt":{"rendered":"<p>Certaines personnes aiment avoir des rapports sexuels \u00e0 l&rsquo;ext\u00e9rieur ou dans des lieux publics. Ceux-ci sont parfois appel\u00e9s environnements sexuels publics et comprennent les bois, toilettes publiques, parcs et parkings. Pourquoi certaines personnes ont-elles des rapports sexuels en public?Les gens ont des rapports sexuels en public pour diverses raisons. Ils peuvent appr\u00e9cier le risque d&rsquo;\u00eatre pris, par exemple, ou aimer &#8230;<\/p>\n","protected":false},"author":6,"featured_media":0,"parent":0,"menu_order":0,"comment_status":"closed","ping_status":"closed","template":"","meta":{"footnotes":""},"class_list":["post-6237","page","type-page","status-publish","hentry","no-post-thumbnail"],"_links":{"self":[{"href":"https:\/\/refcheckpoint.gr\/fr\/wp-json\/wp\/v2\/pages\/6237","targetHints":{"allow":["GET"]}}],"collection":[{"href":"https:\/\/refcheckpoint.gr\/fr\/wp-json\/wp\/v2\/pages"}],"about":[{"href":"https:\/\/refcheckpoint.gr\/fr\/wp-json\/wp\/v2\/types\/page"}],"author":[{"embeddable":true,"href":"https:\/\/refcheckpoint.gr\/fr\/wp-json\/wp\/v2\/users\/6"}],"replies":[{"embeddable":true,"href":"https:\/\/refcheckpoint.gr\/fr\/wp-json\/wp\/v2\/comments?post=6237"}],"version-history":[{"count":0,"href":"https:\/\/refcheckpoint.gr\/fr\/wp-json\/wp\/v2\/pages\/6237\/revisions"}],"wp:attachment":[{"href":"https:\/\/refcheckpoint.gr\/fr\/wp-json\/wp\/v2\/media?parent=6237"}],"curies":[{"name":"wp","href":"https:\/\/api.w.org\/{rel}","templated":true}]}}