{"id":6246,"date":"2023-04-05T17:23:56","date_gmt":"2023-04-05T14:23:56","guid":{"rendered":"https:\/\/refcheckpoint.gr\/chlamydia\/"},"modified":"2023-04-07T11:40:28","modified_gmt":"2023-04-07T08:40:28","slug":"chlamydia","status":"publish","type":"page","link":"https:\/\/refcheckpoint.gr\/fr\/chlamydia\/","title":{"rendered":"Chlamydiose"},"content":{"rendered":"\n<p>La chlamydiose est l&rsquo;une des infections sexuellement transmissibles (IST) les plus courantes. Vous ne savez peut-\u00eatre pas que vous \u00eates infect\u00e9, car elle est souvent asymptomatique, mais non trait\u00e9e, elle peut causer de graves probl\u00e8mes chez les hommes et les femmes. Le d\u00e9pistage est rapide et indolore, et l\u2019affection peut \u00eatre trait\u00e9e avec une cure d&rsquo;antibiotiques.<br>La chlamydia est caus\u00e9e par des bact\u00e9ries que l&rsquo;on trouve dans le sperme infect\u00e9, le liquide pr\u00e9-\u00e9jaculatoire et les s\u00e9cr\u00e9tions vaginales.<\/p>\n\n\n\n<p><br><strong>Sympt\u00f4mes de la chlamydia<br><\/strong>Les sympt\u00f4mes peuvent appara\u00eetre une \u00e0 trois semaines apr\u00e8s l&rsquo;infection, mais environ la moiti\u00e9 des hommes et la plupart des femmes ne pr\u00e9sentent aucun sympt\u00f4me.<br><strong>La chlamydia dans le p\u00e9nis<\/strong> peut provoquer :<br>&#8211; un \u00e9coulement blanch\u00e2tre, opaque ou aqueux<br>&#8211; de la douleur en urinant<br>&#8211; des br\u00fblures ou des d\u00e9mangeaisons dans l&rsquo;ur\u00e8tre (le tuyau qui transporte l&rsquo;urine hors du corps)<br>&#8211; de la douleur et du gonflement des testicules.<br><strong>Dans le vagin,<\/strong> elle peut provoquer :<br>&#8211; un changement dans les pertes vaginales<br>&#8211; de la douleur en urinant<br>&#8211; des maux de ventre ou dans le bas du dos<br>&#8211; de la douleur pendant les rapports sexuels<br>&#8211; des saignements entre les r\u00e8gles ou apr\u00e8s les rapports sexuels.<br><strong>Dans le rectum<\/strong>, elle ne provoque g\u00e9n\u00e9ralement aucun sympt\u00f4me, mais peut donner lieu \u00e0 une g\u00eane et \u00e0 un \u00e9coulement.<br><strong>La chlamydia dans la gorge<\/strong> est g\u00e9n\u00e9ralement sans sympt\u00f4me.<br><strong>Au niveau des yeux<\/strong>, elle peut provoquer des douleurs, des rougeurs et des \u00e9coulements (conjonctivite).<\/p>\n\n\n\n<p><strong>Comment se fait la transmission?<br><\/strong>Vous pouvez contracter la chlamydia par :<br>&#8211; des relations sexuelles vaginales, orales ou anales sans pr\u00e9servatif<br>&#8211; le partage des jouets sexuels qui ne sont pas lav\u00e9s ni recouverts d&rsquo;un pr\u00e9servatif chaque fois qu&rsquo;ils sont utilis\u00e9s sur une personne diff\u00e9rente<br>&#8211; vos organes g\u00e9nitaux (p\u00e9nis, vagin ou toute autre partie de votre anatomie sexuelle non prot\u00e9g\u00e9e) entrant en contact avec les organes g\u00e9nitaux de votre partenaire<br>&#8211; du sperme ou des s\u00e9cr\u00e9tions vaginales infect\u00e9s p\u00e9n\u00e9trant dans vos yeux.<br>On ne sait pas encore si la chlamydia se propage sur les doigts lorsque vous touchez une partie infect\u00e9e du corps, puis d&rsquo;autres parties de votre corps ou celui de quelqu&rsquo;un d&rsquo;autre.<br>L&rsquo;utilisation d\u2019un pr\u00e9servatif externe ou interne r\u00e9duit le risque. D&rsquo;autres types de contraception, comme la pilule contraceptive, n&rsquo;offrent aucune protection contre les IST.<br>Si vous \u00eates atteint de VIH, le fait d&rsquo;avoir une chlamydia non trait\u00e9e pourrait augmenter la probabilit\u00e9 que vous transmettiez le VIH lors de rapports sexuels non prot\u00e9g\u00e9s. Mais si les m\u00e9dicaments anti-VIH ont rendu votre charge virale ind\u00e9tectable, la chlamydia ou d&rsquo;autres infections ne semblent pas pouvoir vous rendre plus susceptible de transmettre le VIH.<\/p>\n\n\n\n<p><strong>Tests et traitement de la chlamydia<br><\/strong>Les tests pour la chlamydia sont simples et indolores.<br>Un \u00e9chantillon de cellules peut \u00eatre pr\u00e9lev\u00e9 pour \u00eatre test\u00e9 de deux mani\u00e8res:<br>&#8211; avec un \u00e9chantillon d&rsquo;urine<br>&#8211; en passant doucement un \u00e9couvillon (petit coton-tige) sur la zone qui pourrait \u00eatre infect\u00e9e.<br>Les \u00e9couvillons ne prennent que quelques secondes et ne font pas mal (ils peuvent \u00eatre inconfortables pendant un petit moment).<br>La chlamydia est trait\u00e9e avec des antibiotiques. Les traitements les plus courants sont :<br>&#8211; une dose unique d&rsquo;azithromycine<br>&#8211; un traitement d&rsquo;une semaine \u00e0 la doxycycline.<br>Vous pourriez transmettre l&rsquo;infection si vous avez des rapports sexuels avant la fin du traitement. Cela inclut les rapports sexuels vaginaux, anaux et oraux, m\u00eame avec un pr\u00e9servatif. Pour \u00e9viter la r\u00e9infection ou la transmission de l&rsquo;infection, attendez 7 jours apr\u00e8s la fin de votre traitement pour avoir des rapports sexuels.<br>M\u00eame si vous recevez une seule dose d&rsquo;antibiotiques, vous devez attendre 7 jours pour avoir des rapports sexuels.<br>Il est important que les personnes avec qui vous avez eu des rapports sexuels r\u00e9cemment soient \u00e9galement test\u00e9es et trait\u00e9es.<\/p>\n\n\n\n<p><strong>Chlamydiose non trait\u00e9e<br><\/strong>Si la chlamydiose n&rsquo;est pas trait\u00e9e, elle peut parfois causer de graves probl\u00e8mes, notamment de la douleur, de l&rsquo;inflammation et de l&rsquo;infertilit\u00e9 tant chez les hommes que chez les femmes, ainsi que sur tous les sexes et anatomies sexuelles. Cela peut \u00e9galement entra\u00eener des complications pendant la grossesse.<\/p>\n\n\n\n<p><br><strong>Tests r\u00e9guliers<br><\/strong>Plus il y a de personnes avec qui vous avez des rapports sexuels, en particulier des rapports sexuels non prot\u00e9g\u00e9s, plus il y a de chances d&rsquo;attraper des infections comme la chlamydia. Vous pouvez les contracter sans le savoir. Aussi, des examens r\u00e9guliers constituent une bonne recommandation, surtout si vous commencez une nouvelle relation et\/ou si vous souhaitez cesser d&rsquo;utiliser des pr\u00e9servatifs avec votre partenaire.<br>La plupart des gens sont test\u00e9s et trait\u00e9s pour des infections comme la chlamydia dans les cliniques de sant\u00e9 sexuelle ou de m\u00e9decine g\u00e9nito-urinaire. C&rsquo;est gratuit et confidentiel, de sorte que personne d&rsquo;autre, dont votre m\u00e9decin g\u00e9n\u00e9raliste, ne sera inform\u00e9 de votre visite. Certains m\u00e9decins g\u00e9n\u00e9ralistes testent et traitent \u00e9galement ces infections.<\/p>\n","protected":false},"excerpt":{"rendered":"<p>La chlamydiose est l&rsquo;une des infections sexuellement transmissibles (IST) les plus courantes. Vous ne savez peut-\u00eatre pas que vous \u00eates infect\u00e9, car elle est souvent asymptomatique, mais non trait\u00e9e, elle peut causer de graves probl\u00e8mes chez les hommes et les femmes. Le d\u00e9pistage est rapide et indolore, et l\u2019affection peut \u00eatre trait\u00e9e avec une cure d&rsquo;antibiotiques.La chlamydia est caus\u00e9e par &#8230;<\/p>\n","protected":false},"author":6,"featured_media":0,"parent":0,"menu_order":0,"comment_status":"closed","ping_status":"closed","template":"","meta":{"footnotes":""},"class_list":["post-6246","page","type-page","status-publish","hentry","no-post-thumbnail"],"_links":{"self":[{"href":"https:\/\/refcheckpoint.gr\/fr\/wp-json\/wp\/v2\/pages\/6246","targetHints":{"allow":["GET"]}}],"collection":[{"href":"https:\/\/refcheckpoint.gr\/fr\/wp-json\/wp\/v2\/pages"}],"about":[{"href":"https:\/\/refcheckpoint.gr\/fr\/wp-json\/wp\/v2\/types\/page"}],"author":[{"embeddable":true,"href":"https:\/\/refcheckpoint.gr\/fr\/wp-json\/wp\/v2\/users\/6"}],"replies":[{"embeddable":true,"href":"https:\/\/refcheckpoint.gr\/fr\/wp-json\/wp\/v2\/comments?post=6246"}],"version-history":[{"count":0,"href":"https:\/\/refcheckpoint.gr\/fr\/wp-json\/wp\/v2\/pages\/6246\/revisions"}],"wp:attachment":[{"href":"https:\/\/refcheckpoint.gr\/fr\/wp-json\/wp\/v2\/media?parent=6246"}],"curies":[{"name":"wp","href":"https:\/\/api.w.org\/{rel}","templated":true}]}}