{"id":6249,"date":"2023-04-05T17:27:31","date_gmt":"2023-04-05T14:27:31","guid":{"rendered":"https:\/\/refcheckpoint.gr\/genital-warts-and-hpv\/"},"modified":"2023-04-07T11:45:46","modified_gmt":"2023-04-07T08:45:46","slug":"genital-warts-and-hpv","status":"publish","type":"page","link":"https:\/\/refcheckpoint.gr\/fr\/genital-warts-and-hpv\/","title":{"rendered":"Verrues g\u00e9nitales et VPH"},"content":{"rendered":"\n<p>Informations sur le virus du papillome humain (VPH) et les verrues g\u00e9nitales (leurs sympt\u00f4mes et la mani\u00e8re dont ils se transmettent et sont trait\u00e9s).<br>Les verrues g\u00e9nitales sont caus\u00e9es par le VPH. Il existe plus de 100 types diff\u00e9rents de VPH, contre lesquels vous pouvez \u00eatre vaccin\u00e9. Les verrues ne sont g\u00e9n\u00e9ralement pas douloureuses et ne constituent pas une menace s\u00e9rieuse pour votre sant\u00e9.<\/p>\n\n\n\n<p><strong>Que sont les verrues g\u00e9nitales?<br><\/strong>Les verrues g\u00e9nitales sont de petites excroissances charnues, des bosses ou des changements cutan\u00e9s n&rsquo;importe o\u00f9 sur les organes g\u00e9nitaux ou autour de l&rsquo;anus ou sur le haut des cuisses. (Vous pouvez voir des photos de verrues g\u00e9nitales sur un vagin, un p\u00e9nis et un anus ici : https:\/\/www.nhs.uk\/<br>&#8211; Si elles se trouvent dans l&rsquo;anus, \u00e0 l&rsquo;int\u00e9rieur du vagin ou sur le col de l&rsquo;ut\u00e9rus, vous ne savez peut-\u00eatre pas qu&rsquo;elles sont l\u00e0.<br>&#8211; Vous pouvez avoir juste une verrue ou une grappe qui peut ressembler \u00e0 un chou-fleur.<br>&#8211; Les verrues peuvent appara\u00eetre des semaines, des mois ou des ann\u00e9es apr\u00e8s l&rsquo;infection par le VPH.<br>&#8211; On peut les attraper une seule fois, bien que chez de nombreuses personnes elles reviennent.<\/p>\n\n\n\n<p><strong>Sympt\u00f4mes des verrues g\u00e9nitales<br><\/strong>Les verrues g\u00e9nitales sont g\u00e9n\u00e9ralement indolores, mais elles peuvent :<br>&#8211; causer de l\u2019inconfort et des d\u00e9mangeaisons<br>&#8211; devenir enflamm\u00e9es ou saigner<br>&#8211; changer le flux normal de votre pipi<br>&#8211; avoir un aspect d\u00e9sagr\u00e9able, ce qui peut \u00eatre p\u00e9nible.<br>Si vous ne faites pas traiter vos verrues, elles peuvent:<br>&#8211; finir par s&rsquo;en aller<br>&#8211; rester de la m\u00eame taille<br>&#8211; augmenter en taille ou en nombre.<\/p>\n\n\n\n<p><br><strong>Quel est le lien entre le VPH et le cancer?<br><\/strong>&#8211; Les VPH des types 6 et 11 provoquent la plupart des cas de verrues g\u00e9nitales. Ils ne causent pas le cancer du col de l&rsquo;ut\u00e9rus, de la vulve, de l&rsquo;anus ou du p\u00e9nis.<br>&#8211; Les VPH des types 16 et 18 peuvent provoquer des modifications cellulaires pouvant d\u00e9boucher sur un cancer. Ils sont li\u00e9s \u00e0 la majorit\u00e9 des cas de cancer du col de l&rsquo;ut\u00e9rus en Gr\u00e8ce.<\/p>\n\n\n\n<p><strong>Comment le VPH se transmet?<br><\/strong>Dans le cadre des rapports sexuels, le VPH est transmis :<br>&#8211; lorsque la peau de quelqu&rsquo;un touche les verrues d&rsquo;une autre personne (que vous ne verrez pas si elles sont \u00e0 l&rsquo;int\u00e9rieur du rectum ou du vagin)<br>&#8211; par contact g\u00e9nital<br>&#8211; par le partage de jouets sexuels<br>&#8211; (tr\u00e8s rarement) par le sexe oral.<br>Dans des cas extr\u00eamement rares:<br>&#8211; une m\u00e8re peut transmettre le VPH \u00e0 son b\u00e9b\u00e9 pendant l&rsquo;accouchement<br>&#8211; quelqu&rsquo;un peut transmettre le VPH par les verrues sur les mains, en touchant les organes g\u00e9nitaux d&rsquo;une personne.<br>Parfois, le virus est transmis sans qu&rsquo;aucune verrue ne soit pr\u00e9sente.<br>L&rsquo;utilisation d&rsquo;un pr\u00e9servatif externe ou interne r\u00e9duit le risque de transmission du VPH, mais uniquement si le pr\u00e9servatif recouvre la peau o\u00f9 se trouve le virus de la verrue.<br>D&rsquo;autres types de contraception, comme la pilule contraceptive, n&rsquo;offrent aucune protection contre les infections sexuellement transmissibles (IST), y compris les verrues g\u00e9nitales.<\/p>\n\n\n\n<p><strong>Tests et traitement des verrues g\u00e9nitales<br><\/strong>Plus t\u00f4t vous traitez les verrues g\u00e9nitales, plus il est facile de s&rsquo;en d\u00e9barrasser.<br>Un m\u00e9decin doit les traiter et vous ne pouvez pas utiliser de traitements destin\u00e9s aux verrues qui poussent sur les mains.<br>Les verrues sont trait\u00e9es par :<br>&#8211; application d&rsquo;une cr\u00e8me ou d&rsquo;un acide sp\u00e9cial(e), dans une clinique ou \u00e0 la maison<br>&#8211; cong\u00e9lation avec de l&rsquo;azote liquide<br>&#8211; d\u00e9coupe avec traitement au laser ou chirurgie sous anesth\u00e9sie locale dans les cas difficiles \u00e0 traiter.<br>Plusieurs traitements peuvent \u00eatre n\u00e9cessaires pour se d\u00e9barrasser des verrues et elles peuvent r\u00e9appara\u00eetre. \u00c9vitez les rapports sexuels (oraux, vaginaux ou anaux) jusqu&rsquo;\u00e0 la fin du traitement ou vous pourriez transmettre l&rsquo;infection.<\/p>\n\n\n\n<p><br><strong>Tests r\u00e9guliers<br><\/strong>Plus vous avez de rapports sexuels avec des personnes diff\u00e9rentes (en particulier des rapports sexuels non prot\u00e9g\u00e9s), plus vous risquez de contracter des infections telles que des verrues g\u00e9nitales.<br>Comme vous pouvez les avoir sans le savoir, des examens r\u00e9guliers sont recommand\u00e9s. C&rsquo;est notamment le cas si vous commencez une nouvelle relation ou si vous souhaitez cesser d&rsquo;utiliser des pr\u00e9servatifs avec votre partenaire.<br>La plupart des gens sont test\u00e9s et trait\u00e9s pour des infections telles que les verrues dans les cliniques de sant\u00e9 sexuelle. C&rsquo;est gratuit et confidentiel, ce qui signifie que personne d&rsquo;autre, y compris votre m\u00e9decin g\u00e9n\u00e9raliste, ne sera au courant de votre visite. Certains m\u00e9decins g\u00e9n\u00e9ralistes testent et traitent \u00e9galement ces infections.<\/p>\n\n\n\n<p><strong>Le vaccin contre le VPH<br><\/strong>En Gr\u00e8ce, toutes les filles \u00e2g\u00e9es de 13 \u00e0 18 ans et les gar\u00e7ons \u00e2g\u00e9s de 18 \u00e0 26 ans peuvent se voir proposer le vaccin Gardasil neuf-valent contre le HPV (9vHPV) prescrit par un m\u00e9decin g\u00e9n\u00e9raliste. Bien s\u00fbr, il peut \u00eatre administr\u00e9 \u00e0 n&rsquo;importe quel \u00e2ge, mais en payant le co\u00fbt correspondant. Gardasil prot\u00e8ge contre :<br>&#8211; les HPV des types 6 et 11m, qui causent la majorit\u00e9 des cas de verrues g\u00e9nitales<br>&#8211; les VPH des types 16 et 18, qui causent 70 % des cas de cancer du col de l&rsquo;ut\u00e9rus, et sont li\u00e9s aux cancers de l&rsquo;anus, de la vulve, du vagin et du p\u00e9nis<br>&#8211; les HPV des types 31, 33, 45, 52, et 58.<\/p>\n","protected":false},"excerpt":{"rendered":"<p>Informations sur le virus du papillome humain (VPH) et les verrues g\u00e9nitales (leurs sympt\u00f4mes et la mani\u00e8re dont ils se transmettent et sont trait\u00e9s).Les verrues g\u00e9nitales sont caus\u00e9es par le VPH. Il existe plus de 100 types diff\u00e9rents de VPH, contre lesquels vous pouvez \u00eatre vaccin\u00e9. Les verrues ne sont g\u00e9n\u00e9ralement pas douloureuses et ne constituent pas une menace s\u00e9rieuse &#8230;<\/p>\n","protected":false},"author":6,"featured_media":0,"parent":0,"menu_order":0,"comment_status":"closed","ping_status":"closed","template":"","meta":{"footnotes":""},"class_list":["post-6249","page","type-page","status-publish","hentry","no-post-thumbnail"],"_links":{"self":[{"href":"https:\/\/refcheckpoint.gr\/fr\/wp-json\/wp\/v2\/pages\/6249","targetHints":{"allow":["GET"]}}],"collection":[{"href":"https:\/\/refcheckpoint.gr\/fr\/wp-json\/wp\/v2\/pages"}],"about":[{"href":"https:\/\/refcheckpoint.gr\/fr\/wp-json\/wp\/v2\/types\/page"}],"author":[{"embeddable":true,"href":"https:\/\/refcheckpoint.gr\/fr\/wp-json\/wp\/v2\/users\/6"}],"replies":[{"embeddable":true,"href":"https:\/\/refcheckpoint.gr\/fr\/wp-json\/wp\/v2\/comments?post=6249"}],"version-history":[{"count":0,"href":"https:\/\/refcheckpoint.gr\/fr\/wp-json\/wp\/v2\/pages\/6249\/revisions"}],"wp:attachment":[{"href":"https:\/\/refcheckpoint.gr\/fr\/wp-json\/wp\/v2\/media?parent=6249"}],"curies":[{"name":"wp","href":"https:\/\/api.w.org\/{rel}","templated":true}]}}