{"id":6252,"date":"2023-04-05T17:29:48","date_gmt":"2023-04-05T14:29:48","guid":{"rendered":"https:\/\/refcheckpoint.gr\/gonorrhea\/"},"modified":"2023-04-07T11:49:25","modified_gmt":"2023-04-07T08:49:25","slug":"gonorrhea","status":"publish","type":"page","link":"https:\/\/refcheckpoint.gr\/fr\/gonorrhea\/","title":{"rendered":"Gonorrh\u00e9e"},"content":{"rendered":"\n<p>Informations sur la sant\u00e9 sexuelle concernant la gonorrh\u00e9e et la super-gonorrh\u00e9e, les sympt\u00f4mes de la gonorrh\u00e9e, la mani\u00e8re dont elle se transmet et comment elle est trait\u00e9e.<br>La gonorrh\u00e9e est caus\u00e9e par des bact\u00e9ries qui vivent dans les parties chaudes et humides du corps telles que la gorge, le rectum, le p\u00e9nis et le vagin. Si elle n&rsquo;est pas trait\u00e9e, la gonorrh\u00e9e peut provoquer de l&rsquo;infertilit\u00e9 chez les hommes, femmes et tous les sexes.<br>La gonorrh\u00e9e se trouve \u00e9galement dans le sperme infect\u00e9 et les s\u00e9cr\u00e9tions vaginales.<\/p>\n\n\n\n<p><strong>Sympt\u00f4mes de la gonorrh\u00e9e<br><\/strong>Les sympt\u00f4mes chez les hommes apparaissent g\u00e9n\u00e9ralement sous 10 jours, mais il est courant que les femmes ne pr\u00e9sentent aucun sympt\u00f4me.<br><strong>La gonorrh\u00e9e dans le p\u00e9nis<\/strong> provoque souvent:<br>&#8211; un \u00e9coulement jaun\u00e2tre, blanc ou vert<br>&#8211; une sensation de br\u00fblure, surtout en urinant<br>&#8211; un gonflement du pr\u00e9puce.<br><strong>Dans le vagin<\/strong>, l\u2019affection peut provoquer :<br>&#8211; un changement dans les flux vaginaux<br>&#8211; une sensation de br\u00fblure en urinant<br>&#8211; des saignements entre les r\u00e8gles.<br><strong>La gonorrh\u00e9e dans la gorge<\/strong> est g\u00e9n\u00e9ralement asymptomatique.<br><strong>Pour la gonorrh\u00e9e dans le rectum<\/strong>, il n&rsquo;y a souvent aucun sympt\u00f4me, mais il peut y avoir une g\u00eane et un \u00e9coulement.<\/p>\n\n\n\n<p><strong>Comment se fait la transmission?<br><\/strong>La gonorrh\u00e9e se propage lors des rapports sexuels vaginaux, oraux ou anaux. Elle peut \u00e9galement se propager en partageant des jouets sexuels sans les laver ou lorsqu&rsquo;un pr\u00e9servatif neuf n&rsquo;est pas utilis\u00e9 pour chaque personne.<br>Il peut \u00eatre possible de propager la gonorrh\u00e9e sur les doigts lorsque vous touchez une partie infect\u00e9e du corps, puis touchez d&rsquo;autres parties de votre corps ou de celui d\u2019un tiers.<br>L&rsquo;utilisation d&rsquo;un pr\u00e9servatif (externe ou interne) r\u00e9duit le risque, mais ne l&rsquo;\u00e9limine pas compl\u00e8tement.<br>La gonorrh\u00e9e peut \u00eatre transmise par le sexe oral, donc l&rsquo;utilisation de pr\u00e9servatifs aromatis\u00e9s ou de digues dentaires peut aider \u00e0 r\u00e9duire le risque.<br>D&rsquo;autres types de contraception, comme la pilule contraceptive, n&rsquo;offrent aucune protection contre la gonorrh\u00e9e ou d&rsquo;autres infections sexuellement transmissibles (IST).<br>La gonorrh\u00e9e peut \u00e9galement \u00eatre transmise d&rsquo;une m\u00e8re \u00e0 son b\u00e9b\u00e9 pendant l&rsquo;accouchement, ce qui peut provoquer une conjonctivite dans les yeux du b\u00e9b\u00e9. Une femme peut prendre des antibiotiques pour traiter la gonorrh\u00e9e pendant la grossesse ou l&rsquo;allaitement.<br>Il est possible qu&rsquo;un adulte contracte une conjonctivite \u00e0 la suite d&rsquo;un contact de ses yeux avec la bact\u00e9rie de la gonorrh\u00e9e, mais cela est rare.<\/p>\n\n\n\n<p><strong>Tests et traitement de la gonorrh\u00e9e<br><\/strong>Il existe un test d&rsquo;urine pour la gonorrh\u00e9e, ou un \u00e9chantillon peut \u00eatre pr\u00e9lev\u00e9 sur la partie infect\u00e9e de votre corps \u00e0 l&rsquo;aide d&rsquo;un \u00e9couvillon (un petit coton-tige).<br>Les \u00e9couvillons pr\u00e9lev\u00e9s dans le rectum, la gorge et le vagin ne font pas mal. Un \u00e9couvillon pr\u00e9lev\u00e9 \u00e0 l&rsquo;int\u00e9rieur du p\u00e9nis d&rsquo;un homme peut \u00eatre inconfortable pendant un petit moment.<br>La gonorrh\u00e9e est trait\u00e9e avec des antibiotiques. Les personnes avec qui vous avez eu des rapports sexuels doivent \u00e9galement \u00eatre contr\u00f4l\u00e9es. Une clinique peut les contacter si vous ne souhaitez pas le faire vous-m\u00eame. Si elle n&rsquo;est pas trait\u00e9e, la gonorrh\u00e9e peut causer de graves probl\u00e8mes, notamment de l&rsquo;infertilit\u00e9 chez les hommes et les femmes.<br>R\u00e9cemment, une souche de ce qu&rsquo;on appelle la <strong>super-gonorrh\u00e9e<\/strong> a augment\u00e9 en Angleterre. Cette souche est r\u00e9sistante \u00e0 l&rsquo;un des deux antibiotiques utilis\u00e9s pour traiter l&rsquo;infection.<br>La super-gonorrh\u00e9e est r\u00e9sistante \u00e0 l&rsquo;azithromycine. Toutefois, l&rsquo;autre antibiotique utilis\u00e9 (d\u00e9nomm\u00e9 ceftriaxone), fonctionne actuellement pour la majorit\u00e9 des cas. Il est donc important de se faire tester et traiter.<\/p>\n\n\n\n<p><strong>O\u00f9 et quand se faire tester?<br><\/strong>La plupart des gens sont test\u00e9s et trait\u00e9s pour des infections telles que la gonorrh\u00e9e \u00e0 l&rsquo;h\u00f4pital pour maladies cutan\u00e9es et v\u00e9n\u00e9riennes de Thessalonique et \u00e0 l&rsquo;h\u00f4pital A. Syngros d&rsquo;Ath\u00e8nes. C&rsquo;est gratuit et confidentiel : personne d&rsquo;autre, y compris votre m\u00e9decin g\u00e9n\u00e9raliste, ne sera inform\u00e9 de votre visite. Certains m\u00e9decins g\u00e9n\u00e9ralistes testent et traitent \u00e9galement ces infections. Le Syst\u00e8me sanitaire national grec peut couvrir les tests de d\u00e9pistage des IST, une fois les sympt\u00f4mes pr\u00e9sents, en affichant simplement le num\u00e9ro de s\u00e9curit\u00e9 sociale (AMKA ou \u03a0\u0391\u0391\u03a5\u03a0\u0391), gratuitement. Si aucun sympt\u00f4me n&rsquo;est pr\u00e9sent et vous souhaitez vous faire tester, vous devrez trouver un cabinet ou un laboratoire priv\u00e9. Dans de tels cas, il est pr\u00e9f\u00e9rable de conna\u00eetre le co\u00fbt \u00e0 l&rsquo;avance.<br>Plus vous avez de rapports sexuels avec des personnes diff\u00e9rentes (en particulier des rapports sexuels non prot\u00e9g\u00e9s), plus grandes sont les chances de contracter des IST telles que la gonorrh\u00e9e. Il est possible de les contracter sans le savoir, de sorte que des examens r\u00e9guliers sont recommand\u00e9s, surtout si vous commencez une nouvelle relation ou si vous souhaitez cesser d&rsquo;utiliser des pr\u00e9servatifs avec votre partenaire.<\/p>\n\n\n\n<p><strong>Gonorrh\u00e9e et VIH<br><\/strong>La gonorrh\u00e9e peut augmenter le risque de contracter le VIH si vous entrez en contact avec le virus. De m\u00eame, si vous avez le VIH, une gonorrh\u00e9e non trait\u00e9e pourrait augmenter le risque de transmission du VIH lors de rapports sexuels non prot\u00e9g\u00e9s.<br>Toutefois, si les m\u00e9dicaments anti-VIH ont rendu votre charge virale ind\u00e9tectable, la gonorrh\u00e9e ou d&rsquo;autres infections ne semblent pas pouvoir vous rendre plus susceptible de transmettre le VIH.<\/p>\n","protected":false},"excerpt":{"rendered":"<p>Informations sur la sant\u00e9 sexuelle concernant la gonorrh\u00e9e et la super-gonorrh\u00e9e, les sympt\u00f4mes de la gonorrh\u00e9e, la mani\u00e8re dont elle se transmet et comment elle est trait\u00e9e.La gonorrh\u00e9e est caus\u00e9e par des bact\u00e9ries qui vivent dans les parties chaudes et humides du corps telles que la gorge, le rectum, le p\u00e9nis et le vagin. Si elle n&rsquo;est pas trait\u00e9e, la &#8230;<\/p>\n","protected":false},"author":6,"featured_media":0,"parent":0,"menu_order":0,"comment_status":"closed","ping_status":"closed","template":"","meta":{"footnotes":""},"class_list":["post-6252","page","type-page","status-publish","hentry","no-post-thumbnail"],"_links":{"self":[{"href":"https:\/\/refcheckpoint.gr\/fr\/wp-json\/wp\/v2\/pages\/6252","targetHints":{"allow":["GET"]}}],"collection":[{"href":"https:\/\/refcheckpoint.gr\/fr\/wp-json\/wp\/v2\/pages"}],"about":[{"href":"https:\/\/refcheckpoint.gr\/fr\/wp-json\/wp\/v2\/types\/page"}],"author":[{"embeddable":true,"href":"https:\/\/refcheckpoint.gr\/fr\/wp-json\/wp\/v2\/users\/6"}],"replies":[{"embeddable":true,"href":"https:\/\/refcheckpoint.gr\/fr\/wp-json\/wp\/v2\/comments?post=6252"}],"version-history":[{"count":0,"href":"https:\/\/refcheckpoint.gr\/fr\/wp-json\/wp\/v2\/pages\/6252\/revisions"}],"wp:attachment":[{"href":"https:\/\/refcheckpoint.gr\/fr\/wp-json\/wp\/v2\/media?parent=6252"}],"curies":[{"name":"wp","href":"https:\/\/api.w.org\/{rel}","templated":true}]}}