{"id":6258,"date":"2023-04-06T10:12:51","date_gmt":"2023-04-06T07:12:51","guid":{"rendered":"https:\/\/refcheckpoint.gr\/herpes\/"},"modified":"2023-04-07T12:13:00","modified_gmt":"2023-04-07T09:13:00","slug":"herpes","status":"publish","type":"page","link":"https:\/\/refcheckpoint.gr\/fr\/herpes\/","title":{"rendered":"Herp\u00e8s"},"content":{"rendered":"\n<p>L&rsquo;herp\u00e8s est caus\u00e9 par le virus de l&rsquo;herp\u00e8s simplex (HSV). Il se transmet par contact peau \u00e0 peau, par exemple lors des rapports sexuels vaginaux, oraux ou anaux. Le virus de l&rsquo;herp\u00e8s simplex demeure dans le corps \u00e0 vie, mais il reste inactif la plupart du temps.<br>Il existe deux types d&rsquo;herp\u00e8s, <strong>HSV 1<\/strong> et <strong>HSV 2<\/strong>. Ils peuvent p\u00e9n\u00e9trer dans le corps par la peau d\u00e9licate et humide de la bouche, du p\u00e9nis, du vagin et du rectum.<br>Les deux types peuvent provoquer:<br>&#8211; des boutons de fi\u00e8vre sur la bouche<br>&#8211; de l&rsquo;herp\u00e8s g\u00e9nital<br>&#8211; des infections douloureuses (appel\u00e9es \u00ab panaris \u00bb) sur les doigts et les mains.<br>Vous pouvez attraper l&rsquo;herp\u00e8s g\u00e9nital lors des rapports sexuels vaginaux, anaux ou oraux.<\/p>\n\n\n\n<p><strong>L&rsquo;herp\u00e8s est une maladie \u00e0 long terme<br><\/strong>L&rsquo;herp\u00e8s reste dans le corps pour la vie, inactif dans les nerfs entre les pouss\u00e9es.<br>De temps en temps, il est r\u00e9activ\u00e9, provoquant une pouss\u00e9e. Les pouss\u00e9es ult\u00e9rieures ont tendance \u00e0 \u00eatre plus b\u00e9nignes que le pouss\u00e9e initiale. Certaines personnes peuvent prendre des m\u00e9dicaments pour les contr\u00f4ler.<\/p>\n\n\n\n<p><strong>Sympt\u00f4mes de l&rsquo;herp\u00e8s<br><\/strong>Les ampoules sont le principal sympt\u00f4me de l&rsquo;herp\u00e8s. Apr\u00e8s avoir \u00e9t\u00e9 infect\u00e9, vous pouvez ne jamais avoir d&rsquo;ampoules, n\u2019en avoir qu&rsquo;une fois, ou elles peuvent r\u00e9appara\u00eetre de temps en temps. Habituellement, elles sont moins douloureuses et fr\u00e9quentes au fil du temps.<br>Vous pouvez voir des signes d&rsquo;infection dans les quatre \u00e0 sept jours suivant l&rsquo;exposition, mais il peut parfois s&rsquo;\u00e9couler des mois, voire des ann\u00e9es apr\u00e8s l&rsquo;infection, avant que les sympt\u00f4mes n&rsquo;apparaissent pour la premi\u00e8re fois.<br>Une ampoule d&rsquo;herp\u00e8s peut appara\u00eetre sur diff\u00e9rentes parties du corps :<br>&#8211; dans ou autour de la bouche (appel\u00e9es boutons de fi\u00e8vre)<br>&#8211; gorge<br>&#8211; p\u00e9nis<br>&#8211; vagin<br>&#8211; rectum<br>&#8211; parfois sur les cuisses, les fesses et d&rsquo;autres zones du corps.<br>Vous pouvez vous sentir fatigu\u00e9, avec des douleurs pseudo-grippales et des ganglions enfl\u00e9s. Les ampoules sont g\u00e9n\u00e9ralement pires la premi\u00e8re fois qu&rsquo;elles apparaissent.<br>Avant que les ampoules n&rsquo;apparaissent, votre peau peut vous d\u00e9manger, picoter ou \u00eatre engourdie. Les ampoules peuvent \u00eatre douloureuses, en particulier lorsque vous allez aux toilettes, et peuvent provoquer un \u00e9coulement du p\u00e9nis, du vagin ou du rectum.<br>Elles contiennent un liquide clair infectieux avant d&rsquo;\u00e9clater, former des cro\u00fbtes et gu\u00e9rir en deux \u00e0 quatre semaines.<\/p>\n\n\n\n<p><strong>Comment se fait la transmission?<br><\/strong>L&rsquo;herp\u00e8s se transmet par:<br>&#8211; contact peau \u00e0 peau lors des rapports sexuels vaginaux, anaux ou oraux sans pr\u00e9servatif<br>&#8211; partage de jouets sexuels.<br>Il peut \u00e9galement \u00eatre transmis d&rsquo;une m\u00e8re \u00e0 son b\u00e9b\u00e9.<br>L&rsquo;infection est plus probable lorsque des ampoules sont sur la peau, mais elle se produit parfois en l&rsquo;absence d&rsquo;ampoules, en particulier avant ou juste apr\u00e8s une pouss\u00e9e.<br>Vous ne verrez aucune ampoule \u00e0 l&rsquo;int\u00e9rieur du vagin, de la gorge ou du rectum. Si vous embrassez quelqu&rsquo;un ou avez des rapports sexuels oraux alors que vous avez des boutons de fi\u00e8vre sur la bouche (ou si vous \u00eates sur le point d&rsquo;en avoir un), vous risquez de transmettre \u00e0 votre partenaire de l&rsquo;herp\u00e8s sur les l\u00e8vres ou les organes g\u00e9nitaux.<\/p>\n\n\n\n<p><strong>Comment \u00e9viter l&rsquo;infection par l&rsquo;herp\u00e8s<br><\/strong>Les pr\u00e9servatifs (externes et internes) r\u00e9duisent le risque de contracter ou de transmettre l&rsquo;herp\u00e8s s&rsquo;ils couvrent la zone touch\u00e9e.<br>D&rsquo;autres types de contraception, comme la pilule contraceptive, n&rsquo;offrent aucune protection contre les infections sexuellement transmissibles (IST).<br>Lavez-vous les mains apr\u00e8s avoir touch\u00e9 des ampoules, en particulier avant de manipuler des lentilles de contact, car l&rsquo;herp\u00e8s peut provoquer une infection oculaire.<br>\u00c9vitez les choses qui d\u00e9clenchent des pouss\u00e9es d&rsquo;herp\u00e8s comme le manque de sommeil, les bains de soleil ou le stress.<br>Avoir l&rsquo;herp\u00e8s pourrait faciliter la transmission du VIH \u00e0 quelqu&rsquo;un. Mais si les m\u00e9dicaments anti-VIH ont rendu votre charge virale ind\u00e9tectable, vous ne pourrez pas transmettre le VIH.<\/p>\n\n\n\n<p><strong>Traitement de l&rsquo;herp\u00e8s<br><\/strong>Le virus de l&rsquo;herp\u00e8s reste dans votre corps \u00e0 vie, mais les comprim\u00e9s antiviraux peuvent aider \u00e0 pr\u00e9venir les pouss\u00e9es, g\u00e9rer les sympt\u00f4mes pendant une pouss\u00e9e et acc\u00e9l\u00e9rer la gu\u00e9rison des ampoules.<br>Le traitement immunosuppresseur peut \u00eatre utilis\u00e9 \u00e0 long terme par les personnes qui ont plus de six pouss\u00e9es par an pour pr\u00e9venir les sympt\u00f4mes, tandis que d&rsquo;autres utilisent un traitement \u00e9pisodique lorsqu&rsquo;elles ont une pouss\u00e9e.<br>Si des cloques apparaissent, des cr\u00e8mes analg\u00e9siques et un bain d&rsquo;eau sal\u00e9e peuvent aider.<\/p>\n\n\n\n<p><strong>Tester l&rsquo;herp\u00e8s<br><\/strong>Un test sanguin d&rsquo;herp\u00e8s existe mais il n&rsquo;est pas g\u00e9n\u00e9ralement utilis\u00e9. Les cliniques testeront les ampoules pour d\u00e9tecter le virus et traiteront les sympt\u00f4mes.<br>La plupart des gens sont test\u00e9s et trait\u00e9s pour des infections telles que l&rsquo;herp\u00e8s <strong>dans les h\u00f4pitaux pour maladies cutan\u00e9es et v\u00e9n\u00e9riennes<\/strong>. C&rsquo;est gratuit et confidentiel et personne d&rsquo;autre, y compris votre m\u00e9decin g\u00e9n\u00e9raliste, ne sera inform\u00e9 de votre visite. Certains m\u00e9decins g\u00e9n\u00e9ralistes testent et traitent \u00e9galement ces infections.<br>Plus vous avez de rapports sexuels, en particulier des relations sexuelles non prot\u00e9g\u00e9es, plus vous avez de chances de contracter des infections telles que l&rsquo;herp\u00e8s. Vous pouvez les contracter sans le savoir, de sorte que les examens r\u00e9guliers sont une bonne recommandation, surtout si vous commencez une nouvelle relation et\/ou si vous souhaitez cesser d&rsquo;utiliser des pr\u00e9servatifs avec votre partenaire.<\/p>\n","protected":false},"excerpt":{"rendered":"<p>L&rsquo;herp\u00e8s est caus\u00e9 par le virus de l&rsquo;herp\u00e8s simplex (HSV). Il se transmet par contact peau \u00e0 peau, par exemple lors des rapports sexuels vaginaux, oraux ou anaux. Le virus de l&rsquo;herp\u00e8s simplex demeure dans le corps \u00e0 vie, mais il reste inactif la plupart du temps.Il existe deux types d&rsquo;herp\u00e8s, HSV 1 et HSV 2. Ils peuvent p\u00e9n\u00e9trer dans &#8230;<\/p>\n","protected":false},"author":6,"featured_media":0,"parent":0,"menu_order":0,"comment_status":"closed","ping_status":"closed","template":"","meta":{"footnotes":""},"class_list":["post-6258","page","type-page","status-publish","hentry","no-post-thumbnail"],"_links":{"self":[{"href":"https:\/\/refcheckpoint.gr\/fr\/wp-json\/wp\/v2\/pages\/6258","targetHints":{"allow":["GET"]}}],"collection":[{"href":"https:\/\/refcheckpoint.gr\/fr\/wp-json\/wp\/v2\/pages"}],"about":[{"href":"https:\/\/refcheckpoint.gr\/fr\/wp-json\/wp\/v2\/types\/page"}],"author":[{"embeddable":true,"href":"https:\/\/refcheckpoint.gr\/fr\/wp-json\/wp\/v2\/users\/6"}],"replies":[{"embeddable":true,"href":"https:\/\/refcheckpoint.gr\/fr\/wp-json\/wp\/v2\/comments?post=6258"}],"version-history":[{"count":0,"href":"https:\/\/refcheckpoint.gr\/fr\/wp-json\/wp\/v2\/pages\/6258\/revisions"}],"wp:attachment":[{"href":"https:\/\/refcheckpoint.gr\/fr\/wp-json\/wp\/v2\/media?parent=6258"}],"curies":[{"name":"wp","href":"https:\/\/api.w.org\/{rel}","templated":true}]}}