{"id":6267,"date":"2023-04-06T10:16:31","date_gmt":"2023-04-06T07:16:31","guid":{"rendered":"https:\/\/refcheckpoint.gr\/lgv-lymphogranuloma-venereum\/"},"modified":"2023-04-07T12:16:17","modified_gmt":"2023-04-07T09:16:17","slug":"lgv-lymphogranuloma-venereum","status":"publish","type":"page","link":"https:\/\/refcheckpoint.gr\/fr\/lgv-lymphogranuloma-venereum\/","title":{"rendered":"LGV (lymphogranulome v\u00e9n\u00e9rien)"},"content":{"rendered":"\n<p>Informations sur la sant\u00e9 sexuelle concernant les sympt\u00f4mes du LGV, la mani\u00e8re dont il se transmet et comment \u00e9viter l&rsquo;infection.<br>LGV signifie <strong>lymphogranulome v\u00e9n\u00e9rien<\/strong>. C&rsquo;est un type de bact\u00e9rie chlamydia qui attaque les ganglions lymphatiques, qui constituent une partie importante de la d\u00e9fense de votre corps contre les infections.<br>Le LGV est tr\u00e8s rarement observ\u00e9 chez les hommes et les femmes h\u00e9t\u00e9rosexuels, mais des cas sont observ\u00e9s chez les hommes homosexuels et bisexuels.<\/p>\n\n\n\n<p><strong>Sympt\u00f4mes du LGV<br><\/strong>Presque toutes les infections au LGV observ\u00e9es au Royaume-Uni ces derni\u00e8res ann\u00e9es se sont produites dans le rectum.<br>&#8211; Quelques semaines apr\u00e8s l&rsquo;infection, la plupart des gens souffrent d&rsquo;une inflammation douloureuse du rectum (appel\u00e9e \u00ab proctite \u00bb) accompagn\u00e9e de saignements, pus, constipation ou ulc\u00e8res.<br>&#8211; On peut \u00e9galement avoir de la fi\u00e8vre, des \u00e9ruptions cutan\u00e9es et un gonflement de l&rsquo;entrejambe, des aisselles ou du cou.<br>&#8211; Une petite plaie peut appara\u00eetre l\u00e0 o\u00f9 la bact\u00e9rie est entr\u00e9e dans le corps, mais la plupart des gens ne la remarquent pas.<br>S&rsquo;il n&rsquo;est pas trait\u00e9, le LGV peut causer des dommages durables au rectum qui peuvent n\u00e9cessiter une intervention chirurgicale.<br>Le <strong>LGV dans le p\u00e9nis<\/strong> peut provoquer un \u00e9coulement et une douleur au moment d&rsquo;uriner, avec des glandes enfl\u00e9es dans l&rsquo;entrejambe.<br>Le <strong>LGV dans la bouche ou la gorge<\/strong> est rare, mais peut provoquer un gonflement des ganglions du cou.<\/p>\n\n\n\n<p><strong>Comment se fait la transmission?<br><\/strong>Les bact\u00e9ries LGV p\u00e9n\u00e8trent g\u00e9n\u00e9ralement dans le corps par la peau d\u00e9licate et humide du rectum et du p\u00e9nis.<br>Les <strong>femmes<\/strong> peuvent \u00e9galement \u00eatre infect\u00e9es par le vagin. Il existe des cas rares d&rsquo;infection par la bouche et la gorge.<br>Des <strong>hommes gais et bisexuels<\/strong> ont contract\u00e9 le LGV en ayant des relations sexuelles anales sans pr\u00e9servatif et en pratiquant le fisting (lorsqu&rsquo;une main est ins\u00e9r\u00e9e dans le rectum d&rsquo;un partenaire).<br>Les bact\u00e9ries peuvent \u00e9galement \u00eatre transport\u00e9es d&rsquo;un rectum \u00e0 l&rsquo;autre :<br>&#8211; pendant le sexe en groupe<br>&#8211; sur des objets tels que des jouets sexuels, des doigts, du mat\u00e9riel de lavement, des pr\u00e9servatifs ou des gants en latex.<\/p>\n\n\n\n<p><strong>Comment \u00e9viter l&rsquo;infection par le LGV?<br><\/strong>Couvrez tout ce qui est communiqu\u00e9 d&rsquo;un rectum \u00e0 l&rsquo;autre avec un pr\u00e9servatif neuf ou un gant en latex neuf pour chaque nouvelle personne, ou nettoyez-le avec de l&rsquo;eau ti\u00e8de et du savon antibact\u00e9rien.<br>Le mat\u00e9riel de lavement ne doit pas \u00eatre partag\u00e9.<br>Avoir le LGV pourrait faciliter la contraction ou la transmission du VIH. Mais si vous avez le VIH et votre traitement a rendu votre charge virale ind\u00e9tectable, le LGV et d&rsquo;autres infections ne semblent pas vous rendre plus susceptible de transmettre le VIH.<\/p>\n\n\n\n<p><strong>Tests pour le LGV<br><\/strong>Si vous \u00eates un homme homosexuel ou bisexuel pr\u00e9sentant des sympt\u00f4mes possibles de LGV, un h\u00f4pital des maladies cutan\u00e9es et v\u00e9n\u00e9riennes utilisera un \u00e9couvillon (un petit coton-tige) pour pr\u00e9lever un \u00e9chantillon de votre rectum et de votre p\u00e9nis.<br>Si vous \u00eates une femme suspect\u00e9e d&rsquo;\u00eatre infect\u00e9e par le LGV, des pr\u00e9l\u00e8vements seront pris \u00e0 l\u2019\u00e9couvillon sur votre vagin et votre col de l&rsquo;ut\u00e9rus.<br>Les \u00e9chantillons sont d&rsquo;abord test\u00e9s pour la chlamydia. Si le r\u00e9sultat de ce test est \u00ab positif \u00bb, les \u00e9chantillons seront test\u00e9s pour le LGV.<br>Les personnes avec qui vous avez eu des rapports sexuels doivent \u00e9galement \u00eatre contr\u00f4l\u00e9es.<br>N&rsquo;oubliez pas que plus vous avez de personnes diff\u00e9rentes avec qui vous avez des rapports sexuels (en particulier des relations sexuelles non prot\u00e9g\u00e9es), plus vous avez de chances de contracter des infections telles que le LGV. Vous pouvez avoir ces infections sans le savoir, donc des examens r\u00e9guliers sont recommand\u00e9s. C&rsquo;est particuli\u00e8rement le cas si vous commencez une nouvelle relation et\/ou si vous souhaitez cesser d&rsquo;utiliser des pr\u00e9servatifs avec votre partenaire.<\/p>\n\n\n\n<p><strong>Traitement du LGV<br><\/strong>Les antibiotiques gu\u00e9rissent le LGV sans effets durables tant que l&rsquo;infection est trait\u00e9e suffisamment t\u00f4t.<br>N&rsquo;ayez pas de rapports sexuels tant que le traitement n&rsquo;est pas termin\u00e9, sinon vous pourriez transmettre l&rsquo;infection.<br>La plupart des gens sont test\u00e9s et trait\u00e9s pour des infections comme le LGV \u00e0 : C&rsquo;est gratuit et confidentiel (personne d&rsquo;autre, notamment votre m\u00e9decin g\u00e9n\u00e9raliste, ne sera inform\u00e9 de votre visite).<br>Toutefois, il est pr\u00e9f\u00e9rable de se rendre dans un h\u00f4pital pour maladies cutan\u00e9es et v\u00e9n\u00e9riennes si vous pr\u00e9sentez des sympt\u00f4mes possibles de LGV, car certains m\u00e9decins g\u00e9n\u00e9ralistes peuvent ne pas diagnostiquer correctement le LGV.<\/p>\n","protected":false},"excerpt":{"rendered":"<p>Informations sur la sant\u00e9 sexuelle concernant les sympt\u00f4mes du LGV, la mani\u00e8re dont il se transmet et comment \u00e9viter l&rsquo;infection.LGV signifie lymphogranulome v\u00e9n\u00e9rien. C&rsquo;est un type de bact\u00e9rie chlamydia qui attaque les ganglions lymphatiques, qui constituent une partie importante de la d\u00e9fense de votre corps contre les infections.Le LGV est tr\u00e8s rarement observ\u00e9 chez les hommes et les femmes h\u00e9t\u00e9rosexuels, &#8230;<\/p>\n","protected":false},"author":6,"featured_media":0,"parent":0,"menu_order":0,"comment_status":"closed","ping_status":"closed","template":"","meta":{"footnotes":""},"class_list":["post-6267","page","type-page","status-publish","hentry","no-post-thumbnail"],"_links":{"self":[{"href":"https:\/\/refcheckpoint.gr\/fr\/wp-json\/wp\/v2\/pages\/6267","targetHints":{"allow":["GET"]}}],"collection":[{"href":"https:\/\/refcheckpoint.gr\/fr\/wp-json\/wp\/v2\/pages"}],"about":[{"href":"https:\/\/refcheckpoint.gr\/fr\/wp-json\/wp\/v2\/types\/page"}],"author":[{"embeddable":true,"href":"https:\/\/refcheckpoint.gr\/fr\/wp-json\/wp\/v2\/users\/6"}],"replies":[{"embeddable":true,"href":"https:\/\/refcheckpoint.gr\/fr\/wp-json\/wp\/v2\/comments?post=6267"}],"version-history":[{"count":0,"href":"https:\/\/refcheckpoint.gr\/fr\/wp-json\/wp\/v2\/pages\/6267\/revisions"}],"wp:attachment":[{"href":"https:\/\/refcheckpoint.gr\/fr\/wp-json\/wp\/v2\/media?parent=6267"}],"curies":[{"name":"wp","href":"https:\/\/api.w.org\/{rel}","templated":true}]}}