{"id":6270,"date":"2023-04-06T10:19:27","date_gmt":"2023-04-06T07:19:27","guid":{"rendered":"https:\/\/refcheckpoint.gr\/mycoplasma-genitalium-mgen\/"},"modified":"2023-04-07T12:21:15","modified_gmt":"2023-04-07T09:21:15","slug":"mycoplasma-genitalium-mgen","status":"publish","type":"page","link":"https:\/\/refcheckpoint.gr\/fr\/mycoplasma-genitalium-mgen\/","title":{"rendered":"Mycoplasma genitalium (Mgen)"},"content":{"rendered":"\n<p>Informations sur la sant\u00e9 sexuelle concernant l&rsquo;infection \u00e0 Mycoplasma genitalium (la mani\u00e8re dont elle se transmet et comment \u00e9viter l&rsquo;infection).<br>L&rsquo;infection \u00e0 Mycoplasma genitalium est \u00e9galement connue sous le nom de MG ou Mgen. C&rsquo;est une bact\u00e9rie sexuellement transmissible qui infecte les voies urinaires et g\u00e9nitales des hommes et des femmes.<br>La MG peut provoquer une ur\u00e9trite non sp\u00e9cifique (NSU) chez les hommes et une maladie inflammatoire pelvienne (MIP) chez les femmes.<\/p>\n\n\n\n<p><strong>Sympt\u00f4mes du MG<br><\/strong>La majorit\u00e9 des personnes atteintes de MG ne pr\u00e9sentent aucun sympt\u00f4me et l&rsquo;infection dispara\u00eetra naturellement dans certains cas. D&rsquo;autres peuvent pr\u00e9senter un ou plusieurs sympt\u00f4me(s).<br>Les <strong>hommes<\/strong> doivent faire attention aux sympt\u00f4mes suivants:<br>&#8211; douleur en urinant<br>&#8211; d\u00e9charges<br>&#8211; douleur dans les testicules<br>&#8211; rectite, une inflammation du rectum provoquant des douleurs anales et des \u00e9coulements.<br>Les <strong>femmes <\/strong>doivent faire attention aux sympt\u00f4mes suivants:<br>&#8211; pertes vaginales<br>&#8211; douleur dans le bas-ventre<br>&#8211; saignements vaginaux anormaux (saignements intermenstruels)<br>&#8211; saignements apr\u00e8s les rapports sexuels<br>&#8211; La MIP a \u00e9t\u00e9 li\u00e9e au MG \u2013 La MIP (maladie inflammatoire pelvienne) peut provoquer l&rsquo;infertilit\u00e9 et est \u00e9galement associ\u00e9e \u00e0 des naissances pr\u00e9matur\u00e9es et \u00e0 des avortements spontan\u00e9s.<\/p>\n\n\n\n<p><strong>Comment le MG est-il transmis?<br><\/strong>Le MG se transmet par les rapports sexuels vaginaux ou anaux non prot\u00e9g\u00e9es. Il est plus fr\u00e9quent chez les hommes et les femmes qui ont plusieurs partenaires sexuels.<br>Vous devez utiliser un pr\u00e9servatif pendant les rapports sexuels pour r\u00e9duire le risque de l&rsquo;attraper ou de le transmettre.<\/p>\n\n\n\n<p><br><strong>Tests pour le MG<br><\/strong>Le test pour le MG \u00e0 la clinique de sant\u00e9 sexuelle n&rsquo;est pas routinier comme pour les autres IST et vous ne subirez probablement pas de test pour le MG \u00e0 moins que vous n\u2019en pr\u00e9sentiez des sympt\u00f4mes.<br>Si vous pr\u00e9sentez des sympt\u00f4mes, le MG est diagnostiqu\u00e9e en effectuant un simple test d&rsquo;urine pour les hommes ou un pr\u00e9l\u00e8vement g\u00e9nital pour les femmes.<br>Si un test montre que vous souffrez de MG, vos partenaires sexuels actuels doivent \u00e9galement \u00eatre test\u00e9s, m\u00eame s&rsquo;ils ne pr\u00e9sentent aucun sympt\u00f4me.<br>Toutes les personnes sexuellement actives devraient subir des examens r\u00e9guliers \u00e0 leur clinique de sant\u00e9 sexuelle locale. C&rsquo;est particuli\u00e8rement important pour les hommes et les femmes qui ont plusieurs partenaires sexuels ou qui ont du mal \u00e0 utiliser le pr\u00e9servatif.<\/p>\n\n\n\n<p><br><strong>Traitement<br><\/strong>Le MG est trait\u00e9 avec des antibiotiques.<br>Certaines souches ont d\u00e9velopp\u00e9 une r\u00e9sistance aux antibiotiques couramment utilis\u00e9s. Plusieurs doses de m\u00e9dicaments diff\u00e9rents peuvent \u00eatre n\u00e9cessaires pour \u00e9liminer l&rsquo;infection.<br>Vous pouvez toujours la transmettre jusqu&rsquo;\u00e0 14 jours apr\u00e8s la fin du traitement, \u00e9vitez donc les rapports sexuels non prot\u00e9g\u00e9s.<br>Le traitement du MG pour les personnes s\u00e9ropositives est le m\u00eame que pour les personnes s\u00e9ron\u00e9gatives.<\/p>\n\n\n\n<p><br><\/p>\n","protected":false},"excerpt":{"rendered":"<p>Informations sur la sant\u00e9 sexuelle concernant l&rsquo;infection \u00e0 Mycoplasma genitalium (la mani\u00e8re dont elle se transmet et comment \u00e9viter l&rsquo;infection).L&rsquo;infection \u00e0 Mycoplasma genitalium est \u00e9galement connue sous le nom de MG ou Mgen. C&rsquo;est une bact\u00e9rie sexuellement transmissible qui infecte les voies urinaires et g\u00e9nitales des hommes et des femmes.La MG peut provoquer une ur\u00e9trite non sp\u00e9cifique (NSU) chez les &#8230;<\/p>\n","protected":false},"author":6,"featured_media":0,"parent":0,"menu_order":0,"comment_status":"closed","ping_status":"closed","template":"","meta":{"footnotes":""},"class_list":["post-6270","page","type-page","status-publish","hentry","no-post-thumbnail"],"_links":{"self":[{"href":"https:\/\/refcheckpoint.gr\/fr\/wp-json\/wp\/v2\/pages\/6270","targetHints":{"allow":["GET"]}}],"collection":[{"href":"https:\/\/refcheckpoint.gr\/fr\/wp-json\/wp\/v2\/pages"}],"about":[{"href":"https:\/\/refcheckpoint.gr\/fr\/wp-json\/wp\/v2\/types\/page"}],"author":[{"embeddable":true,"href":"https:\/\/refcheckpoint.gr\/fr\/wp-json\/wp\/v2\/users\/6"}],"replies":[{"embeddable":true,"href":"https:\/\/refcheckpoint.gr\/fr\/wp-json\/wp\/v2\/comments?post=6270"}],"version-history":[{"count":0,"href":"https:\/\/refcheckpoint.gr\/fr\/wp-json\/wp\/v2\/pages\/6270\/revisions"}],"wp:attachment":[{"href":"https:\/\/refcheckpoint.gr\/fr\/wp-json\/wp\/v2\/media?parent=6270"}],"curies":[{"name":"wp","href":"https:\/\/api.w.org\/{rel}","templated":true}]}}