{"id":6408,"date":"2023-05-04T13:30:43","date_gmt":"2023-05-04T10:30:43","guid":{"rendered":"https:\/\/refcheckpoint.gr\/unprotected-sex-2\/"},"modified":"2023-05-04T13:33:15","modified_gmt":"2023-05-04T10:33:15","slug":"unprotected-sex-2","status":"publish","type":"page","link":"https:\/\/refcheckpoint.gr\/fr\/unprotected-sex-2\/","title":{"rendered":"Sexe non prot\u00e9g\u00e9"},"content":{"rendered":"\n<p>Le VIH peut \u00eatre transmis sexuellement par le sang ou le sperme si aucune protection n&rsquo;est utilis\u00e9e et que la personne s\u00e9ropositive n&rsquo;a pas une charge virale ind\u00e9tectable.<\/p>\n\n\n\n<p><br><strong>\u00c0 quel stade de l&rsquo;infection le VIH peut-il \u00eatre transmis?<br><\/strong>Si une personne atteinte de VIH prend des m\u00e9dicaments contre le VIH et a une charge virale ind\u00e9tectable, elle ne peut pas transmettre le virus. Cela peut prendre jusqu&rsquo;\u00e0 six mois de traitement pour devenir ind\u00e9tectable.<br>Une personne s\u00e9ropositive peut transmettre le virus si elle a une charge virale d\u00e9tectable.<br>Cela se produit souvent au cours des premiers mois suivant l&rsquo;infection, lorsque les niveaux de virus dans leurs fluides corporels sont \u00e0 leur plus haut niveau et qu&rsquo;ils n&rsquo;ont peut-\u00eatre pas encore \u00e9t\u00e9 diagnostiqu\u00e9s.<br>C&rsquo;est pourquoi les tests et le diagnostic pr\u00e9coce sont si importants : vous pouvez commencer un traitement imm\u00e9diatement pour prot\u00e9ger votre sant\u00e9 et r\u00e9duire votre charge virale \u00e0 des niveaux ind\u00e9tectables.<br>Si la personne s\u00e9ropositive a une charge virale d\u00e9tectable, le virus peut p\u00e9n\u00e9trer dans la circulation sanguine de la personne s\u00e9ron\u00e9gative. Cela peut se produire pendant les rapports sexuels vaginaux et anaux (et parfois en pratiquant le sexe oral aussi, bien que ce soit beaucoup moins courant).<br>Cela peut \u00e9galement arriver lorsqu&rsquo;un objet (par exemple, un jouet sexuel) contenant des fluides corporels est introduit \u00e0 l&rsquo;int\u00e9rieur d&rsquo;une personne s\u00e9ron\u00e9gative pendant les rapports sexuels.<\/p>\n\n\n\n<p><br><strong>Qu&rsquo;est-ce qu&rsquo;un rapport sexuel prot\u00e9g\u00e9?<br><\/strong>Les rapports sexuels prot\u00e9g\u00e9s impliquent l&rsquo;utilisation d&rsquo;un pr\u00e9servatif externe ou interne pendant les rapports sexuels si l&rsquo;un des partenaires a le VIH et une charge virale d\u00e9tectable.<br>Le traitement contre le VIH (y compris la PrEP) est \u00e9galement une forme de protection.<\/p>\n\n\n\n<p><br><strong>Comment le traitement anti-VIH emp\u00eache la transmission du VIH?<br><\/strong>&#8211; Une personne s\u00e9ropositive qui suit un traitement et qui a une charge virale ind\u00e9tectable ne peut pas transmettre le VIH. (N&rsquo;oubliez pas que cela peut parfois prendre jusqu&rsquo;\u00e0 six mois de traitement pour qu&rsquo;une personne devienne ind\u00e9tectable.)<br>&#8211; La prophylaxie pr\u00e9-exposition (PrEP) est un traitement m\u00e9dicamenteux anti-VIH pris par une personne s\u00e9ron\u00e9gative pour r\u00e9duire le risque d&rsquo;infection. Lorsqu&rsquo;elle est prise correctement, la PrEP r\u00e9duit consid\u00e9rablement les risques de devenir s\u00e9ropositif.<br>&#8211; et la prophylaxie post-exposition (PEP) constituent un traitement d&rsquo;un mois pris par une personne s\u00e9ron\u00e9gative contre le VIH apr\u00e8s une exposition possible (dans les 4 \u00e0 72 heures) pour r\u00e9duire le risque de contracter le VIH. Lorsqu&rsquo;elle est d\u00e9marr\u00e9 \u00e0 temps, la PPE peut arr\u00eater l&rsquo;infection par le VIH apr\u00e8s un rapport sexuel sans pr\u00e9servatif (ou une autre exposition) avec quelqu&rsquo;un qui a une charge virale d\u00e9tectable (mais cela ne fonctionne pas \u00e0 chaque fois).<\/p>\n","protected":false},"excerpt":{"rendered":"<p>Le VIH peut \u00eatre transmis sexuellement par le sang ou le sperme si aucune protection n&rsquo;est utilis\u00e9e et que la personne s\u00e9ropositive n&rsquo;a pas une charge virale ind\u00e9tectable. \u00c0 quel stade de l&rsquo;infection le VIH peut-il \u00eatre transmis?Si une personne atteinte de VIH prend des m\u00e9dicaments contre le VIH et a une charge virale ind\u00e9tectable, elle ne peut pas transmettre &#8230;<\/p>\n","protected":false},"author":6,"featured_media":0,"parent":0,"menu_order":0,"comment_status":"closed","ping_status":"closed","template":"","meta":{"footnotes":""},"class_list":["post-6408","page","type-page","status-publish","hentry","no-post-thumbnail"],"_links":{"self":[{"href":"https:\/\/refcheckpoint.gr\/fr\/wp-json\/wp\/v2\/pages\/6408","targetHints":{"allow":["GET"]}}],"collection":[{"href":"https:\/\/refcheckpoint.gr\/fr\/wp-json\/wp\/v2\/pages"}],"about":[{"href":"https:\/\/refcheckpoint.gr\/fr\/wp-json\/wp\/v2\/types\/page"}],"author":[{"embeddable":true,"href":"https:\/\/refcheckpoint.gr\/fr\/wp-json\/wp\/v2\/users\/6"}],"replies":[{"embeddable":true,"href":"https:\/\/refcheckpoint.gr\/fr\/wp-json\/wp\/v2\/comments?post=6408"}],"version-history":[{"count":1,"href":"https:\/\/refcheckpoint.gr\/fr\/wp-json\/wp\/v2\/pages\/6408\/revisions"}],"predecessor-version":[{"id":6410,"href":"https:\/\/refcheckpoint.gr\/fr\/wp-json\/wp\/v2\/pages\/6408\/revisions\/6410"}],"wp:attachment":[{"href":"https:\/\/refcheckpoint.gr\/fr\/wp-json\/wp\/v2\/media?parent=6408"}],"curies":[{"name":"wp","href":"https:\/\/api.w.org\/{rel}","templated":true}]}}