{"id":6419,"date":"2023-04-06T10:20:42","date_gmt":"2023-04-06T07:20:42","guid":{"rendered":"https:\/\/refcheckpoint.gr\/molluscum\/"},"modified":"2023-05-04T13:42:08","modified_gmt":"2023-05-04T10:42:08","slug":"molluscum","status":"publish","type":"page","link":"https:\/\/refcheckpoint.gr\/fr\/molluscum\/","title":{"rendered":"Molluscum"},"content":{"rendered":"\n<p>Informations sur la sant\u00e9 sexuelle concernant les sympt\u00f4mes du molluscum, la mani\u00e8re dont il se transmet, combien de temps dure l&rsquo;infection et comment elle est trait\u00e9e.<br>Le molluscum est une infection virale de la peau caus\u00e9e par le virus molluscum contagiosum. Il se propage par contact physique \u00e9troit, y compris le contact sexuel.<br>Il peut \u00e9galement \u00eatre transmis en partageant des objets comme des serviettes ou des gants de toilette.<\/p>\n\n\n\n<p><strong>Sympt\u00f4mes du molluscum<br><\/strong>&#8211; Des boutons roses ou rouges et indolores qui peuvent provoquer des d\u00e9mangeaisons sont le seul sympt\u00f4me du virus.<br>&#8211; Les boutons peuvent avoir une petite t\u00eate blanche ou jaune et pr\u00e9senter un aspect nacr\u00e9. Ils ont g\u00e9n\u00e9ralement une largeur de 2 \u00e0 5 mm.<br>&#8211; Ne jamais presser les boutons. La substance qu&rsquo;ils contiennent est tr\u00e8s contagieuse, donc les presser pourrait propager l&rsquo;infection \u00e0 d&rsquo;autres parties de votre corps.<br>&#8211; Si vous avez attrap\u00e9 des molluscum sexuellement, vous risquez d&rsquo;avoir des boutons autour de l&rsquo;entrejambe, de la r\u00e9gion g\u00e9nitale, du bas-ventre, des fesses et du haut des cuisses.<br>&#8211; Les boutons disparaissent g\u00e9n\u00e9ralement au bout d\u2019entre 6 et 18 mois environ.<\/p>\n\n\n\n<p><strong>Comment se fait la transmission?<br><\/strong>Le molluscum se transmet par contact physique \u00e9troit ou en partageant quelque chose comme une serviette contamin\u00e9e.<br>Il est particuli\u00e8rement fr\u00e9quent chez les personnes dont le syst\u00e8me immunitaire est affaibli, y compris les personnes atteintes du VIH qui ont un tr\u00e8s faible compte de CD4.<br>Le molluscum peut se propager par contact sexuel ; cela signifie tout type d&rsquo;activit\u00e9 sexuelle, y compris les rapports sexuels.<br>L&rsquo;utilisation d&rsquo;un pr\u00e9servatif pendant les rapports sexuels r\u00e9duira le risque de le transmettre, mais cela reste toujours possible car les molluscum peuvent \u00eatre transf\u00e9r\u00e9s par contact cutan\u00e9 \u00e9troit.<br>Si vous contractez le molluscum, vous \u00eates consid\u00e9r\u00e9 comme contagieux jusqu&rsquo;\u00e0 ce que le dernier bouton ait compl\u00e8tement gu\u00e9ri.<\/p>\n\n\n\n<p><strong>Tests et traitement des molluscum<br><\/strong>Une infirmi\u00e8re ou un m\u00e9decin peut diagnostiquer le molluscum en regardant les boutons. On cas d&rsquo;incertitude quant au diagnostic, on peut pr\u00e9lever un \u00e9chantillon de peau (biopsie) et le tester pour le virus.<br>L&rsquo;infection dispara\u00eet g\u00e9n\u00e9ralement sans traitement au bout d\u2019entre 6 et 18 mois. Toutefois, si vous avez le VIH avec un tr\u00e8s faible compte de CD4, l&rsquo;infection peut prendre plus de temps \u00e0 dispara\u00eetre.<br>Dans certains cas, un m\u00e9decin ou une infirmi\u00e8re peut prescrire un traitement pour essayer d&rsquo;\u00e9liminer les molluscum plus rapidement, surtout si les boutons affectent votre qualit\u00e9 de vie ou si vous avez le VIH. Toutefois, certains traitements peuvent avoir des effets secondaires.<\/p>\n","protected":false},"excerpt":{"rendered":"<p>Informations sur la sant\u00e9 sexuelle concernant les sympt\u00f4mes du molluscum, la mani\u00e8re dont il se transmet, combien de temps dure l&rsquo;infection et comment elle est trait\u00e9e.Le molluscum est une infection virale de la peau caus\u00e9e par le virus molluscum contagiosum. Il se propage par contact physique \u00e9troit, y compris le contact sexuel.Il peut \u00e9galement \u00eatre transmis en partageant des objets &#8230;<\/p>\n","protected":false},"author":6,"featured_media":0,"parent":0,"menu_order":0,"comment_status":"closed","ping_status":"closed","template":"","meta":{"footnotes":""},"class_list":["post-6419","page","type-page","status-publish","hentry","no-post-thumbnail"],"_links":{"self":[{"href":"https:\/\/refcheckpoint.gr\/fr\/wp-json\/wp\/v2\/pages\/6419","targetHints":{"allow":["GET"]}}],"collection":[{"href":"https:\/\/refcheckpoint.gr\/fr\/wp-json\/wp\/v2\/pages"}],"about":[{"href":"https:\/\/refcheckpoint.gr\/fr\/wp-json\/wp\/v2\/types\/page"}],"author":[{"embeddable":true,"href":"https:\/\/refcheckpoint.gr\/fr\/wp-json\/wp\/v2\/users\/6"}],"replies":[{"embeddable":true,"href":"https:\/\/refcheckpoint.gr\/fr\/wp-json\/wp\/v2\/comments?post=6419"}],"version-history":[{"count":1,"href":"https:\/\/refcheckpoint.gr\/fr\/wp-json\/wp\/v2\/pages\/6419\/revisions"}],"predecessor-version":[{"id":6421,"href":"https:\/\/refcheckpoint.gr\/fr\/wp-json\/wp\/v2\/pages\/6419\/revisions\/6421"}],"wp:attachment":[{"href":"https:\/\/refcheckpoint.gr\/fr\/wp-json\/wp\/v2\/media?parent=6419"}],"curies":[{"name":"wp","href":"https:\/\/api.w.org\/{rel}","templated":true}]}}