{"id":6422,"date":"2023-04-06T10:24:46","date_gmt":"2023-04-06T07:24:46","guid":{"rendered":"https:\/\/refcheckpoint.gr\/public-lice\/"},"modified":"2023-05-04T13:50:58","modified_gmt":"2023-05-04T10:50:58","slug":"public-lice","status":"publish","type":"page","link":"https:\/\/refcheckpoint.gr\/fr\/public-lice\/","title":{"rendered":"Poux du pubis"},"content":{"rendered":"\n<p>Informations sur la sant\u00e9 sexuelle concernant les poux du pubis (\u00e9galement appel\u00e9s morpions), leur mode de transmission, les sympt\u00f4mes et leur traitement.<\/p>\n\n\n\n<p><br>Les poux du pubis (souvent appel\u00e9s \u00ab morpions \u00bb) sont tr\u00e8s courants. Ce sont de minuscules insectes en forme de crabe de la taille d&rsquo;une t\u00eate d&rsquo;\u00e9pingle \u00e0 maturit\u00e9. Ils provoquent g\u00e9n\u00e9ralement des d\u00e9mangeaisons, surtout la nuit. Vous pouvez acheter un traitement pour vous d\u00e9barrasser des poux du pubis en pharmacie sans ordonnance.<br>Il est facile de les attraper. Ils vivent sur les poils et se nourrissent de sang, mais ils ne peuvent pas transmettre le VIH.<br>Ils vivent sur les poils pubiens et des aisselles, les jambes et la poitrine velues et parfois dans les sourcils ou les poils du visage, mais pas dans les cheveux de la t\u00eate.<\/p>\n\n\n\n<p><strong>Sympt\u00f4mes des poux du pubis<br><\/strong>Il est possible d&rsquo;avoir des poux du pubis sans s&rsquo;en apercevoir, mais vous aurez g\u00e9n\u00e9ralement les sympt\u00f4mes suivants plusieurs semaines apr\u00e8s avoir contract\u00e9 des poux du pubis:<br>&#8211; d\u00e9mangeaisons dans les zones touch\u00e9es (elles peuvent \u00eatre intenses et g\u00e9n\u00e9ralement pires la nuit)<br>&#8211; peau irrit\u00e9e (possiblement \u00e0 cause du grattage)<br>&#8211; taches de sang sur la peau o\u00f9 vous avez \u00e9t\u00e9 mordu par des poux<br>&#8211; taches bleues sur la peau<br>&#8211; poudre noire dans vos sous-v\u00eatements, caus\u00e9e par les excr\u00e9ments de poux.<br>Vous pourrez \u00e9galement voir les poux et leurs \u0153ufs (lentes), qui ressemblent \u00e0 des points bruns.<\/p>\n\n\n\n<p><strong>Comment ils sont transmis?<br><\/strong>Les poux du pubis se d\u00e9placent en rampant de poil en poil (ils ne peuvent ni voler ni sauter). Le contact corporel pendant les rapports sexuels est le mode de transmission le plus courant des poux du pubis. Toutefois, si une personne a des poux du pubis, cela ne signifie pas toujours que ceux-ci lui ont \u00e9t\u00e9 transmis de cette fa\u00e7on.<br>Les poux du pubis peuvent \u00e9galement \u00eatre transmis par contact corporel \u00e9troit, comme les \u00e9treintes et les baisers.<br>Ils peuvent se propager sur les serviettes, v\u00eatements, si\u00e8ges de toilette et la literie (bien que ce ne soit pas courant). Parce qu&rsquo;ils ont besoin de sang humain pour survivre, ils ne quitteront un corps que pour passer d&rsquo;une personne \u00e0 une autre.<br>Malheureusement, l&rsquo;utilisation de pr\u00e9servatifs et d&rsquo;autres formes de contraception ne vous prot\u00e9gera pas contre les poux du pubis.<br>Si vous les attrapez, vous pouvez les emp\u00eacher de se propager aux autres en :<br>&#8211; lavant la literie, les serviettes et les v\u00eatements \u00e0 haute temp\u00e9rature (au-dessus de 60\u00b0C), ce qui tuera les morpions et leurs \u0153ufs.<br>&#8211; Assurez-vous que toute personne avec qui vous avez \u00e9t\u00e9 en contact \u00e9troit est trait\u00e9e. Cela inclut les partenaires sexuels des trois derniers mois et tous les membres de votre m\u00e9nage.<\/p>\n\n\n\n<p><strong>Traitement contre les poux du pubis<br><\/strong>Vous n&rsquo;avez pas besoin de vous rendre dans une clinique ou de consulter un m\u00e9decin, m\u00eame si vous pouvez envisager un examen complet de la sant\u00e9 sexuelle. Vous n&rsquo;avez pas besoin d&rsquo;ordonnance.<br>Vous pouvez vous traiter \u00e0 la maison avec une cr\u00e8me, une lotion ou un shampoing insecticide comme le Lyclear, achet\u00e9 en pharmacie.<br>Suivez attentivement les instructions de traitement sur l&#8217;emballage et demandez \u00e0 votre pharmacien, m\u00e9decin ou infirmier\/\u00e8re si vous ne savez pas quoi faire.<br>&#8211; Dans la plupart des cas, le traitement est appliqu\u00e9 sur la zone touch\u00e9e, ainsi que sur d&rsquo;autres zones velues du corps. Certains traitements doivent \u00eatre appliqu\u00e9s sur tout le corps.<br>&#8211; On peut rincer certains produits apr\u00e8s 10-15 minutes, tandis que d&rsquo;autres restent plus longtemps.<br>&#8211; Habituellement, on doit r\u00e9p\u00e9ter les traitements apr\u00e8s 3 \u00e0 7 jours.<br>&#8211; Veillez \u00e0 ne pas mettre le traitement dans vos yeux.<br>&#8211; Parlez-en \u00e0 votre m\u00e9decin ou votre pharmacien si le traitement ne fonctionne pas la premi\u00e8re fois.<br>Si vous avez des poux du pubis dans vos cils, vous devez consulter un m\u00e9decin pour obtenir le traitement appropri\u00e9.<br>Le rasage des poils pubiens ne fera pas dispara\u00eetre les morpions.<\/p>\n\n\n\n<p><strong>Puis-je continuer d\u2019avoir des rapports sexuels?<br><\/strong>\u00c9vitez les rapports sexuels ou les contacts \u00e9troits jusqu&rsquo;\u00e0 ce que vous et votre partenaire aurez termin\u00e9 votre traitement.<\/p>\n","protected":false},"excerpt":{"rendered":"<p>Informations sur la sant\u00e9 sexuelle concernant les poux du pubis (\u00e9galement appel\u00e9s morpions), leur mode de transmission, les sympt\u00f4mes et leur traitement. Les poux du pubis (souvent appel\u00e9s \u00ab morpions \u00bb) sont tr\u00e8s courants. Ce sont de minuscules insectes en forme de crabe de la taille d&rsquo;une t\u00eate d&rsquo;\u00e9pingle \u00e0 maturit\u00e9. Ils provoquent g\u00e9n\u00e9ralement des d\u00e9mangeaisons, surtout la nuit. Vous &#8230;<\/p>\n","protected":false},"author":6,"featured_media":0,"parent":0,"menu_order":0,"comment_status":"closed","ping_status":"closed","template":"","meta":{"footnotes":""},"class_list":["post-6422","page","type-page","status-publish","hentry","no-post-thumbnail"],"_links":{"self":[{"href":"https:\/\/refcheckpoint.gr\/fr\/wp-json\/wp\/v2\/pages\/6422","targetHints":{"allow":["GET"]}}],"collection":[{"href":"https:\/\/refcheckpoint.gr\/fr\/wp-json\/wp\/v2\/pages"}],"about":[{"href":"https:\/\/refcheckpoint.gr\/fr\/wp-json\/wp\/v2\/types\/page"}],"author":[{"embeddable":true,"href":"https:\/\/refcheckpoint.gr\/fr\/wp-json\/wp\/v2\/users\/6"}],"replies":[{"embeddable":true,"href":"https:\/\/refcheckpoint.gr\/fr\/wp-json\/wp\/v2\/comments?post=6422"}],"version-history":[{"count":3,"href":"https:\/\/refcheckpoint.gr\/fr\/wp-json\/wp\/v2\/pages\/6422\/revisions"}],"predecessor-version":[{"id":6430,"href":"https:\/\/refcheckpoint.gr\/fr\/wp-json\/wp\/v2\/pages\/6422\/revisions\/6430"}],"wp:attachment":[{"href":"https:\/\/refcheckpoint.gr\/fr\/wp-json\/wp\/v2\/media?parent=6422"}],"curies":[{"name":"wp","href":"https:\/\/api.w.org\/{rel}","templated":true}]}}