{"id":6432,"date":"2023-04-06T10:27:27","date_gmt":"2023-04-06T07:27:27","guid":{"rendered":"https:\/\/refcheckpoint.gr\/shigella\/"},"modified":"2023-05-04T13:56:15","modified_gmt":"2023-05-04T10:56:15","slug":"shigella","status":"publish","type":"page","link":"https:\/\/refcheckpoint.gr\/fr\/shigella\/","title":{"rendered":"Shigella"},"content":{"rendered":"\n<p>Shigella est un type de bact\u00e9rie qui provoque de graves troubles gastriques. L&rsquo;infection peut \u00eatre trait\u00e9e avec une cure d&rsquo;antibiotiques. Elle se transmet par les selles infect\u00e9es (caca), soit sexuellement, ou par des aliments contamin\u00e9s.<\/p>\n\n\n\n<p><strong>Sympt\u00f4mes de la shigellose<br><\/strong>Certaines personnes ne pr\u00e9sentent aucun sympt\u00f4me.<br>On peut avoir de la diarrh\u00e9e et des crampes d&rsquo;estomac. On peut avoir \u00e9galement de la fi\u00e8vre, se sentir naus\u00e9eux ou vomir.<br>Dans les cas plus graves, la diarrh\u00e9e peut \u00eatre s\u00e9v\u00e8re et contenir du sang ou du mucus (on parle \u00e9galement de \u00ab dysenterie \u00bb).<br>Les sympt\u00f4mes commencent g\u00e9n\u00e9ralement un jour ou deux apr\u00e8s l&rsquo;infection et durent jusqu&rsquo;\u00e0 une semaine.<\/p>\n\n\n\n<p><strong>Que dois-je faire si je pense avoir la shigellose?<br><\/strong>Demandez un avis m\u00e9dical en vous rendant chez votre m\u00e9decin g\u00e9n\u00e9raliste ou dans un h\u00f4pital pour maladies cutan\u00e9es et v\u00e9n\u00e9riennes. Dites-leur que vous avez peut-\u00eatre contract\u00e9 une infection de l&rsquo;estomac lors d&rsquo;un rapport sexuel, peut-\u00eatre la shigellose. De cette fa\u00e7on, ils sauront quels tests vous faire passer.<br>Toute personne souffrant d&rsquo;une mauvaise diarrh\u00e9e doit :<\/p>\n\n\n\n<ol class=\"wp-block-list\">\n<li>Se faire tester<br>Si votre test de d\u00e9pistage \u00e0 la shigellose est positif, vous ne pourrez pas retourner au travail tant qu&rsquo;un professionnel de la sant\u00e9 ne vous y aura pas autoris\u00e9.<\/li>\n\n\n\n<li>Se laver les mains fr\u00e9quemment<br>Vous pouvez \u00eatre contagieux jusqu&rsquo;\u00e0 un mois. Lavez-vous donc les mains avec du savon et de l&rsquo;eau ti\u00e8de apr\u00e8s \u00eatre all\u00e9 aux toilettes et avant de toucher \u00e0 la nourriture.<br>Ne pr\u00e9parez pas de nourriture pour les autres pendant que vous \u00eates malade ou pendant une semaine apr\u00e8s l&rsquo;arr\u00eat des sympt\u00f4mes.<br>Lavez vos v\u00eatements, votre literie et vos serviettes au r\u00e9glage le plus \u00e9lev\u00e9 de la machine \u00e0 laver.<br>Utilisez de l&rsquo;eau chaude savonneuse pour nettoyer tr\u00e8s souvent les robinets, poign\u00e9es de porte, chasse d&rsquo;eau et lunette des toilettes \u00e0 la maison.<\/li>\n\n\n\n<li>\u00c9vitez :<br>&#8211; Tout rapport sexuel, jusqu&rsquo;\u00e0 une semaine apr\u00e8s l&rsquo;arr\u00eat des sympt\u00f4mes.<br>&#8211; Le partage des serviettes. Utilisez des serviettes s\u00e9par\u00e9es \u00e0 la maison.<br>&#8211; Jacuzzis\/bains \u00e0 remous\/spas. Vous pourriez contaminer et infecter les autres.<\/li>\n<\/ol>\n\n\n\n<p><strong>Comment se transmet la shigellose?<br><\/strong>La shigellose est caus\u00e9e par des bact\u00e9ries pr\u00e9sentes dans les selles (caca). Il suffit qu\u2019une infime quantit\u00e9 entre dans votre bouche pour transmettre la maladie, par exemple \u00e0 partir de vos doigts.<br>Elle est souvent caus\u00e9e par des aliments contamin\u00e9s, mais elle peut aussi \u00eatre transmise sexuellement.<br>Les rapports sexuels pouvant impliquer un contact avec des mati\u00e8res f\u00e9cales sont \u00e0 risque. Cela inclut le sexe anal, le fisting, la manipulation d&rsquo;un pr\u00e9servatif ou d&rsquo;un gadget sexuel utilis\u00e9 pour le sexe anal, le sexe oral apr\u00e8s le sexe anal, le doigt\u00e9 du derri\u00e8re de votre partenaire ou l&rsquo;anulingus.<br>Une personne atteinte de shigellose peut \u00eatre contagieuse jusqu&rsquo;\u00e0 un mois.<\/p>\n\n\n\n<p><strong>Tests et traitement de la shigellose<br><\/strong>L&rsquo;infection peut \u00eatre gu\u00e9rie avec des antibiotiques, mais tout le monde n&rsquo;en aura pas besoin. Boire des liquides vous emp\u00eachera de perdre trop d&rsquo;eau.<\/p>\n\n\n\n<p><strong>Comment r\u00e9duire le risque de transmission pendant les rapports sexuels?<br><\/strong>&#8211; Lavez-vous les mains pendant ou apr\u00e8s les rapports sexuels, en particulier si vous pratiquez l\u2019anulingus, le doigt\u00e9 du derri\u00e8re de votre partenaire ou si vous manipulez des pr\u00e9servatifs ou des gadgets sexuels usag\u00e9s. Mieux encore, prenez une douche.<br>&#8211; Portez des pr\u00e9servatifs pour le sexe anal.<br>&#8211; Les gants en latex offrent une protection en cas de doigt\u00e9 ou de fisting.<br>&#8211; Pour une protection barri\u00e8re lors de l\u2019anulingus, coupez un pr\u00e9servatif en carr\u00e9.<br>&#8211; Ne partagez pas de jouets sexuels ni d&rsquo;\u00e9quipement de douche vaginale.<br>&#8211; La peau des fesses et d\u2019autour de celles-ci, ou celle de l&rsquo;entrejambe, peut \u00eatre porteuse de bact\u00e9ries : \u00e9vitez donc de l\u00e9cher ces zones.<br>&#8211; Prendre une douche apr\u00e8s le sexe est encore mieux qu&rsquo;un lavage partiel.<\/p>\n","protected":false},"excerpt":{"rendered":"<p>Shigella est un type de bact\u00e9rie qui provoque de graves troubles gastriques. L&rsquo;infection peut \u00eatre trait\u00e9e avec une cure d&rsquo;antibiotiques. Elle se transmet par les selles infect\u00e9es (caca), soit sexuellement, ou par des aliments contamin\u00e9s. Sympt\u00f4mes de la shigelloseCertaines personnes ne pr\u00e9sentent aucun sympt\u00f4me.On peut avoir de la diarrh\u00e9e et des crampes d&rsquo;estomac. On peut avoir \u00e9galement de la fi\u00e8vre, &#8230;<\/p>\n","protected":false},"author":6,"featured_media":0,"parent":0,"menu_order":0,"comment_status":"closed","ping_status":"closed","template":"","meta":{"footnotes":""},"class_list":["post-6432","page","type-page","status-publish","hentry","no-post-thumbnail"],"_links":{"self":[{"href":"https:\/\/refcheckpoint.gr\/fr\/wp-json\/wp\/v2\/pages\/6432","targetHints":{"allow":["GET"]}}],"collection":[{"href":"https:\/\/refcheckpoint.gr\/fr\/wp-json\/wp\/v2\/pages"}],"about":[{"href":"https:\/\/refcheckpoint.gr\/fr\/wp-json\/wp\/v2\/types\/page"}],"author":[{"embeddable":true,"href":"https:\/\/refcheckpoint.gr\/fr\/wp-json\/wp\/v2\/users\/6"}],"replies":[{"embeddable":true,"href":"https:\/\/refcheckpoint.gr\/fr\/wp-json\/wp\/v2\/comments?post=6432"}],"version-history":[{"count":2,"href":"https:\/\/refcheckpoint.gr\/fr\/wp-json\/wp\/v2\/pages\/6432\/revisions"}],"predecessor-version":[{"id":6434,"href":"https:\/\/refcheckpoint.gr\/fr\/wp-json\/wp\/v2\/pages\/6432\/revisions\/6434"}],"wp:attachment":[{"href":"https:\/\/refcheckpoint.gr\/fr\/wp-json\/wp\/v2\/media?parent=6432"}],"curies":[{"name":"wp","href":"https:\/\/api.w.org\/{rel}","templated":true}]}}