{"id":5811,"date":"2022-11-08T19:39:11","date_gmt":"2022-11-08T17:39:11","guid":{"rendered":"https:\/\/refcheckpoint.gr\/main\/"},"modified":"2023-01-24T13:36:17","modified_gmt":"2023-01-24T11:36:17","slug":"main","status":"publish","type":"page","link":"https:\/\/refcheckpoint.gr\/pt-pt\/","title":{"rendered":"Main"},"content":{"rendered":"\n<h2 class=\"wp-block-heading\">Centro de Preven\u00e7\u00e3o e Testes para os Refugiados e Migrantes<\/h2>\n\n\n\n<h3 class=\"wp-block-heading\">Testes r\u00e1pidos, an\u00f4nimos e gratuitos para VIH e hepatite B e C no seu idioma.<\/h3>\n\n\n\n<p>Aqui voc\u00ea pode fazer um teste r\u00e1pido, confidencial e gratuito da ponta do dedo para HIV e Hepatite B e C e discutir educa\u00e7\u00e3o sexual e quest\u00f5es de sa\u00fade conosco. Estamos aqui para ajud\u00e1-lo a se sentir confiante e informado sobre sua sa\u00fade sexual, sem coment\u00e1rios. <\/p>\n\n\n\n<p><strong>Endere\u00e7o:<\/strong> <a href=\"https:\/\/www.google.gr\/maps\/place\/Michail+Voda+200,+Athina+104+46\/@38.0034514,23.7246628,17z\/data=!3m1!4b1!4m6!3m5!1s0x14a1a2daa93734fd:0x3121197569bcda97!8m2!3d38.0034514!4d23.7268515!16s%2Fg%2F11c2dn5gk9?hl=en\">Michail Voda 200, 104 46, Athens<\/a><\/p>\n","protected":false},"excerpt":{"rendered":"<p>Centro de Preven\u00e7\u00e3o e Testes para os Refugiados e Migrantes Testes r\u00e1pidos, an\u00f4nimos e gratuitos para VIH e hepatite B e C no seu idioma. Aqui voc\u00ea pode fazer um teste r\u00e1pido, confidencial e gratuito da ponta do dedo para HIV e Hepatite B e C e discutir educa\u00e7\u00e3o sexual e quest\u00f5es de sa\u00fade conosco. Estamos aqui para ajud\u00e1-lo a &#8230;<\/p>\n","protected":false},"author":1,"featured_media":0,"parent":0,"menu_order":0,"comment_status":"closed","ping_status":"closed","template":"","meta":{"footnotes":""},"class_list":["post-5811","page","type-page","status-publish","hentry","no-post-thumbnail"],"_links":{"self":[{"href":"https:\/\/refcheckpoint.gr\/pt-pt\/wp-json\/wp\/v2\/pages\/5811","targetHints":{"allow":["GET"]}}],"collection":[{"href":"https:\/\/refcheckpoint.gr\/pt-pt\/wp-json\/wp\/v2\/pages"}],"about":[{"href":"https:\/\/refcheckpoint.gr\/pt-pt\/wp-json\/wp\/v2\/types\/page"}],"author":[{"embeddable":true,"href":"https:\/\/refcheckpoint.gr\/pt-pt\/wp-json\/wp\/v2\/users\/1"}],"replies":[{"embeddable":true,"href":"https:\/\/refcheckpoint.gr\/pt-pt\/wp-json\/wp\/v2\/comments?post=5811"}],"version-history":[{"count":0,"href":"https:\/\/refcheckpoint.gr\/pt-pt\/wp-json\/wp\/v2\/pages\/5811\/revisions"}],"wp:attachment":[{"href":"https:\/\/refcheckpoint.gr\/pt-pt\/wp-json\/wp\/v2\/media?parent=5811"}],"curies":[{"name":"wp","href":"https:\/\/api.w.org\/{rel}","templated":true}]}}