{"id":5924,"date":"2022-11-21T18:29:19","date_gmt":"2022-11-21T16:29:19","guid":{"rendered":"https:\/\/refcheckpoint.gr\/information\/"},"modified":"2022-12-09T20:25:51","modified_gmt":"2022-12-09T18:25:51","slug":"information","status":"publish","type":"page","link":"https:\/\/refcheckpoint.gr\/pt-pt\/information\/","title":{"rendered":"Information"},"content":{"rendered":"\n<p>O hor\u00e1rio de funcionamento do centro na data escolhida \u00e9:<\/p>\n<ul class=\"opening-hours\">\r\n\t<li class=\"day ter--a-feira past weekday\"><span class=\"day-name\">Ter\u00e7a-feira:<\/span> <span class=\"hours\">16:00 \u2013 20:00<\/span><\/li>\r\n\t<li class=\"day quinta-feira tomorrow future weekday\"><span class=\"day-name\">Quinta-feira:<\/span> <span class=\"hours\">16:00 \u2013 20:00<\/span><\/li>\r\n\t<li class=\"day sexta-feira future weekday\"><span class=\"day-name\">Sexta-feira:<\/span> <span class=\"hours\">16:00 \u2013 20:00<\/span><\/li>\r\n<\/ul>\r\n\n\n<div style=\"height:80px\" aria-hidden=\"true\" class=\"wp-block-spacer\"><\/div>\n\n<hr class=\"wp-block-separator has-alpha-channel-opacity is-style-wide\"\/>\n\n<p>O teste em seu idioma pode ser feito nesta data. Se voc\u00ea quiser ver os hor\u00e1rios para outros idiomas, escolha o idioma correspondente no menu <\/p>\n<div class=\"mec-wrap mec-skin-list-container  \" id=\"mec_skin_5843\">\r\n\r\n    \r\n        <div class=\"mec-skin-list-events-container\" id=\"mec_skin_events_5843\">\r\n        No event found!    <\/div>\r\n    \r\n    \r\n<\/div>\r\n\n","protected":false},"excerpt":{"rendered":"<p>O hor\u00e1rio de funcionamento do centro na data escolhida \u00e9: O teste em seu idioma pode ser feito nesta data. Se voc\u00ea quiser ver os hor\u00e1rios para outros idiomas, escolha o idioma correspondente no menu<\/p>\n","protected":false},"author":1,"featured_media":0,"parent":0,"menu_order":0,"comment_status":"closed","ping_status":"closed","template":"template-blank-1.php","meta":{"footnotes":""},"class_list":["post-5924","page","type-page","status-publish","hentry","no-post-thumbnail"],"_links":{"self":[{"href":"https:\/\/refcheckpoint.gr\/pt-pt\/wp-json\/wp\/v2\/pages\/5924","targetHints":{"allow":["GET"]}}],"collection":[{"href":"https:\/\/refcheckpoint.gr\/pt-pt\/wp-json\/wp\/v2\/pages"}],"about":[{"href":"https:\/\/refcheckpoint.gr\/pt-pt\/wp-json\/wp\/v2\/types\/page"}],"author":[{"embeddable":true,"href":"https:\/\/refcheckpoint.gr\/pt-pt\/wp-json\/wp\/v2\/users\/1"}],"replies":[{"embeddable":true,"href":"https:\/\/refcheckpoint.gr\/pt-pt\/wp-json\/wp\/v2\/comments?post=5924"}],"version-history":[{"count":0,"href":"https:\/\/refcheckpoint.gr\/pt-pt\/wp-json\/wp\/v2\/pages\/5924\/revisions"}],"wp:attachment":[{"href":"https:\/\/refcheckpoint.gr\/pt-pt\/wp-json\/wp\/v2\/media?parent=5924"}],"curies":[{"name":"wp","href":"https:\/\/api.w.org\/{rel}","templated":true}]}}